{"id":9557,"date":"2011-05-01T16:17:22","date_gmt":"2011-05-01T14:17:22","guid":{"rendered":"http:\/\/www.andreas-edler.de\/blog\/?page_id=9557"},"modified":"2023-10-27T10:53:18","modified_gmt":"2023-10-27T08:53:18","slug":"familienausflug-zur-muehle-grossenheerse","status":"publish","type":"page","link":"https:\/\/www.andreas-edler.de\/blog\/radtouren\/familienausflug-zur-muehle-grossenheerse\/","title":{"rendered":"Familienausflug zur M\u00fchle Gro\u00dfenheerse &#8211; 2011"},"content":{"rendered":"<h3>Zur M\u00fchle Gro\u00dfenheerse und zur\u00fcck &#8230; 27. und 28.04.2011<\/h3>\n<div class=\"info\">\n<h4>Eckdaten<\/h4>\n<h4>Fahrrad Andreas:<\/h4>\n<ul>\n<li>Scott Purgatory, Schwalbe Land Cruiser, Sattel Selle Italia Explorer, LX-Altus-Deore Mischmasch<\/li>\n<li>mit Gep\u00e4ck 30 Kg<\/li>\n<\/ul>\n<h4>Fahrrad Alex:<\/h4>\n<ul>\n<li>ewig altes KTM-Damenfahrrad mit Brooks-Sattel und 7-Gang Shimano Nabenschaltung<\/li>\n<\/ul>\n<h4>Fahrrad Tim:<\/h4>\n<ul>\n<li>Raleigh, 26er Kinderrad mit 7-Gang Shimano-Nabenschaltung<\/li>\n<\/ul>\n<hr>\n<h4>Die Tour:<\/h4>\n<ul>\n<li>Mittwoch:<br \/>\n            Ab. BO: 8:30 Uhr<br \/>\n            An. M\u00fchlencaf\u00e9: 16:50 Uhr<br \/>\n            Strecke: 38,6 Km<br \/>\n            Schnitt: 12,3 Km\/h<br \/>\n            Fahrtzeit: 3h 07m 45s<br \/>\n            max.: 24,8 Km\/h<br \/>\n            H\u00f6henmeter: 69<\/li>\n<li>Donnerstag:<br \/>\n            Ab. M\u00fchlencaf\u00e9: 09:35 Uhr<br \/>\n            An. IBIS\/Bremen: 14:55 Uhr<br \/>\n            Strecke: 39,0 Km<br \/>\n            Schnitt: 13,2 Km\/h<br \/>\n            Fahrtzeit: 2h 57m 44s<br \/>\n            max.: 27,3 Km\/h<br \/>\n            H\u00f6henmeter: 75<\/li>\n<\/ul><\/div>\n<p>Nach Ostern haben wir uns eine Woche Urlaub geg\u00f6nnt und in diesem den ersten Kurzausflug mit dem Rad und der ganzen Familie geplant. <a href=\"http:\/\/www.andreas-edler.de\/blog\/radtouren\/weserradweg\/weserradweg-04-05-2005\/\">Ich war damals ganz angetan von der \u00dcbernachtung<\/a> im <a href=\"http:\/\/www.windmuehlegrossenheerse.de\/\">M\u00fchlencaf\u00e9 Gro\u00dfenheerse<\/a> und hatte Alex so sehr davon vorgeschw\u00e4rmt, dass sie auch unbedingt dort hin wollte.<\/p>\n<p>Und der kleine Junge f\u00e4hrt neuerdings auch halbwegs gerne mit dem Rad. Da haben wir ihn in den letzten Wochen richtig hei\u00df gemacht und kleinere Runden ge\u00fcbt. 20 Kilometer nach Porta und zur\u00fcck in 1 1\/2 Stunden mit Pausen ist inzwischen kein Problem, da sollte auch die doppelte Strecke an einem Tag und mit Halt an jedem Kirchturm zu schaffen sein.<\/p>\n<p>Ich habe schicke Packtaschen von Vaude, f\u00fcr Alex&#8216; Rad habe ich mir von meinem Vater Taschen ausgeliehen, die ich ihm mal aus dem Aldi oder Lidl besorgt hatte und Tim bekam von einem Freund ein Paar f\u00fcr den Gep\u00e4cktr\u00e4ger. Und nat\u00fcrlich waren alle 6 Taschen picke-packe voll. Ist klar, man hat immer viel zu viel mit. Und das obwohl ich versucht habe, mich einzuschr\u00e4nken.<\/p>\n<p>Nur braucht man ja nun mindestens einen Satz Klamotten f\u00fcr Abends &#8211; wenn man nicht in den staubigen Radklamotten essen m\u00f6chte. Bisschen was zum Wechseln, wei\u00df man wie das Wetter wird, und nat\u00fcrlich noch etwas Proviant. Vor allen Dingen Getr\u00e4nke.<\/p>\n<p>Mittwochmorgen um ca. halb 9 haben wir dann alles an die Drahtesel geh\u00e4ngt, und uns auf die laaaange Reise gemacht.<\/p>\n<p>Tats\u00e4chlich war die erste Minirast schon nach 2 Kilometern auf dem Alten Postweg. Schnell einen Schluck trinken, die Hose richten und weiter bis zur Porta-Westfalica. Unter der Br\u00fccke durch und schon war der Nachwuchs weiter mit dem Rad von zu Hause weg, als je zuvor. Das musste erstmal genossen werden. <\/p>\n<p style=\"text-align:center;font-size: smaller;\"><img decoding=\"async\" src=\"http:\/\/www.andreas-edler.de\/grafik\/blog_2011\/20110427-28_muehle_grossenheerse\/20110427_01_abfahrt.jpg\" width=\"470\" border=\"0\" alt=\"\" title=\"\"><\/p>\n<p> Gegen 10 Uhr erreichten wir dann schon recht hungrig &#8211; wir sind ohne Fr\u00fchst\u00fcck los ged\u00fcst &#8211; die Schiffm\u00fchle in Minden.  <\/p>\n<p style=\"text-align:center;font-size: smaller;\"><img decoding=\"async\" src=\"http:\/\/www.andreas-edler.de\/grafik\/blog_2011\/20110427-28_muehle_grossenheerse\/20110427_02_spielplatz_porta.jpg\" width=\"470\" border=\"0\" alt=\"\" title=\"\"><\/p>\n<div class=\"bild\" style=\"font-size: smaller;\"><img decoding=\"async\" src=\"http:\/\/www.andreas-edler.de\/grafik\/blog_2011\/20110427-28_muehle_grossenheerse\/20110427_04_schiffmuehle_minden_fruehstueck_klein.jpg\" alt=\"\" title=\"\" width=\"250\" border=\"0\"><\/div>\n<p> In dem Caf\u00e9 wuselten schon Leute umher, die T\u00fcr war aber noch verschlossen. Ein bisschen entt\u00e4uscht wollten wir gerade weiter fahren, als doch jemand schnell \u00f6ffnete und wir die ersten G\u00e4ste an diesem Morgen waren. Prima, klappt ja wie geplant. Wir haben uns dann jeder ein ordentlichs Fr\u00fchst\u00fcck bestellt. Spiegelei mit Salami, mit Schinken und ein &#8222;normales&#8220; Fr\u00fchst\u00fcck mit Br\u00f6tchen und Marmelade und so &#8230; <\/p>\n<p>Ein ganzes St\u00fcndchen haben wir uns dort aufgehalten, bevor es wieder in den Sattel ging. P\u00fcnktlich zu unserem Aufbruch begann es zu tr\u00f6pfeln. So ein Mist! Alle vorher abgefragten Wetterdienste hatten den Regen erst f\u00fcr den Nachmittag vorher gesagt! <\/p>\n<p style=\"text-align:center;font-size: smaller;\"><img decoding=\"async\" src=\"http:\/\/www.andreas-edler.de\/grafik\/blog_2011\/20110427-28_muehle_grossenheerse\/20110427_03_schiffmuehle_minden.jpg\" width=\"470\" border=\"0\" alt=\"\" title=\"\"><\/p>\n<p> Allerdings war es auch wirklich nur ein ganz leichtes Nieseln. Nichts wovon man ernsthaft nass werden w\u00fcrde. Das kam dann erst, als wir auf einem kleinen Umweg, der den Umbauma\u00dfnahmen an der Schachtschleuse geschuldet war, oben am Mittellandkanal ankamen. Hier war es dann doch so na\u00df von oben, dass wir uns f\u00fcr eine Viertelstunde unter einen Baum stellten. Gl\u00fccklicherweise wurde es nicht schlimmer und wir waren schon bald wieder f\u00fcr 500 Meter im Sattel. Bis wir an die Baustelle kamen. <\/p>\n<p style=\"text-align:center;font-size: smaller;\"><img decoding=\"async\" src=\"http:\/\/www.andreas-edler.de\/grafik\/blog_2011\/20110427-28_muehle_grossenheerse\/20110427_05_baustelle_schachtschleuse.jpg\" width=\"470\" border=\"0\" alt=\"\" title=\"\"><\/p>\n<p> Dort war nat\u00fcrlich wieder Rast angesagt, der kleine Junge musste sich erst noch alles ganz genau ansehen und besonders beeindruckt hat ihn der riesige Bagger! Nach einem guten Dutzend Schaufeln voller Sand sind wir aber doch ein bisschen weiter geradelt. Jedenfalls bis wir uns erneut unter einen \u00fcberh\u00e4ngenden Busch fl\u00fcchteten. <\/p>\n<p style=\"text-align:center;font-size: smaller;\"><img decoding=\"async\" src=\"http:\/\/www.andreas-edler.de\/grafik\/blog_2011\/20110427-28_muehle_grossenheerse\/20110427_06_unterstellen.jpg\" width=\"470\" border=\"0\" alt=\"\" title=\"\"><\/p>\n<p> Allerdings nicht lange, denn wenn andere das bisschen Wasser von oben wegstecken, dann k\u00f6nnen wir das auch. Und wir waren sogar noch deutlich fixer unterwegs, als die bedr\u00f6ppelten Pudel auf dem Floss ;-) <\/p>\n<p style=\"text-align:center;font-size: smaller;\"><img decoding=\"async\" src=\"http:\/\/www.andreas-edler.de\/grafik\/blog_2011\/20110427-28_muehle_grossenheerse\/20110427_07_floss_im_regen.jpg\" width=\"470\" border=\"0\" alt=\"\" title=\"\"><\/p>\n<p> Das Wetter war eigentlich ideal: windstill, kein L\u00fcftchen regte sich, um die 20\u00b0C und der Regen &#8230; naja, mal ein kleiner Schauer, aber eigentlich sind wir nicht mal na\u00df geworden. Wenn ich alleine oder mit &#8217;nem Freund unterwegs bin, fahre ich deutlich fixer. Mit dem Kleinen habe ich mir allerdings gleich zu Anfang vorgenommen, keine Rennen zu fahren. Und wenn irgendwer irgendwo halten m\u00f6chte, dann wird das auch gemacht. So haben wir dann wirklich jeden Spielplatz und jeden halbwegs interessanten Stein am Wegesrand angeschaut. Wozu auch die Eile, das Zimmer im M\u00fchlencaf\u00e9 ist reserviert und dort ist im wahrsten Sinne des Wortes, plattes Land. Und sonst nichts. Da kann man sich Zeit lassen. <\/p>\n<p style=\"text-align:center;font-size: smaller;\"><img decoding=\"async\" src=\"http:\/\/www.andreas-edler.de\/grafik\/blog_2011\/20110427-28_muehle_grossenheerse\/20110427_08_weg_petershagen.jpg\" width=\"470\" border=\"0\" alt=\"\" title=\"\"><\/p>\n<p> In Gernheim sahen wir einen Wegweise zum <a href=\"http:\/\/www.lwl.org\/LWL\/Kultur\/wim\/portal\/S\/gernheim\/ort\/\">Industriemuseum &#8222;Glash\u00fctte Gernheim&#8220;<\/a> &#8211; machen wir doch einen Abstecher. Die Glash\u00fctte ist fast ein kleines Dorf. F\u00fcr einen sehr schmalen Eintritt kann man sich dort die alten Lager, die Schleiferei, Ausstellungen mit Gl\u00e4sern, die Wohnung einer Glasbl\u00e4serfamilie und nat\u00fcrlich die Brennerei und Schleiferei ansehen! Eine F\u00fchrung fand leider nur am Wochenende statt, aber f\u00fcr die j\u00fcngeren Besucher ist eine dauernd durchf\u00fchrbare Rally installiert. An verschiedenenen Stationen im Museum gilt es Fragen zu beantworten und am Ende der Tour steht dann ein L\u00f6sungswort fest, mit dem sich der Absolvent ein Zertifikat und eine \u00dcberraschung erarbeitet hat. Tim war eifrig dabei und darf sich nun &#8222;Glasspezialist&#8220; nennen :-) <\/p>\n<p style=\"text-align:center;font-size: smaller;\"><img decoding=\"async\" src=\"http:\/\/www.andreas-edler.de\/grafik\/blog_2011\/20110427-28_muehle_grossenheerse\/20110427_09_glasmuseum_gernheim.jpg\" width=\"470\" border=\"0\" alt=\"\" title=\"\"><\/p>\n<p> Aber auch f\u00fcr Erwachsene ist der Besuch sehr zu empfehlen. Wir haben uns \u00fcber 2 Stunden in dem Komplex aufgehalten und es war nie langweilig. <\/p>\n<p style=\"text-align:center;font-size: smaller;\"><img decoding=\"async\" src=\"http:\/\/www.andreas-edler.de\/grafik\/blog_2011\/20110427-28_muehle_grossenheerse\/20110427_10_gernheim_modell.jpg\" width=\"470\" border=\"0\" alt=\"\" title=\"\"><\/p>\n<p> Man muss viel mehr gucken, was es in der direkten Umgebung f\u00fcr Sehensw\u00fcrdigkeiten gibt. Ich habe von dem Museum noch nie etwas geh\u00f6rt. Definitiv eine Empfehlung &#8211; vielleicht auch mal f\u00fcr einen Sonntagsnachmittagsausflug.<\/p>\n<p>Von Gernheim bis zur M\u00fchle Gro\u00dfenheerse ist es nur ein Katzensprung. Lediglich an einer Stelle sind wir ein bisschen unschl\u00fcssig gewesen, weil ich eigentlich wesern\u00e4her fahren wollte, der Weg aber in einem gro\u00dfen Bogen ausgeschildert ist. Ich meine mich zu erinnern, dass ich auch vor 6 Jahren an dieser Stelle in Glissen gestutzt habe. Wir sind jedenfalls Richtung Kleinenheerse abgebogen und von dort zur M\u00fchle gelangt. Wie wir am n\u00e4chsten Tag feststellten, ist aber die ausgeschilderte Route nicht einen Meter l\u00e4nger oder k\u00fcrzer. <\/p>\n<p style=\"text-align:center;font-size: smaller;\"><img decoding=\"async\" src=\"http:\/\/www.andreas-edler.de\/grafik\/blog_2011\/20110427-28_muehle_grossenheerse\/20110427_11_muehlencafe.jpg\" width=\"470\" border=\"0\" alt=\"\" title=\"\"><\/p>\n<p> Ganz entspannt erreichten wir nach 8 Stunden Fahrt (mit Pausen, ja sicher!) unser Nachtquartier. Die R\u00e4der schnell in der M\u00fchle geparkt, das Zimmer belegt und dann haben wir uns drau\u00dfen in die verhalten scheinende Sonne gesetzt, ged\u00f6st, ausgeruht, ein bisschen was getrunken und auf das Abendessen gewartet. Wenn man fr\u00fch dort einkehrt und nichts weiter vor hat, sollte man bedenken, dass da wirklich weiter nichts ist. Ideal zum Ausruhen &#8211; wenn man hyperaktiv ist, sollte man sich etwas zum Zeit totschlagen mitbringen :-) <\/p>\n<p style=\"text-align:center;font-size: smaller;\"><img decoding=\"async\" src=\"http:\/\/www.andreas-edler.de\/grafik\/blog_2011\/20110427-28_muehle_grossenheerse\/20110427_12_muehle_mit_gesicht.jpg\" width=\"470\" border=\"0\" alt=\"\" title=\"\"><\/p>\n<p> Zum Abendessen gab es lecker Zigeuner- und J\u00e4gerschnitzel in Portionen, die die verbrauchten Kalorien des Tages locker wieder auff\u00fcllten. Leider ging&#8217;s dem Nachwuchs schlecht und er hat nicht mal eine Suppe gegessen. Der \u00c4rmste, tat mir richtig leid. An einer zu forcierten Fahrweise kann es nicht gelegen haben. Wir sind dann nach dem Essen sofort auf&#8217;s Zimmer und lagen um 20:30 Uhr bereits im Bett. Unglaublich!<\/p>\n<p>Daf\u00fcr waren wir aber auch um 8 Uhr morgens putzmunter. Auch Tim hatte keine Beschwerden mehr und einen B\u00e4renhunger. Das Fr\u00fchst\u00fcck im M\u00fchlencaf\u00e9 ist reichlich und lecker. Frische Br\u00f6tchen, selbstgemachte (?) Marmelade, Wurst vom Fleischer, Kaffee soviel man m\u00f6chte und angenehme Unterhaltung. Frisch gest\u00e4rkt und entspannt haben wir uns um halb 10 wieder in den Sattel geschwungen und den R\u00fcckweg unter die R\u00e4der genommen. <\/p>\n<p style=\"text-align:center;font-size: smaller;\"><img decoding=\"async\" src=\"http:\/\/www.andreas-edler.de\/grafik\/blog_2011\/20110427-28_muehle_grossenheerse\/20110428_01_abfahrt.jpg\" width=\"470\" border=\"0\" alt=\"\" title=\"\"><\/p>\n<p> Diesmal so, wie es die Schilder vorgaben. Und die Strecke ist mindestens genauso sch\u00f6n, wie die zwischen Glissen und Kleinenheerse. Immer zwischen B\u00e4umen und auf glatten Wegen geht es Richtung Heimat. Tim hatte irgendwie viel weniger Verlangen nach Rast, als am Vortag. Das Zuhause ruft. <\/p>\n<p style=\"text-align:center;font-size: smaller;\"><img decoding=\"async\" src=\"http:\/\/www.andreas-edler.de\/grafik\/blog_2011\/20110427-28_muehle_grossenheerse\/20110428_02_abfahrt.jpg\" width=\"470\" border=\"0\" alt=\"\" title=\"\"><\/p>\n<p> In Petershagen haben wir die am Abend geschriebenen Postkarten verschickt und gerade als wir am alten Amtsgericht vorbei fuhren und ich f\u00fcr ein Foto anhalten wollte, brach der Himmel auf und es prasselte ein gewaltiger Platzregen zu Boden. <\/p>\n<p style=\"text-align:center;font-size: smaller;\"><img decoding=\"async\" src=\"http:\/\/www.andreas-edler.de\/grafik\/blog_2011\/20110427-28_muehle_grossenheerse\/20110428_03_pause_petershagen.jpg\" width=\"470\" border=\"0\" alt=\"\" title=\"\"><\/p>\n<p> Da standen wir genau passend unter den dichten B\u00e4umen &#8211; nur bl\u00f6d, dass sich Tim beim pl\u00f6tzlichen Anhalten und Auffahren auf den Gehweg leider auf die Nase gelegt hat. Im zu spitzen Winkel den leidlich abgesenkten Bordstein \u00fcberfahren und zack &#8230; dumm gelaufen. Ist aber au\u00dfer etwas Dreck an der Hose nichts passiert. Der Schreck war das Schlimmste was allen in die Knochen gefahren ist.<\/p>\n<p>Weiter ging es entlang der Weser, die alle hundert Meter Material f\u00fcr Fotos bietet. Der Weserradweg ist echt gut ausgebaut und gef\u00fchrt &#8211; auch wenn der Teil durch die Norddeutsche Tiefebene etwas langweiliger ist, als der Teil von Oeynhausen nach Hannoversch-M\u00fcnden. Das machen wir dann n\u00e4chstes Mal. <\/p>\n<p style=\"text-align:center;font-size: smaller;\"><img decoding=\"async\" src=\"http:\/\/www.andreas-edler.de\/grafik\/blog_2011\/20110427-28_muehle_grossenheerse\/20110428_04_aalfaenger.jpg\" width=\"470\" border=\"0\" alt=\"\" title=\"\"><\/p>\n<p> Es wurde immer w\u00e4rmer und mit meiner Radjacke begann ich doch ein bisschen zu schwitzen. Aber nur mit kurzen \u00c4rmeln und d\u00fcnner Weste f\u00fchlte ich mich auch nicht gut. Ist halt noch so ein bisschen \u00dcbergangswetter und wenn sich dann der April noch so verh\u00e4lt wie man es sich denkt, dann ist richtig anziehen manchmal Gl\u00fcckssache :-) <\/p>\n<p style=\"text-align:center;font-size: smaller;\"><img decoding=\"async\" src=\"http:\/\/www.andreas-edler.de\/grafik\/blog_2011\/20110427-28_muehle_grossenheerse\/20110428_05_schachtschleuse.jpg\" width=\"470\" border=\"0\" alt=\"\" title=\"\"><\/p>\n<p> Weil das Wetter nun doch besser als am Vortag war, haben wir uns die Schachtschleuse genauer angesehen. Und &#8211; so ein Gl\u00fcck &#8211; da l\u00e4uft dann auch noch ein voll beladener Kohlefrachter in die Schleuse ein. Erst haben wir uns das Einlaufen genau angesehen, dann schnell hoch gelaufen und den &#8222;Fahrstuhl&#8220; bewundert. Ich war erstaunt, wie schnell das Schiff in der Schleuse nach oben gepumpt wurde. <\/p>\n<p style=\"text-align:center;font-size: smaller;\"><img decoding=\"async\" src=\"http:\/\/www.andreas-edler.de\/grafik\/blog_2011\/20110427-28_muehle_grossenheerse\/20110428_06_schachtschleuse_schiff_hoch.jpg\" width=\"470\" border=\"0\" alt=\"\" title=\"\"><\/p>\n<p> Ich muss zu meiner Schande gestehen, dass ich mich nicht erinnern kann, am Wasserstra\u00dfenkreuz schon einmal gewesen zu sein. Unglaublich. Da ist so was gro\u00dfes und interessantes direkt vor der Haust\u00fcr und wir waren da noch nie. <\/p>\n<p style=\"text-align:center;font-size: smaller;\"><img decoding=\"async\" src=\"http:\/\/www.andreas-edler.de\/grafik\/blog_2011\/20110427-28_muehle_grossenheerse\/20110428_07_schachtschleuse_schiff_raus.jpg\" width=\"470\" border=\"0\" alt=\"\" title=\"\"><\/p>\n<p> In diesem Punkt hatte der Nachwuchs uns was voraus, denn er war wohl schon mal mit Oma &#038; Opa vor Ort und hat sich Schiffe angesehen.<\/p>\n<p>Vom Mittellandkanal bis zu uns nach Hause sind es dann nur noch ein paar Kilometer, die ganz entspannt unter den R\u00e4dern vorbei gingen. Wir haben noch kurz am Spielplatz in der Porta gehalten und gechillt, die Landschaft genossen und sind dann die letzten 10 Kilometer nach Hause geradelt. <\/p>\n<p style=\"text-align:center;font-size: smaller;\"><img decoding=\"async\" src=\"http:\/\/www.andreas-edler.de\/grafik\/blog_2011\/20110427-28_muehle_grossenheerse\/20110428_08_baum_rapsfeld.jpg\" width=\"470\" border=\"0\" alt=\"\" title=\"\"><\/p>\n<p> Sch\u00f6n war&#8217;s! Keins der angek\u00fcndigten Gewitter hat uns die Tour verhagelt, wir sind nicht einmal nass geworden. Die R\u00e4der haben alle gehalten, niemand hat sich verletzt und Zank gab es auch nicht. Prima Kurzurlaub. Da der kleine Junge so klasse mitgemacht hat und nicht klaputt war, k\u00f6nnen wir vielleicht im Sommer auch mal eine Tour mit zwei Tagen \u00e0 60 Kilometer in Angriff nehmen. Ich wei\u00df auch schon was &#8230; <\/p>\n<p style=\"text-align:center;font-size: smaller;\"><iframe width='465' height='548' frameborder='0' src='http:\/\/connect.garmin.com:80\/activity\/embed\/82092721'><\/iframe><\/p>\n","protected":false},"excerpt":{"rendered":"<p>Zur M\u00fchle Gro\u00dfenheerse und zur\u00fcck &#8230; 27. und 28.04.2011 Eckdaten Fahrrad Andreas: Scott Purgatory, Schwalbe Land Cruiser, Sattel Selle Italia Explorer, LX-Altus-Deore Mischmasch mit Gep\u00e4ck 30 Kg Fahrrad Alex: ewig altes KTM-Damenfahrrad mit Brooks-Sattel und 7-Gang Shimano Nabenschaltung Fahrrad Tim: &hellip;<\/p>\n<p class=\"read-more\"> <a class=\"more-link\" href=\"https:\/\/www.andreas-edler.de\/blog\/radtouren\/familienausflug-zur-muehle-grossenheerse\/\"> <span class=\"screen-reader-text\">Familienausflug zur M\u00fchle Gro\u00dfenheerse &#8211; 2011<\/span> Weiterlesen &raquo;<\/a><\/p>\n","protected":false},"author":1,"featured_media":0,"parent":7485,"menu_order":10,"comment_status":"open","ping_status":"open","template":"","meta":{"ngg_post_thumbnail":0,"activitypub_content_warning":"","activitypub_content_visibility":"","activitypub_max_image_attachments":2,"activitypub_interaction_policy_quote":"anyone","activitypub_status":"","footnotes":""},"class_list":["post-9557","page","type-page","status-publish","hentry"],"_links":{"self":[{"href":"https:\/\/www.andreas-edler.de\/blog\/wp-json\/wp\/v2\/pages\/9557","targetHints":{"allow":["GET"]}}],"collection":[{"href":"https:\/\/www.andreas-edler.de\/blog\/wp-json\/wp\/v2\/pages"}],"about":[{"href":"https:\/\/www.andreas-edler.de\/blog\/wp-json\/wp\/v2\/types\/page"}],"author":[{"embeddable":true,"href":"https:\/\/www.andreas-edler.de\/blog\/wp-json\/wp\/v2\/users\/1"}],"replies":[{"embeddable":true,"href":"https:\/\/www.andreas-edler.de\/blog\/wp-json\/wp\/v2\/comments?post=9557"}],"version-history":[{"count":0,"href":"https:\/\/www.andreas-edler.de\/blog\/wp-json\/wp\/v2\/pages\/9557\/revisions"}],"up":[{"embeddable":true,"href":"https:\/\/www.andreas-edler.de\/blog\/wp-json\/wp\/v2\/pages\/7485"}],"wp:attachment":[{"href":"https:\/\/www.andreas-edler.de\/blog\/wp-json\/wp\/v2\/media?parent=9557"}],"curies":[{"name":"wp","href":"https:\/\/api.w.org\/{rel}","templated":true}]}}