{"id":9124,"date":"2011-01-21T23:51:11","date_gmt":"2011-01-21T22:51:11","guid":{"rendered":"http:\/\/www.andreas-edler.de\/blog\/"},"modified":"2020-05-02T20:23:20","modified_gmt":"2020-05-02T18:23:20","slug":"vespa","status":"publish","type":"page","link":"https:\/\/www.andreas-edler.de\/blog\/vespa\/","title":{"rendered":"Vespa"},"content":{"rendered":"\n<p align=\"justify\">\n     Ja selbstverst\u00e4ndlich! Damals (was bin ich schon alt ;-) stand an erster Stelle der kaufentscheidenden Gr\u00fcnde nicht die Vespa, sondern da\u00df ich berufsbedingt einen fahrbaren Untersatz ben\u00f6tigte, der die Kleidung vor der Witterung sch\u00fctzte.\n     <\/p>\n<p align=\"justify\">\n     Somit war z.B. auch ein Honda Lead oder ein Vamos durchaus in der engeren Wahl. Nach dem w\u00e4lzen etlicher Prospekte, war mir jedoch recht schnell klar, da\u00df es eigentlich nur eine Vespa sein konnte &#8230; blieb nur noch, meinen Eltern klar zu machen, warum ich einen Roller haben mu\u00dfte, der gut &#8217;nen Tausender mehr kostete &#8230;\n     <\/p>\n<p align=\"center\">\n     <img loading=\"lazy\" decoding=\"async\" src=\"http:\/\/www.andreas-edler.de\/grafik\/vespa\/simson.jpg\" width=\"242\" height=\"190\" border=\"0\" alt=\"\"><br \/>Und nat\u00fcrlich ist das hier keine Vespa!\n     <\/p>\n","protected":false},"excerpt":{"rendered":"<p>Ja selbstverst\u00e4ndlich! Damals (was bin ich schon alt ;-) stand an erster Stelle der kaufentscheidenden Gr\u00fcnde nicht die Vespa, sondern da\u00df ich berufsbedingt einen fahrbaren Untersatz ben\u00f6tigte, der die Kleidung vor der Witterung sch\u00fctzte. Somit war z.B. auch ein Honda &hellip;<\/p>\n<p class=\"read-more\"> <a class=\"more-link\" href=\"https:\/\/www.andreas-edler.de\/blog\/vespa\/\"> <span class=\"screen-reader-text\">Vespa<\/span> Weiterlesen &raquo;<\/a><\/p>\n","protected":false},"author":1,"featured_media":0,"parent":0,"menu_order":31,"comment_status":"open","ping_status":"open","template":"","meta":{"ngg_post_thumbnail":0,"activitypub_content_warning":"","activitypub_content_visibility":"","activitypub_max_image_attachments":2,"activitypub_interaction_policy_quote":"anyone","activitypub_status":"","footnotes":""},"class_list":["post-9124","page","type-page","status-publish","hentry"],"_links":{"self":[{"href":"https:\/\/www.andreas-edler.de\/blog\/wp-json\/wp\/v2\/pages\/9124","targetHints":{"allow":["GET"]}}],"collection":[{"href":"https:\/\/www.andreas-edler.de\/blog\/wp-json\/wp\/v2\/pages"}],"about":[{"href":"https:\/\/www.andreas-edler.de\/blog\/wp-json\/wp\/v2\/types\/page"}],"author":[{"embeddable":true,"href":"https:\/\/www.andreas-edler.de\/blog\/wp-json\/wp\/v2\/users\/1"}],"replies":[{"embeddable":true,"href":"https:\/\/www.andreas-edler.de\/blog\/wp-json\/wp\/v2\/comments?post=9124"}],"version-history":[{"count":0,"href":"https:\/\/www.andreas-edler.de\/blog\/wp-json\/wp\/v2\/pages\/9124\/revisions"}],"wp:attachment":[{"href":"https:\/\/www.andreas-edler.de\/blog\/wp-json\/wp\/v2\/media?parent=9124"}],"curies":[{"name":"wp","href":"https:\/\/api.w.org\/{rel}","templated":true}]}}