{"id":83629,"date":"1976-11-01T09:35:30","date_gmt":"1976-11-01T08:35:30","guid":{"rendered":"http:\/\/www.andreas-edler.de\/blog\/?page_id=83629"},"modified":"2025-07-12T19:03:52","modified_gmt":"2025-07-12T17:03:52","slug":"wolfshagenharz-1976","status":"publish","type":"page","link":"https:\/\/www.andreas-edler.de\/blog\/urlaub\/wolfshagenharz-1976\/","title":{"rendered":"Wolfshagen\/Harz &#8211; 1976"},"content":{"rendered":"<h3>Unser erster Urlaub im eigenen Wohnwagen<\/h3>\n<h4>28.10.1976<\/h4>\n<div class=\"info\">\n      <a name=\"Links\"><\/a><\/p>\n<h5>Hinfahrt:<\/h5>\n<ul>\n<li>Abfahrt: 28.10.1976 um 14:00 Uhr<\/li>\n<li>Mittellandkanal &#8211; Hannover: 15:00 Uhr<\/li>\n<li>Hildesheim Wendhausen: 16:00 Uhr<\/li>\n<li><a href=\"http:\/\/www.campingplatz-wolfshagen.de\/\" title=\"Campingplatz Wolfshagen\">Campingplatz Wolfshagen<\/a>: 16:45 Uhr<\/li>\n<li>Fahrtstrecke: ca. 170 Km<\/li>\n<\/ul>\n<\/div>\n<p>Abfahrt am 28.10.1976 um 14:00 Uhr. Angemeldet haben wir uns im Wolfshagen im Harz.<\/p>\n<p>Die Fahrt \u00fcber die Autobahn von Bad Oeynhausen &#8211; Hannover Kreuz &#8211; bis zur Abfahrt Klein R\u00fcden am Harz und Weiter auf der Bundesstra\u00dfe 82 bis Langelsheim-Wolfshagen verlief ohne Schwierigkeiten. Der Passat zog den H\u00e4nger tadellos. Auch die steile Anfahrt zum Campingplatz war keine b\u00f6se Falle f\u00fcr unser Gespann. <\/p>\n<p style=\"text-align:center;font-size: smaller;\"><img decoding=\"async\" src=\"http:\/\/www.andreas-edler.de\/grafik\/dias\/1976_oberharz_gespann.jpg\" width=\"470\" border=\"0\" alt=\"\" title=\"\"><\/p>\n<p> Um 16:45 Uhr stand der Wohnwagen aufgebaut auf dem Platz.<\/p>\n<h4>29.10.1976<\/h4>\n<p>Ausflug vom Campingplatz nach<\/p>\n<ul>\n<li>Lautenthal, weiter nach Hahnenklee &#8211; Bockswiese &#8211; Ferienpark<\/li>\n<li>Clausthal-Zellerfeld &#8211; Einkauf mit Stadtbummel<\/li>\n<li>Harzhochstra\u00dfe, Braunlage, Hohegei\u00df, Zonengrenze<\/li>\n<li>zur\u00fcck zum Torfhaus, Bad Harzburg, Goslar und Langelsheim, Campingplatz<\/li>\n<\/ul>\n<p>W\u00e4hrend der Rundfahrt hatten wir gr\u00f6\u00dftenteils Nebel. Von Torhaus war so gut wie nichts zu sehen. Im Randaubach habe ich eine kleine Forelle gefangen, die mir dann aber entglitt. Abends haben wir noch einen Spaziergang zum Ort Wolfshagen gemacht. <\/p>\n<p style=\"text-align:center;font-size: smaller;\"><img decoding=\"async\" src=\"http:\/\/www.andreas-edler.de\/grafik\/dias\/1976_oberharz_campingplatz.jpg\" width=\"470\" border=\"0\" alt=\"\" title=\"\"><\/p>\n<h4>30.10.1976<\/h4>\n<p>Ausflugsfahrt<\/p>\n<ul>\n<li>Campingplatz, Lautenthal, Wildemann, Bad Grund &#8211; Stadtrundgang &#8211; Ibergh\u00f6he<\/li>\n<li>Clausthal-Zellerfeld, <a href=\"http:\/\/www.ferienpark-altenau.de\/\" title=\"Ferienpark Altenau\">Altenau-Ferienpark<\/a> zum <a href=\"http:\/\/www.campingplatz-polstertal.de\/\" title=\"Campingplatz Polstertal\">Campingplatz Polstertal<\/a> gewandert<br \/>sehr sch\u00f6n im Wald gelegen, kleinere Anlage mit sch\u00f6nen aber kleinen Stellpl\u00e4tzen<\/li>\n<li>Okerstausee &#8211; dicke Nebel, Sicht gleich Null, sch\u00f6ner Campingplatz am Vorbecken<\/li>\n<li>Okertal &#8211; dicker Nebel, nichts gesehen<\/li>\n<li>Oker, Goslar, Langelsheim, Campingplatz<\/li>\n<\/ul>\n<p style=\"text-align:center;font-size: smaller;\"><img decoding=\"async\" src=\"http:\/\/www.andreas-edler.de\/grafik\/dias\/1976_oberharz_freibad.jpg\" width=\"470\" border=\"0\" alt=\"\" title=\"\"><\/p>\n<table style=\"border: none;\">\n<tr>\n<td style=\"border: none;\"><figure id=\"attachment_83665\" aria-describedby=\"caption-attachment-83665\" style=\"width: 150px\" class=\"wp-caption aligncenter\"><a href=\"http:\/\/www.andreas-edler.de\/blog\/wp-content\/uploads\/1976\/11\/1976-Tagebuch-Seite-1.png\"><img loading=\"lazy\" decoding=\"async\" src=\"http:\/\/www.andreas-edler.de\/blog\/wp-content\/uploads\/1976\/11\/1976-Tagebuch-Seite-1-150x150.png\" alt=\"Papas Aufzeichnungen Herbsturlaub 1976 im Oberharz - Seite 1\" width=\"150\" height=\"150\" class=\"size-thumbnail wp-image-83665\" \/><\/a><figcaption id=\"caption-attachment-83665\" class=\"wp-caption-text\">Papas Aufzeichnungen Herbsturlaub 1976 im Oberharz &#8211; Seite 1<\/figcaption><\/figure><\/td>\n<td style=\"border: none;\"><figure id=\"attachment_83667\" aria-describedby=\"caption-attachment-83667\" style=\"width: 150px\" class=\"wp-caption aligncenter\"><a href=\"http:\/\/www.andreas-edler.de\/blog\/wp-content\/uploads\/1976\/11\/1976-Tagebuch-Seite-2.png\"><img loading=\"lazy\" decoding=\"async\" src=\"http:\/\/www.andreas-edler.de\/blog\/wp-content\/uploads\/1976\/11\/1976-Tagebuch-Seite-2-150x150.png\" alt=\"Papas Aufzeichnungen Herbsturlaub 1976 im Oberharz - Seite 2\" width=\"150\" height=\"150\" class=\"size-thumbnail wp-image-83667\" \/><\/a><figcaption id=\"caption-attachment-83667\" class=\"wp-caption-text\">Papas Aufzeichnungen Herbsturlaub 1976 im Oberharz &#8211; Seite 2<\/figcaption><\/figure><\/td>\n<td style=\"border: none;\"><figure id=\"attachment_83668\" aria-describedby=\"caption-attachment-83668\" style=\"width: 150px\" class=\"wp-caption aligncenter\"><a href=\"http:\/\/www.andreas-edler.de\/blog\/wp-content\/uploads\/1976\/11\/1976-Tagebuch-Seite-3.png\"><img loading=\"lazy\" decoding=\"async\" src=\"http:\/\/www.andreas-edler.de\/blog\/wp-content\/uploads\/1976\/11\/1976-Tagebuch-Seite-3-150x150.png\" alt=\"Papas Aufzeichnungen Herbsturlaub 1976 im Oberharz - Seite 3\" width=\"150\" height=\"150\" class=\"size-thumbnail wp-image-83668\" \/><\/a><figcaption id=\"caption-attachment-83668\" class=\"wp-caption-text\">Papas Aufzeichnungen Herbsturlaub 1976 im Oberharz &#8211; Seite 3<\/figcaption><\/figure><\/td>\n<\/tr>\n<\/table>\n","protected":false},"excerpt":{"rendered":"<p>Unser erster Urlaub im eigenen Wohnwagen 28.10.1976 Hinfahrt: Abfahrt: 28.10.1976 um 14:00 Uhr Mittellandkanal &#8211; Hannover: 15:00 Uhr Hildesheim Wendhausen: 16:00 Uhr Campingplatz Wolfshagen: 16:45 Uhr Fahrtstrecke: ca. 170 Km Abfahrt am 28.10.1976 um 14:00 Uhr. Angemeldet haben wir uns &hellip;<\/p>\n<p class=\"read-more\"> <a class=\"more-link\" href=\"https:\/\/www.andreas-edler.de\/blog\/urlaub\/wolfshagenharz-1976\/\"> <span class=\"screen-reader-text\">Wolfshagen\/Harz &#8211; 1976<\/span> Weiterlesen &raquo;<\/a><\/p>\n","protected":false},"author":1,"featured_media":0,"parent":8135,"menu_order":44,"comment_status":"open","ping_status":"open","template":"","meta":{"ngg_post_thumbnail":0,"activitypub_content_warning":"","activitypub_content_visibility":"","activitypub_max_image_attachments":2,"activitypub_interaction_policy_quote":"anyone","activitypub_status":"federated","footnotes":""},"class_list":["post-83629","page","type-page","status-publish","hentry"],"_links":{"self":[{"href":"https:\/\/www.andreas-edler.de\/blog\/wp-json\/wp\/v2\/pages\/83629","targetHints":{"allow":["GET"]}}],"collection":[{"href":"https:\/\/www.andreas-edler.de\/blog\/wp-json\/wp\/v2\/pages"}],"about":[{"href":"https:\/\/www.andreas-edler.de\/blog\/wp-json\/wp\/v2\/types\/page"}],"author":[{"embeddable":true,"href":"https:\/\/www.andreas-edler.de\/blog\/wp-json\/wp\/v2\/users\/1"}],"replies":[{"embeddable":true,"href":"https:\/\/www.andreas-edler.de\/blog\/wp-json\/wp\/v2\/comments?post=83629"}],"version-history":[{"count":0,"href":"https:\/\/www.andreas-edler.de\/blog\/wp-json\/wp\/v2\/pages\/83629\/revisions"}],"up":[{"embeddable":true,"href":"https:\/\/www.andreas-edler.de\/blog\/wp-json\/wp\/v2\/pages\/8135"}],"wp:attachment":[{"href":"https:\/\/www.andreas-edler.de\/blog\/wp-json\/wp\/v2\/media?parent=83629"}],"curies":[{"name":"wp","href":"https:\/\/api.w.org\/{rel}","templated":true}]}}