{"id":7164,"date":"2004-04-14T22:49:07","date_gmt":"2004-04-14T21:49:07","guid":{"rendered":"http:\/\/www.andreas-edler.de\/blog\/?page_id=7164"},"modified":"2013-10-27T13:49:13","modified_gmt":"2013-10-27T12:49:13","slug":"raubkopien","status":"publish","type":"page","link":"https:\/\/www.andreas-edler.de\/blog\/dies-das\/raubkopien\/","title":{"rendered":"Raubkopien"},"content":{"rendered":"<br \/>\n<h3>MP3?<\/h3>\n<p>Napster (also das &#8222;alte&#8220; Napster, die Tauschb\u00f6rse) ist schon lange tot, Audiogalaxy hat&#8217;s dahingerafft und die weltweite Tauschergemeinde ist entsetzt und sucht h\u00e4nderingend nach Alternativen. Hm, da f\u00e4llt mir eigentlich nur eins dazu ein: &#8222;Wen juckt&#8217;s?&#8220;! Ich kann das Gejammer nicht nachvollziehen. Es handelt sich bei 99% der Nutzung dieser Dienste doch schlicht um eines: Diebstahl. Man besorgt sich eine Ware, die von jemandem zum Kauf angeboten wird, umsonst. Nicht irgendein Ersatzgut, sondern dasselbe, welches zum Verkauf steht. Wo ist da die Heldenhaftigkeit, wo das Recht zum Aufschrei \u00fcber die &#8222;b\u00f6sen&#8220; Beh\u00f6rden, die auf Druck der Musik-, Film- und Softwareproduzenten nur ihren Job tun und die illegalen Umschlagpl\u00e4tze schlie\u00dfen?<\/p>\n<div class=\"info\">\n\t      <a name=\"Links\"><\/a><\/p>\n<h4>Mehr im Blog:<\/h4>\n<ul>\n<li><a href=\"http:\/\/www.andreas-edler.de\/blog\/2006\/06\/aufnehmen-fuer-dritte\/\">13.06.2006 &#8211; Aufnehmen f\u00fcr Dritte<\/a><\/li>\n<li><a href=\"http:\/\/www.andreas-edler.de\/blog\/2006\/04\/keine-raubkopien-von-robbie-williams\/\">07.04.2006 &#8211; keine Raubkopien von Robbie Williams<\/a><\/li>\n<li><a href=\"http:\/\/www.andreas-edler.de\/blog\/2006\/03\/napster-drm-und-ein-dicker-hals\/\">13.03.2006 &#8211; Napster &#038; DRM<\/a><\/li>\n<li><a href=\"http:\/\/www.andreas-edler.de\/blog\/2004\/09\/musikquote\/\">29.09.2004 &#8211; deutsche Musikquote<\/a><\/li>\n<li><a href=\"http:\/\/www.andreas-edler.de\/2004\/07\/gestern-wollte-ich-einsteigen-cds.html\">09.07.2004 &#8211; Online Musikkauf<\/a><\/li>\n<li><a href=\"http:\/\/www.andreas-edler.de\/2004\/07\/die-unten-angehngte-meldung-erzeugte.html\">04.07.2004 &#8211; Abgaben auf kopierf\u00e4hige Ger\u00e4te<\/a><\/li>\n<li><a href=\"http:\/\/www.andreas-edler.de\/blog\/2004\/06\/gerade-lese-ich-in-der-mittagspause\/\">15.06.2004 &#8211; b\u00f6se Raubkopierer<\/a><\/li>\n<\/ul><\/div>\n<p>Ich bin wie alle anderen auch der Meinung, da\u00df die meisten der &#8222;getauschten&#8220; Dinge auf legale Weise nur viel zu teuer zu erwerben sind. Ein Microsoft Office ist doch keine 400 Euro wert. Genausowenig wie eine stinknormale Musik-CD mit 17 Liedern drauf fast 25 Euro kosten darf, geschweige denn eine DVD, die oftmals f\u00fcr noch h\u00f6hrere Preise \u00fcber die Ladentheke gehen. Die Materialkosten sind bei allen elektronischen Medien zu vernachl\u00e4ssigen und bewegen sich im Centbereich. Das Geld, welches der K\u00fcnstler letztendlich vom Preis abbekommt ist wom\u00f6glich in den meisten F\u00e4llen auch nicht der Rede wert. Dumm und d\u00e4mlich verdienen sich doch nur die Produzenten und Weiterverk\u00e4ufer. Und genau da sollte man einschreiten. Nicht durch Raubkopiererei &#8211; das ist kurzsichtig!<\/p>\n<p>Wenn jemandem Waren gestohlen werden, dann wei\u00df er doch eines ganz gewiss: es besteht eine hohe Nachfrage. Also kann er den Preis raufsetzen, bis an die Schmerzgrenze des letzten unvernetzten und ehrlichen K\u00e4ufers. Wenn man aber *richtig* auf die hohen Preise reagiert, dann sitzt die Wirtschaft auf dem trockenen und kann nur einen einzigen Weg gehen. Was ist aber richtig? Leute, kauft einfach keine zu teure Ware! Was macht denn ein H\u00e4ndler dann? Er senkt den Preis und nimmt vom Produzenten weniger ab. Dieser bemerkt dies und wird handeln. Er mu\u00df ebenfalls den Preis senken um wieder etwas abzusetzen. So einfach ist das. das lernt man doch im ersten Jahr an der h\u00f6heren Handelsschule!<\/p>\n<p>Bei Softwareprodukten ist es sogar noch einfacher ohne Konsumverzicht zu leben. Die erh\u00e4ltlichen Free- und Sharewareprogramme decken in den meisten F\u00e4llen komplett den Bedarf von Otto-Normaluser und m\u00fcssen nur aus den reichhaltigen Pools geladen werden. Und ich zumindest bin bei einigen Programmen dann auch gerne bereit, dem Autor direkt ein paar Mark zu \u00fcberweisen! Dieser wird sich mit Weiterentwicklung und neuen Versionen bedanken. Versionen, in denen wom\u00f6glich von mir geforderte Features enthalten sind. Versucht das mal bei Bill Gates!<\/p>\n<p>Sicher, jeder hat eine handere Schmerzgrenze bei Preisen. Musik-CDs kaufe ich nur noch sehr sporadisch, weil sie mir zu teuer geworden sind. Fr\u00fcher war das anders, sonst h\u00e4tte ich wohl nicht an die 600 Silberlinge im Regal stehen. Nur wird heute auch jeder Schei\u00df gepusht den es ich zu kaufen einfach nicht lohnt. Also verzichtet auf Retorten-M\u00fcll und ladet ihn nicht illegal runter. Ihr schneidet euch ins eigene Fleisch. Nutzt Freeware wo immer m\u00f6glich, aber unterst\u00fctzt Autoren von Shareware, wenn die Programme n\u00fctzlich sind.<\/p>\n<p>Zu Filmen sage ich mal nichts, weil da *meine* Hemmschwelle noch nicht so ganz erreicht ist. Aber trotzdem kaufe ich DVDs nicht mehr im Laden, sondern besorge sie mir dort, wo&#8217;s g\u00fcnstig ist. Oder kaufe mir gebrauchte Sachen. Au\u00dferdem kann ich mir die miese Qualit\u00e4t eines DIVX Files wirklich nicht antun!<\/p>\n<p>Also: Tauschen und Raubkopieren ist kurzsichtig und schadet auf Dauer nur einem &#8211; dem Konsumenten und damit euch selbst!<\/p>\n","protected":false},"excerpt":{"rendered":"<p>MP3? Napster (also das &#8222;alte&#8220; Napster, die Tauschb\u00f6rse) ist schon lange tot, Audiogalaxy hat&#8217;s dahingerafft und die weltweite Tauschergemeinde ist entsetzt und sucht h\u00e4nderingend nach Alternativen. Hm, da f\u00e4llt mir eigentlich nur eins dazu ein: &#8222;Wen juckt&#8217;s?&#8220;! Ich kann das &hellip;<\/p>\n<p class=\"read-more\"> <a class=\"more-link\" href=\"https:\/\/www.andreas-edler.de\/blog\/dies-das\/raubkopien\/\"> <span class=\"screen-reader-text\">Raubkopien<\/span> Weiterlesen &raquo;<\/a><\/p>\n","protected":false},"author":1,"featured_media":0,"parent":19882,"menu_order":6,"comment_status":"open","ping_status":"open","template":"","meta":{"ngg_post_thumbnail":0,"activitypub_content_warning":"","activitypub_content_visibility":"","activitypub_max_image_attachments":2,"activitypub_interaction_policy_quote":"anyone","activitypub_status":"","footnotes":""},"class_list":["post-7164","page","type-page","status-publish","hentry"],"_links":{"self":[{"href":"https:\/\/www.andreas-edler.de\/blog\/wp-json\/wp\/v2\/pages\/7164","targetHints":{"allow":["GET"]}}],"collection":[{"href":"https:\/\/www.andreas-edler.de\/blog\/wp-json\/wp\/v2\/pages"}],"about":[{"href":"https:\/\/www.andreas-edler.de\/blog\/wp-json\/wp\/v2\/types\/page"}],"author":[{"embeddable":true,"href":"https:\/\/www.andreas-edler.de\/blog\/wp-json\/wp\/v2\/users\/1"}],"replies":[{"embeddable":true,"href":"https:\/\/www.andreas-edler.de\/blog\/wp-json\/wp\/v2\/comments?post=7164"}],"version-history":[{"count":0,"href":"https:\/\/www.andreas-edler.de\/blog\/wp-json\/wp\/v2\/pages\/7164\/revisions"}],"up":[{"embeddable":true,"href":"https:\/\/www.andreas-edler.de\/blog\/wp-json\/wp\/v2\/pages\/19882"}],"wp:attachment":[{"href":"https:\/\/www.andreas-edler.de\/blog\/wp-json\/wp\/v2\/media?parent=7164"}],"curies":[{"name":"wp","href":"https:\/\/api.w.org\/{rel}","templated":true}]}}