{"id":21437,"date":"2013-12-22T14:47:32","date_gmt":"2013-12-22T13:47:32","guid":{"rendered":"http:\/\/www.andreas-edler.de\/blog\/?page_id=21437"},"modified":"2023-10-27T10:52:20","modified_gmt":"2023-10-27T08:52:20","slug":"mainradweg-aschaffenburg-bis-karlstadt","status":"publish","type":"page","link":"https:\/\/www.andreas-edler.de\/blog\/radtouren\/mainradweg-aschaffenburg-bis-karlstadt\/","title":{"rendered":"Mainradweg &#8211; Aschaffenburg bis Karlstadt &#8211; 2013"},"content":{"rendered":"<p><em>Vom 30.05. bis 01.06.2013<\/em><\/p>\n<p>Die diesj\u00e4hrige Radtour sollte uns auf dem Mainradweg von Westen nach Osten f\u00fchren. Gestartet sind wir in Aschaffenburg bei warmem Wetter und etwas Sonnenschein. Allerdings hatte es in den vergangenen Tagen schon ordentlich geregnet und auch der Wetterbericht versprach den sprichw\u00f6rtlichen &#8222;nassen Arsch&#8220;. Wir hatten jedoch weitgehend Gl\u00fcck und konnten unsere Reise ohne Regenhose beginnen. Ich habe eh keine, sonder nur so Beinlinge, die gerade mal die Oberschenkel und die Knie bedecken. Bin ich sehr mit zufrieden. Tats\u00e4chlich kamen diese w\u00e4hrend der Reise auch mal zum Einsatz, aber nur sehr kurz und ich habe dem Niesel danach lieber ohne Hose getrotzt. Wie mein Mitfahrer die Tour mit langer Regenhose fahren konnte, ist mir immer noch ein R\u00e4tsel ;-)<\/p>\n<p>Insgesamt fand ich die Strecke sehr sch\u00f6n mit einem wunderbar ausgebauten Radweg. Die Schauwerte w\u00e4ren bei strahlendem Sonnenschein wahrscheinlich deutlich beeindruckender gewesen. So haben wir l\u00e4ngst nicht soviele Stopps eingelegt, wie z.B. auf dem Elberadweg zwischen Cuxhaven und Lauenburg. Da brannte die Sonne und wir hatten richtig Sommer, dann verweilt man auch gerne Mal. So sind wir von einer Pf\u00fctze zur n\u00e4chsten und oft auch mittendurch gefahren. Manchmal waren die Pf\u00fctzen auch etwas gr\u00f6\u00dfere T\u00fcmpel und wir haben uns beide an jeweils unterschiedlichen Stellen richtig nasse F\u00fc\u00dfe geholt. Spa\u00df gemacht hat es trotzdem &#8211; oder vielleicht auch gerade deswegen &#8211; ungemein. Die Unterk\u00fcnfte waren jedesmal hervorragend und wir hatten auch abends &#8211; besonders in Karlstadt &#8211; reichlich Spa\u00df.<\/p>\n<p>Mal sehen, wie wir die Tour in 2014 weiter fahren &#8230; und wehe es regnet da wieder!<\/p>\n<p style=\"text-align:center;font-size: smaller;\"><embed type=\"application\/x-shockwave-flash\" src=\"https:\/\/static.googleusercontent.com\/external_content\/picasaweb.googleusercontent.com\/slideshow.swf\" width=\"470\" height=\"313\" flashvars=\"host=picasaweb.google.com&#038;hl=de&#038;feat=flashalbum&#038;RGB=0xffffff&#038;feed=https%3A%2F%2Fpicasaweb.google.com%2Fdata%2Ffeed%2Fapi%2Fuser%2F110810198876209309571%2Falbumid%2F5960177846556737313%3Falt%3Drss%26kind%3Dphoto%26hl%3Dde\" pluginspage=\"http:\/\/www.macromedia.com\/go\/getflashplayer\"><\/embed><\/p>\n","protected":false},"excerpt":{"rendered":"<p>Vom 30.05. bis 01.06.2013 Die diesj\u00e4hrige Radtour sollte uns auf dem Mainradweg von Westen nach Osten f\u00fchren. Gestartet sind wir in Aschaffenburg bei warmem Wetter und etwas Sonnenschein. Allerdings hatte es in den vergangenen Tagen schon ordentlich geregnet und auch &hellip;<\/p>\n<p class=\"read-more\"> <a class=\"more-link\" href=\"https:\/\/www.andreas-edler.de\/blog\/radtouren\/mainradweg-aschaffenburg-bis-karlstadt\/\"> <span class=\"screen-reader-text\">Mainradweg &#8211; Aschaffenburg bis Karlstadt &#8211; 2013<\/span> Weiterlesen &raquo;<\/a><\/p>\n","protected":false},"author":1,"featured_media":0,"parent":7485,"menu_order":7,"comment_status":"open","ping_status":"open","template":"","meta":{"ngg_post_thumbnail":0,"activitypub_content_warning":"","activitypub_content_visibility":"","activitypub_max_image_attachments":2,"activitypub_interaction_policy_quote":"anyone","activitypub_status":"","footnotes":""},"class_list":["post-21437","page","type-page","status-publish","hentry"],"_links":{"self":[{"href":"https:\/\/www.andreas-edler.de\/blog\/wp-json\/wp\/v2\/pages\/21437","targetHints":{"allow":["GET"]}}],"collection":[{"href":"https:\/\/www.andreas-edler.de\/blog\/wp-json\/wp\/v2\/pages"}],"about":[{"href":"https:\/\/www.andreas-edler.de\/blog\/wp-json\/wp\/v2\/types\/page"}],"author":[{"embeddable":true,"href":"https:\/\/www.andreas-edler.de\/blog\/wp-json\/wp\/v2\/users\/1"}],"replies":[{"embeddable":true,"href":"https:\/\/www.andreas-edler.de\/blog\/wp-json\/wp\/v2\/comments?post=21437"}],"version-history":[{"count":0,"href":"https:\/\/www.andreas-edler.de\/blog\/wp-json\/wp\/v2\/pages\/21437\/revisions"}],"up":[{"embeddable":true,"href":"https:\/\/www.andreas-edler.de\/blog\/wp-json\/wp\/v2\/pages\/7485"}],"wp:attachment":[{"href":"https:\/\/www.andreas-edler.de\/blog\/wp-json\/wp\/v2\/media?parent=21437"}],"curies":[{"name":"wp","href":"https:\/\/api.w.org\/{rel}","templated":true}]}}