{"id":18222,"date":"2013-05-13T23:27:08","date_gmt":"2013-05-13T21:27:08","guid":{"rendered":"http:\/\/www.andreas-edler.de\/blog\/?page_id=18222"},"modified":"2025-07-12T19:03:45","modified_gmt":"2025-07-12T17:03:45","slug":"cuxhaven-2013-landschulheim-werste","status":"publish","type":"page","link":"https:\/\/www.andreas-edler.de\/blog\/urlaub\/cuxhaven-2013-landschulheim-werste\/","title":{"rendered":"Cuxhaven 2013 &#8211; Landschulheim Werste"},"content":{"rendered":"<h3>09.05.2013<\/h3>\n<p>Alex war letztes Jahr mit Tim, dem HCE und einem gro\u00dfen Bus bereits im Landschulheim Werste in Cuxhaven. Der Verein f\u00e4hrt jedes Jahr mit einer mehr oder weniger gro\u00dfen Truppe dorthin. Die Unterkunft ist nicht luxuri\u00f6s, aber direkt am Deich gelegen. Und es scheint allen immer einen Mordsspa\u00df gemacht zu haben. In diesem Jahr war ich dann auch mit von der Partie. Allerdings ist Busfahren so gar nicht meine Sache und weil wir eh immer den ganzen Hausstand mitschleppen, war das eine prima Ausrede, die Klamotten nur einmal ein- und auspacken zu m\u00fcssen: fahre ich sie eben mit dem Yeti hoch. Um halb 8 war Treffen an der Grundschule Eidinghausen, und um 8 Uhr fuhr der Bus nebst voll geladenem Anh\u00e4nger Richtung Nordseek\u00fcste. Ich bin noch einmal zu Hause vorbei, habe die Technik runter gefahren und habe mich dann im Yeti auch ganz gem\u00fctlich auf den Weg gemacht. <\/p>\n<p style=\"text-align:center;font-size: smaller;\"><img decoding=\"async\" src=\"http:\/\/www.andreas-edler.de\/grafik\/blog_2013\/2013%20cuxhaven\/20130509_abreise.jpg\" width=\"470\" border=\"0\" alt=\"\" title=\"\"><\/p>\n<p> Irgendwo 20 Kilometer vor Cuxhaven habe ich den Bus dann \u00fcberholt und war vielleicht 10 Minuten vorher am Ziel. Wir haben dann z\u00fcgig alles in die kleinen Zimmer verstaut, die Fressalien in die K\u00fcche gebracht, Getr\u00e4nke k\u00fchl gestellt und dann war Urlaub. Bisschen mitgebrachten Kuchen essen, Kaffee trinken, das Haus ansehen. Was man so macht. Danach der erste Spaziergang nach Cuxhaven-Duhnen und Fisch an einer Bude essen. Es war die ganze Zeit zwar nicht \u00fcberm\u00e4\u00dfig sonnig, aber wenigstens trocken. Nur zum Baden reicht es noch auf gar keinen Fall. W\u00e4re auch schwierig geworden, denn w\u00e4hrend wir am Deich entlang spazierten, verzog sich das Wasser Richtung Norden. Nordsee halt. Nicht meins. <\/p>\n<p style=\"text-align:center;font-size: smaller;\"><img decoding=\"async\" src=\"http:\/\/www.andreas-edler.de\/grafik\/blog_2013\/2013%20cuxhaven\/20130509_erster_spaziergang.jpg\" width=\"470\" border=\"0\" alt=\"\" title=\"\"><\/p>\n<p> Alex hatte im letzten Jahr schon \u00fcber den miesen Empfang geklagt &#8211; und sie hatte Recht. Nur in einer bestimmten Position auf der Fensterbank hat der kleine Huawei-Router UMTS-Empfang und kann unser Zimmer mit WLAN versorgen. Dar\u00fcber hinaus nicht, weil in den W\u00e4nden des Landschulheims Blei, Aluminium oder Kryptonit verbaut ist, jedenfalls schirmt es ziemlich gut und l\u00e4sst Strahlung nicht nach drau\u00dfen. Egal, ich kann hier ins Netz, das soll reichen.<\/p>\n<p>Am Nachmittag wurde das halbwegs gute Wetter genutzt und ausgiebig drau\u00dfen rumgetobt, Fu\u00dfball gespielt, mit Bollerwagen auf dem Hof rumgerast oder auch einfach nur an einer windgesch\u00fctzten Stelle in der Sonne gesessen. <\/p>\n<p style=\"text-align:center;font-size: smaller;\"><img decoding=\"async\" src=\"http:\/\/www.andreas-edler.de\/grafik\/blog_2013\/2013%20cuxhaven\/20130905_rasen_spielen.jpg\" width=\"470\" border=\"0\" alt=\"\" title=\"\"><\/p>\n<p> Abends wurde noch lange zusammen gesessen, nachdem das Abendbrot bestehend aus Heissw\u00fcrstchen und Kartoffelsalat verzerrt worden war. Weit nach Mitternacht war f\u00fcr uns der Abend zu Ende und wir haben uns zum kleinen Jungen in das 4er-Zimmer mit den doppelst\u00f6ckigen Betten gelegt.<\/p>\n<h3>10.05.2013<\/h3>\n<p>Wie lange ich schon wach im Bett gelegen habe, wei\u00df ich nicht, aber mir wurde gesagt, dass die Br\u00f6tchen um 6 Uhr angeliefert wurden und da hatte ich schon &#8217;ne Zeitlang die Augen offen. Irgendwann &#8211; ohne auf die Uhr zu schauen &#8211; haben wir uns dann aus den Kojen gesch\u00e4lt, weil es auf den Fluren auch zu rumoren begann. Z\u00e4hneputzen, anziehen &#8230; Fr\u00fchst\u00fcck. Himmel, es ist ja noch vor 8 Uhr! &#8230; und zus\u00e4tzlich auch noch Alex&#8216; Geburtstag. Tim war am aufgeregtesten von uns allen :-) Ich hatte schon vor zwei Wochen ein neues Smartphone besorgt, weil sie immer \u00f6fter \u00fcber die mangelhafte Geschwindigkeit ihres alten Sony-Ericsson geklagt hatte. Nun, das Samsung S3 mini sollte etwas besser laufen. Die Br\u00f6tchen und der Kaffee nach der Bescherung schmeckten dann trotz der fr\u00fchen Stunde. <\/p>\n<p style=\"text-align:center;font-size: smaller;\"><img decoding=\"async\" src=\"http:\/\/www.andreas-edler.de\/grafik\/blog_2013\/2013%20cuxhaven\/20130510_wanderung.jpg\" width=\"470\" border=\"0\" alt=\"\" title=\"\"><\/p>\n<p> Danach ein bisschen rumd\u00f6sen, bis es gegen 11 Uhr aufging zum Sahlenburger Strand, wo uns dann ein Verpflegungswagen erwarten sollte. Die kurze Wanderung dorthin war trotz bew\u00f6lktem Himmel sehr sch\u00f6n &#8211; auch wenn die Gruppe irgendwann ziemlich zerfleddert war, weil alle ein unterschiedliches Tempo gegangen sind. Am Ende hat aber jeder seinen wohlverdienten Hamburger bekommen. Jedenfalls nachdem der Essenswart doch noch sp\u00e4t nach den Wanderern den Zielort erreichte hatte. Und dankenswerterweise hatte der Himmel genau w\u00e4hrend des Essens die Wolken beiseite geschoben und wir konnten bei strahlendem Sonnenschein die Kite-Surfer an der K\u00fcste bestaunen. Erstaunlich, dass bei der Menge an Menschen auf dem Wasser sich die Leinen nicht verheddert haben. <\/p>\n<p style=\"text-align:center;font-size: smaller;\"><img decoding=\"async\" src=\"http:\/\/www.andreas-edler.de\/grafik\/blog_2013\/2013%20cuxhaven\/20130510_kites.jpg\" width=\"470\" border=\"0\" alt=\"\" title=\"\"><\/p>\n<p> Nach dem Mittagessen stand ein Bo\u00dfelspiel auf dem Tagesplan. Bevor es aber los gehen konnte, mussten wir erst mal zu einer Stra\u00dfen wandern, die wenig befahren war und gleichzeitig einige Kurven bereit hielt. Das Orgateam hatte genau das am Morgen schon ausbaldowert, aber irgendwie die Relationen zwischen &#8222;mit dem Fahrad abgefahren&#8220; und &#8222;zu Fu\u00df hingewandert&#8220; falsch eingesch\u00e4tzt. Da haben doch tats\u00e4chlich unterwegs ein paar potentielle Mitspieler ein bisschen knurrig aus der W\u00e4sche geguckt. Als es dann nach ein paar Kilometern endlich los ging, hatten doch alle Spa\u00df. <\/p>\n<p style=\"text-align:center;font-size: smaller;\"><img decoding=\"async\" src=\"http:\/\/www.andreas-edler.de\/grafik\/blog_2013\/2013%20cuxhaven\/20130510_bosseln.jpg\" width=\"470\" border=\"0\" alt=\"\" title=\"\"><\/p>\n<p> Zum Abendbrot sollte es Fleisch und W\u00fcrstchen geben. Und schon w\u00e4hrend wir vom Bo\u00dfeln zur\u00fcck kamen, waren die Fleischzubereitungsmaschinen bereits aufgebaut. Es sind n\u00e4mlich eigens zwei gro\u00dfe Gyrosgrills inkl. zweimal 15 Kilo leckeres Gyrosfleisch nach Cuxhaven importiert worden. Der Strombedarf der beiden Boliden war f\u00fcr die Elektrik eine Herausforderung und erforderte stete Aufmerksamkeit. Dem Geschmack des Fleisches war das allerdings nicht im Geringsten abtr\u00e4glich: ganz ausgezeichnet und lecker! Auch die W\u00fcrstchen hielten sich nicht lange und wurden ratz-fatz verzehrt. <\/p>\n<p style=\"text-align:center;font-size: smaller;\"><img decoding=\"async\" src=\"http:\/\/www.andreas-edler.de\/grafik\/blog_2013\/2013%20cuxhaven\/20130510_gyros.jpg\" width=\"470\" border=\"0\" alt=\"\" title=\"\"><\/p>\n<p> Bis sp\u00e4t in den Abend wurde immer wieder ein Happen gegessen und etwas getrunken und so sa\u00dfen wir auch an diesem Abend bis gegen Mitternacht drau\u00dfen und haben erz\u00e4hlt bzw. in den Aufenthaltsr\u00e4umen bei allerlei Gesellschaftsspielen, bevor alle ersch\u00f6pft in die Kojen fielen.<\/p>\n<h3>11.05.2013<\/h3>\n<p>Aufgewacht bin ich genauso wie gestern: fr\u00fch, ohne Wecker und m\u00fcde. Allerdings ohne Kater, so doll habe ich es am Vorabend dann wohl doch nicht getrieben. W\u00e4hrend des Fr\u00fchst\u00fccks wurde der Tagesablauf besprochen: denn es war geplant, erst ins nahe gelegene Wellenbad zu gehen und dann die weitere Freizeit am Strand zu verbringen. Allerdings sagte der Wetterbericht, dass der umgedrehte Tagesablauf deutlich angenehmer verlaufen w\u00fcrde. Am Nachmittag zeigte das Wetterradar n\u00e4mlich heftigen Niederschlag \u00fcber Cuxhaven. <\/p>\n<p style=\"text-align:center;font-size: smaller;\"><img decoding=\"async\" src=\"http:\/\/www.andreas-edler.de\/grafik\/blog_2013\/2013%20cuxhaven\/20130511_strand.jpg\" width=\"470\" border=\"0\" alt=\"\" title=\"\"><\/p>\n<p> Also schnell die Zeiten ein wenig verschoben und ein bisschen Ausruhen nach dem Fr\u00fchst\u00fcck sp\u00e4ter gingen wir gem\u00e4chlich zum eigenen Strandabschnitt. Der Wind wehte dort zwar ziemlich frisch, das Wasser war ganz weit weg, aber in der Sonne und dem Windschatten der Trennz\u00e4une aus Reisig zwischen den Strandgrundst\u00fccken war es auszuhalten. So sehr auszuhalten, dass ich sogar einen kleinen Sonnenbrand im Gesicht bekommen habe. In der Zeit haben sich die Kinder damit vergn\u00fcgt, sich gegenseitig bis zum Hals im Sand einzubuddeln oder aber bis zu den Knien im Watt zu stecken. <\/p>\n<p style=\"text-align:center;font-size: smaller;\"><img decoding=\"async\" src=\"http:\/\/www.andreas-edler.de\/grafik\/blog_2013\/2013%20cuxhaven\/20130511_kutschen.jpg\" width=\"470\" border=\"0\" alt=\"\" title=\"\"><\/p>\n<p> Ich habe derweil versucht Wattwanderer, Reiter, Kutschen und weit entfernte Containerschiffe vor die Linse zu bekommen. Hat auch geklappt. 2 Stunden sp\u00e4ter hat sich der Himmel wie angek\u00fcndigt verdunkelt und es wurde auch merklich k\u00fchler. Ein Hoch auf den Wetterbericht. Die Kinder waren zwar gar nicht so begeistert davon, den Strand zu verlassen, aber das angek\u00fcndigte Mittagessen lockte dann doch. <\/p>\n<p>Kredenzt wurden 25 Liter Erbsensuppe &#8211; und f\u00fcr diejenigen, die mit den H\u00fclsenfr\u00fcchten nicht so recht warm werden &#8211; Nudeln mit Bolognese-Sauce. Mit den vollgeschlagenen B\u00e4uchen haben einige dann schon ganz aufgeregt auf den Fernsehnachmittag gewartet und die Pl\u00e4tze f\u00fcr das Spiel Arminia-Bielefeld gegen den Vfl Osnabr\u00fcck reserviert. Es dauerte dann etwas, bis der korrekte Kanal gefunden wurde, aber dann waren alle gl\u00fccklich, das zwar spielerisch nicht anspruchsvolle &#8211; vor dem Hintergrund des m\u00f6glichen Aufstiegs in die 2. Liga &#8211; aber durchaus spannende Spiel gucken zu k\u00f6nnen. <\/p>\n<p style=\"text-align:center;font-size: smaller;\"><img decoding=\"async\" src=\"http:\/\/www.andreas-edler.de\/grafik\/blog_2013\/2013%20cuxhaven\/20130511_fernseher.jpg\" width=\"470\" border=\"0\" alt=\"\" title=\"\"><\/p>\n<p> Als die Zuschauer auf dem Bildschirm dann den Rasen st\u00fcrmten, haben wir unsere schon gepackten Taschen geschnappt und sind &#8211; noch trockenen Fu\u00dfes &#8211; zum Wellenbad gegangen. Das Bad ist ganz OK. Alle 30 Minuten gibt&#8217;s ein bisschen Wellen, es war eine gro\u00dfe Rutsche zu bew\u00e4ltigen, ein Au\u00dfenbecken und ein Becken mit muckeligen 30\u00b0C. Alles bestens. Alles einmal ausprobiert und dann war die Zeit auch schon wieder vorbei. Leider. So richtig wollte niemand raus, denn inzwischen hatte sich der Himmel ge\u00f6ffnet und es go\u00df wie aus K\u00fcbeln. Haben uns daher ein bisschen in der Lobby des Bades rumgedr\u00fcckt und eine Leichtregenphase abgewartet, um schnell zum Schullandheim zur\u00fcck zu stiefeln.<\/p>\n<p>Dort waren die beiden Gyros-Spie\u00dfe schon wieder angeworfen, denn die schiere Menge an Fleisch war am Vortag einfach nicht zu bew\u00e4ltigen. Resteessen war angesagt und schmeckte allen wunderbar. Das Fleisch war noch ein bisschen w\u00fcrziger als noch am Tag zuvor. <\/p>\n<p style=\"text-align:center;font-size: smaller;\"><img decoding=\"async\" src=\"http:\/\/www.andreas-edler.de\/grafik\/blog_2013\/2013%20cuxhaven\/20130511_spielen.jpg\" width=\"470\" border=\"0\" alt=\"\" title=\"\"><\/p>\n<p> Danach war das gleiche Abendprogramm wie am Vortag angesagt: erz\u00e4hlen, spielen, bisschen was trinken &#8230; und ein paar wenige haben sogar dabei zugesehen, wie ein Kandidat versucht hat den Raab zu schlagen. Allerdings habe ich das auch nicht bis zum Ende geschafft und bin noch vor 12 Uhr ins Bett gegangen &#8230; und war damit unter den letzten Beiden, die noch auf den Beinen waren.<\/p>\n<h3>12.05.2013<\/h3>\n<p>Abfahrt! Heute sollte es wieder nach Hause gehen. Also zeitig aufgestanden und schon das ein oder andere Kleidungsst\u00fcck in die zahlreichen Taschen gepackt, bevor es zum Fr\u00fchst\u00fcck in den gro\u00dfen Gemeinschaftsraum ging. Gestern hatte ich auf Br\u00f6tchen verzichtet und nur den Kaffee genommen, aber vor der langen Fahrt nach Hause gab&#8217;s auch f\u00fcr mich was ziwschen die Kiemen.<\/p>\n<p>Da alle schon ordentlich alles verstaut hatten und so viele helfende H\u00e4nde die Besen schwangen, war auch das Landschulheim nach kurzer Zeit wieder besenrein. Auch der Anh\u00e4nger f\u00fcr den Bus war in kurzer Zeit mit leeren F\u00e4ssern und vielen Taschen und Koffern gef\u00fcllt. So schnell, dass noch ein bisschen Zeit f\u00fcr einen kleinen Bummel in die Innenstadt blieb. Zwar ohne Sonnenschein, mit reichlich Wolken &#8211; aber trocken! Tim hat f\u00fcr die Reise noch einen Clone-Wars-Comic bekommen, ich noch ein paar Fotos am Strand und als wir wieder zur\u00fcck am Landschulheim waren, stand auch schon der Bus auf dem Hof und der H\u00e4nger hing am Haken. <\/p>\n<p style=\"text-align:center;font-size: smaller;\"><img decoding=\"async\" src=\"http:\/\/www.andreas-edler.de\/grafik\/blog_2013\/2013%20cuxhaven\/20130512_bus.jpg\" width=\"470\" border=\"0\" alt=\"\" title=\"\"><\/p>\n<p> Der Busfahrer musste allerdings noch ein paar Minuten pausieren, um seine Fahrtzeit nicht zu \u00fcberschreiten und darum konnten alle noch mal in Ruhe durch die Zimmer gehen, ob auch wirklich nichts vergessen war. Inzwischen \u00e4u\u00dferte Tim denn auch, dass er sich auf zu Hause freut und auch ich wollte auf die Bahn. Um 11 Uhr war es dann auch so weit: Abreise. Die anderen Autofahrer hatten schon ein paar Minuten vorher das Weite gesucht und ich bin dann auch kurz vor dem Bus auf die Reise gegangen.<\/p>\n<p>Nach einer v\u00f6llig unspektakul\u00e4ren Fahrt bin ich um kurz vor 14 Uhr auf unseren Hof gefahren. Der Bus ist wohl etwas langsamer gewesen. Zeit f\u00fcr mich zu Duschen &#8230; nachdem ich den Yeti ausger\u00e4umt, die Taschen im Haus verteilt und ausgepackt und sogar den Flur gesaugt habe. Als die WhatsApp-Nachricht von Alex kam, dass sie jetzt in die Birne in Minden einfahren, habe ich mich langsam auf den Weg zum Abholen nach Eidinghausen gemacht. Und kurz darauf war das verl\u00e4ngerte Wochenende dann auch vorbei! <\/p>\n<p style=\"text-align:center;font-size: smaller;\"><img decoding=\"async\" src=\"http:\/\/www.andreas-edler.de\/grafik\/blog_2013\/2013%20cuxhaven\/20130512_ankunft.jpg\" width=\"470\" border=\"0\" alt=\"\" title=\"\"><\/p>\n<p> Vielen Dank an das Orgateam, an alle die sich so gut gelaunt um das Essen und die Getr\u00e4nke gek\u00fcmmert haben, an den Busfahrer und die Mitreisenden f\u00fcr eine unterhaltsame und lustige Reise.<\/p>\n","protected":false},"excerpt":{"rendered":"<p>09.05.2013 Alex war letztes Jahr mit Tim, dem HCE und einem gro\u00dfen Bus bereits im Landschulheim Werste in Cuxhaven. Der Verein f\u00e4hrt jedes Jahr mit einer mehr oder weniger gro\u00dfen Truppe dorthin. Die Unterkunft ist nicht luxuri\u00f6s, aber direkt am &hellip;<\/p>\n<p class=\"read-more\"> <a class=\"more-link\" href=\"https:\/\/www.andreas-edler.de\/blog\/urlaub\/cuxhaven-2013-landschulheim-werste\/\"> <span class=\"screen-reader-text\">Cuxhaven 2013 &#8211; Landschulheim Werste<\/span> Weiterlesen &raquo;<\/a><\/p>\n","protected":false},"author":1,"featured_media":0,"parent":8135,"menu_order":23,"comment_status":"open","ping_status":"open","template":"","meta":{"ngg_post_thumbnail":0,"activitypub_content_warning":"","activitypub_content_visibility":"","activitypub_max_image_attachments":2,"activitypub_interaction_policy_quote":"anyone","activitypub_status":"federated","footnotes":""},"class_list":["post-18222","page","type-page","status-publish","hentry"],"_links":{"self":[{"href":"https:\/\/www.andreas-edler.de\/blog\/wp-json\/wp\/v2\/pages\/18222","targetHints":{"allow":["GET"]}}],"collection":[{"href":"https:\/\/www.andreas-edler.de\/blog\/wp-json\/wp\/v2\/pages"}],"about":[{"href":"https:\/\/www.andreas-edler.de\/blog\/wp-json\/wp\/v2\/types\/page"}],"author":[{"embeddable":true,"href":"https:\/\/www.andreas-edler.de\/blog\/wp-json\/wp\/v2\/users\/1"}],"replies":[{"embeddable":true,"href":"https:\/\/www.andreas-edler.de\/blog\/wp-json\/wp\/v2\/comments?post=18222"}],"version-history":[{"count":0,"href":"https:\/\/www.andreas-edler.de\/blog\/wp-json\/wp\/v2\/pages\/18222\/revisions"}],"up":[{"embeddable":true,"href":"https:\/\/www.andreas-edler.de\/blog\/wp-json\/wp\/v2\/pages\/8135"}],"wp:attachment":[{"href":"https:\/\/www.andreas-edler.de\/blog\/wp-json\/wp\/v2\/media?parent=18222"}],"curies":[{"name":"wp","href":"https:\/\/api.w.org\/{rel}","templated":true}]}}