{"id":17936,"date":"2013-04-02T21:33:31","date_gmt":"2013-04-02T19:33:31","guid":{"rendered":"http:\/\/www.andreas-edler.de\/blog\/?page_id=17936"},"modified":"2025-07-12T19:03:46","modified_gmt":"2025-07-12T17:03:46","slug":"schweiz-2013-03","status":"publish","type":"page","link":"https:\/\/www.andreas-edler.de\/blog\/urlaub\/schweiz-2013-03\/","title":{"rendered":"Schweiz 2013.03"},"content":{"rendered":"<h3>Gletterens \/ Schweiz &#8211; 29.03. &#8211; 02.04.2013<\/h3>\n<div class=\"info\">\n      <a name=\"Links\"><\/a><\/p>\n<h5>Daten der Fahrt:<\/h5>\n<ul>\n<li>Kilometer: 1.808<\/li>\n<li>Liter Benzin: 165,43<\/li>\n<li>Durchschnittsverbrauch: 9,15<\/li>\n<li>Preis \u20ac \/ Schnitt: 1,630<\/li>\n<li>Preis \u20ac \/ Gesamt: 270,17<\/li>\n<\/ul><\/div>\n<p>Mittwoch und Donnerstag war ich noch <a href=\"http:\/\/www.andreas-edler.de\/blog\/2013\/03\/toedlicher-maennerschnupfen\/\" title=\"T\u00f6dlicher M\u00e4nnerschnupfen\">in M\u00fcnster auf einem Seminar<\/a> und Karfreitagmorgen sollte es in aller Fr\u00fche los gehen Richtung Schweiz. Obwohl, so ganz fr\u00fch oder alternativ ganz schnell, musste es gar nicht sein. Die Schw\u00e4gerin musste arbeiten und sei erst gegen 16 Uhr im neuen Eigenheim &#8211; auf gar keinen Fall durften wir vor ihr ankommen! Weil mir der Sch\u00e4del am Vortag fies dr\u00f6hnte, haben wir ganz normal ausgeschlafen, geduscht und haben uns erst um viertel nach Acht in die Sitze des <a href=\"http:\/\/www.andreas-edler.de\/blog\/2011\/09\/skoda-yeti-1-8-tsi-4x4\/\" title=\"Skoda Yeti 1.8 tsi 4\u00d74\">Yeti<\/a> gefl\u00e4zt. Rauf auf die Bahn. \u00dcber Nacht hat es mal wieder Schnee gegeben &#8211; ca. 5 Zentimeter hoch lag die weisse Pracht &#8211; und es kam immer noch von oben runter. Entsprechend sinnig bin ich auf der Bahn unterwegs gewesen. <\/p>\n<p style=\"text-align:center;font-size: smaller;\"><img decoding=\"async\" src=\"http:\/\/www.andreas-edler.de\/grafik\/blog_2013\/20130329_autobahn.jpg\" width=\"470\" border=\"0\" alt=\"\" title=\"\"><\/p>\n<p> Bis kurz vor Hessen war das Wetter sehr, sehr m\u00e4\u00dfig, wurde dann aber deutlich besser. In Baden-W\u00fcrttemberg war es sogar ein bisschen sonnig! Das \u00e4nderte aber nichts daran, dass es mir echt mies ging. Total schlapp und m\u00fcde. Ab Basel hatte uns dann auch der Schnee wieder! Dichte, dicke Flocken haben die Sichtweite deutlich reduziert. Macht aber nichts, weil die Schweizer eh nicht schneller als 120 Km\/h d\u00fcrfen und bei so schlechtem Wetter gerne auch noch einen Gang runter schalten. Zeigte das Garmin zu Beginn der Fahrt noch 15:25 Uhr als Ankunftszeit an, hatte sich das durch Pausen und die langsame Fahrt inzwischen auf 16:50 Uhr verl\u00e4ngert. Passt ja. Ziemlich genau zur vorher gesagten Zeit sind wir nach 804 Kilomtern vor dem Neubau in Gletterens ausgerollt. Einen Schnitt von 97 Km\/h und einen Durchschnittsverbrauch von etwa 8 1\/2 Liter hatten Garmin und der Bordcomputer errechnet. <\/p>\n<p style=\"text-align:center;font-size: smaller;\"><img decoding=\"async\" src=\"http:\/\/www.andreas-edler.de\/grafik\/blog_2013\/20130329_neubau.jpg\" width=\"470\" border=\"0\" alt=\"\" title=\"\"><\/p>\n<p> Nach der herzlichen Begr\u00fc\u00dfung wurden wir erst einmal durch das neue Haus gef\u00fchrt. Den Bauplatz hatten wir uns damals schon einmal angesehen, aber seitdem dort gewerkelt wurde, waren wir noch nicht vor Ort. Schick geworden ist es &#8211; auch wenn die Lage nicht so exklusiv ist, wie in Faulensee ;-) Aber immerhin kann man den Lac de Neuchatel vom G\u00e4stezimmer aus sehen, sofern die B\u00e4ume im Wald davor noch keine Bl\u00e4tter haben. Ich war ziemlich groggy, die Schw\u00e4gerin musste am n\u00e4chsten Morgen noch einmal zur Arbeit und so haben wir nach dem leckeren Abendessen bestehend aus einem Auflauf aus Kasselerfleisch, R\u00f6sti und Ananas nur noch kurz beisammen gesessen und sind gegen 22 Uhr ins Bett gefallen.<\/p>\n<h3>30.03.2013<\/h3>\n<p>Die Nacht war f\u00fcr mich wirklich Schei\u00dfe! St\u00e4ndig war ich wach, die Nase war zu und lief trotzdem, ich hatte fiese Kopfschmerzen und war m\u00fcde. \u00c4tzend! Zum Fr\u00fchst\u00fcck habe ich mit Frau und Nachwuchs vom nahen Denner-Markt frische Br\u00f6tchen und etwas Honig geholt &#8230; und mich danach ins Bett gelegt. Da ging gar nichts mehr. Hinter meinem rechten Auge hatte irgendwer Stecknadeln deponiert, die nun von innen in die Pupillen stachen. B\u00fccken und was aufheben ging gar nicht, flach liegen auch nicht. Aufrecht liegen auch nicht &#8211; <a href=\"http:\/\/www.andreas-edler.de\/blog\/2013\/03\/toedlicher-maennerschnupfen\/\" title=\"T\u00f6dlicher M\u00e4nnerschnupfen\">ganz gef\u00e4hrlicher M\u00e4nnerschnupfen<\/a>! Im Ernst, so wehleidig bin ich gar nicht, aber Schmerzen im Kopf sind das \u00dcbelste das ich mir vorstellen kann. Nach einer Ibuprofen 600 und ein paar Stunden d\u00f6sen\/schlafen konnte ich zumindest wieder halbwegs geradeaus gucken. <\/p>\n<p style=\"text-align:center;font-size: smaller;\"><img decoding=\"async\" src=\"http:\/\/www.andreas-edler.de\/grafik\/blog_2013\/20130330_billard.jpg\" width=\"470\" border=\"0\" alt=\"\" title=\"\"><\/p>\n<p> Die anderen haben den ganzen Tag \u00fcber auch nur ausgeruht und gefaulenzt. Gelesen, etwas Billard gespielt oder Clone-Wars geguckt und Harry-Potter geh\u00f6rt. Am Nachmittag wollte Tim dann trotz immer noch eher durchwachsener Witterung endlich mal raus und auf dem Abenteuerspielplatz vor dem K\u00fcchen-\/Wohn- und Esszimmerfenster spielen. Da die Aussenanlagen noch nicht fertig gestellt sind, t\u00fcrmen sich dort noch Lehm- und Mutterbodenhaufen auf, die sich ideal zum Zusauen eignen. Genau das hat der Nachwuchs dann auch mit Bravour geschafft. <\/p>\n<p style=\"text-align:center;font-size: smaller;\"><img decoding=\"async\" src=\"http:\/\/www.andreas-edler.de\/grafik\/blog_2013\/20130330_aussenanlagen.jpg\" width=\"470\" border=\"0\" alt=\"\" title=\"\"><\/p>\n<p> Meinem Kopf ging es am sp\u00e4ten Nachmittag etwas besser, aber nach Halligalli war mir trotzdem nicht. Bisschen erz\u00e4hlen, bisschen \u00fcber das Haus und die weiteren Pl\u00e4ne fachsimpeln, ein wenig den Frauen beim Essen zubereiten zusehen. Sowas halt. Das Abendessen war \u00fcbrigens ganz ausgezeichnet: gebratene Garnelen mit Nudeln. Sehr lecker! Mit R\u00fccksicht auf meinen Kopf habe ich allerdings den extra importierten &#8222;<a href=\"http:\/\/www.writerstears.com\/\">Writers Tears<\/a>&#8220; nicht anger\u00fchrt.<\/p>\n<p>Tim verzog sich nach dem Essen ins Fernsehzimmer und fr\u00f6nte seiner Leidenschaft f\u00fcr Clone-Wars. Wir sa\u00dfen noch ein paar Stunden zusammen und haben was erz\u00e4hlt. Aber um 10 Uhr konnte der Hausherr nicht mehr und ich wollte mich auch hinlegen. Feierabend!<\/p>\n<h3>31.03.2013<\/h3>\n<p>Es f\u00fchlte sich so an, als w\u00e4re der Kopf tats\u00e4chlich besser. Vielleicht hilft&#8217;s wirklich, wenn man sich bei einer Erk\u00e4ltung einfach mal hinlegt und nicht weiter zur Arbeit rennt oder D\u00f6nnekens macht. Die Nase war zwar immer noch erst mit Sinex frei und nach unten musste ich den Kopf auch nicht halten, aber es dr\u00f6hnte nicht mehr. Tim war schon um 7 Uhr hellwach, weil er Ostereier suchen wollte. Bis kurz nach 8 konnten wir ihn noch bremsen, dann war aber wirklich Schicht im Schacht und wir haben uns zusammen mit ihm \u00fcber jedes im Haus versteckte und gefundene Ei gefreut. Danach habe ich mich ins Auto gesetzt und bin in den Denner-Markt gefahren, um das Fr\u00fchst\u00fcck zu schie\u00dfen. In der Schweiz haben Superm\u00e4rkte offensichtlich auch an Ostersonntag ge\u00f6ffnet &#8211; aber keine Br\u00f6tchen mehr, wenn man erst kurz vor 10 dort aufl\u00e4uft. Die Baguettes und kleinen Wei\u00dfbrote waren aber genauso lecker! <\/p>\n<p style=\"text-align:center;font-size: smaller;\"><img decoding=\"async\" src=\"http:\/\/www.andreas-edler.de\/grafik\/blog_2013\/20130331_estavayer-le-lac.jpg\" width=\"470\" border=\"0\" alt=\"\" title=\"\"><\/p>\n<p> Nach der ausgiebigen St\u00e4rkung haben wir das aufklarende Wetter genutzt, um uns ein paar Orte anzusehen. Die Schw\u00e4gerin und der Schwager wohnen ja auch noch kein Vierteljahr hier und darum sind wir mal ein bisschen den See runter gefahren. Erster Halt war Estavayer-le-Lac. Eine kleine Stadt direkt am See mit einem Schlo\u00df und Resten der Stadtmauer. Das Wetter sah \u00fcbrigens deutlich w\u00e4rmer aus, als es sich tats\u00e4chlich anf\u00fchlte. In der halbwegs windgesch\u00fctzten Innenstadt war&#8217;s ja noch angenehm, aber direkt am Seeufer sog es wie Hechtsuppe! <\/p>\n<p style=\"text-align:center;font-size: smaller;\"><img decoding=\"async\" src=\"http:\/\/www.andreas-edler.de\/grafik\/blog_2013\/20130331_ried.jpg\" width=\"470\" border=\"0\" alt=\"\" title=\"\"><\/p>\n<p> Der Ort ist sch\u00f6n verwinkelt und hat einige schicke H\u00e4user zu bieten. Bei besserem Wetter kann man da sicher noch ein St\u00fcndchen l\u00e4nger spazieren gehen. So sind wir recht z\u00fcgig wieder in den Yeti gestiegen und weiter gefahren. Bis zum s\u00fcdlichsten Ende des Neuberger Sees wollten wir fahren und dort Yverdon-les-Bains ansehen. Auch wenn die Schw\u00e4gerin sagte, es sei dort h\u00e4sslich! So schlimm war&#8217;s nicht &#8211; allerdings auch kein Offenbarung. Sicher trug das immer frischer werdenede Wetter dazu bei, dass wir nur schnell einmal durch die innere Innenstadt gehetzt sind und uns dann wieder in die kuscheligen Sitze des Autos gesetzt haben. Zur\u00fcck nach Geletterens!<\/p>\n<p>Dort angekommen haben wir beiden Herren uns die Zeit mit Lesen im Internet und tippern dieser Zeilen vertrieben, w\u00e4hrend die Damen und der Nachwuchs sich mit der hauseigenen Sauna vergn\u00fcgten. Zum Abendbrot gab es Gyrospizza mit Tsatsiki. Vom allerfeinsten. <\/p>\n<h3>01.04.2013<\/h3>\n<p>Morgens haben wir in Ruhe ausgeschlafen. Br\u00f6tchen\/Brot holen musste niemand, da vom Vortag noch reichlich Backwaren \u00fcbrig waren und au\u00dferdem noch Aufbackbr\u00f6tchen vorr\u00e4tig waren. Nach dem Essen war Alex ganz begeistert, dass vor dem Fenster pl\u00f6tzliche Rehe aufauchten. Wohnt die Verwandtschaft wohl ganz sch\u00f6n l\u00e4ndlich. <\/p>\n<p style=\"text-align:center;font-size: smaller;\"><img decoding=\"async\" src=\"http:\/\/www.andreas-edler.de\/grafik\/blog_2013\/20130401_rehe.jpg\" width=\"470\" border=\"0\" alt=\"\" title=\"\"><\/p>\n<p> Leider blieb es nicht so beschaulich. Mein Kopf, der eh schon die ganze Zeit rumorte, wurde pl\u00f6tzlich zu einem Nadelhaufen. Die Stirnh\u00f6hlen m\u00fcssen total zu gesessen haben und ich habe mich ins Bett gelegt und Tr\u00e4nen in den Augen gehabt. Nach 2 Stunden haben die Tabletten gewirkt, ich habe noch ein Dampfbad genommen und als ich dann wieder halbwegs geradeaus gucken konnte, habe ich angeregt, 15 Stunden vorher abzureisen. Alex und Tim waren zwar ent\u00e4uscht, verstanden mich aber. Und mir ist es lieber, ich fahre mit halbwegs klarem Kopf hoch und kann noch einen Tag ausruhen, als dass ich Dienstag mit Kopfschmerzen Auto fahre und dann gleich am n\u00e4chsten Morgen ins B\u00fcro muss. Ich bin so arbeitgeberfreundlich &#8230; Krankenheiten werden im Urlaub oder \u00fcber Feiertage genommen und auskuriert.<\/p>\n<p>Um 15:15 Uhr waren wir auf der Reise. Die Fahrt war v\u00f6llig unspektakul\u00e4r und ruhig. Kein Stau in unserer Richtung, keine Unwetter, Sonnenschein, trockene Fahrbahn, der Yeti schnurrte wie eine N\u00e4hmaschine und so waren wir um eine halbe Stunde vor Mitternacht wieder im D\u00f6rgen. Nicht mal das Radio hatten wir w\u00e4hrend der Fahrt an. Nur unterhalten und auf die Reifen, das Getriebe, den Turbo und die Zylinder geh\u00f6rt. Das muss auch mal reichen. Daf\u00fcr blieben die Kopfschmerzen im ertr\u00e4glichen Rahmen. Ausgepackt haben wir in der Nacht &#8211; ganz gegen unsere Gewohnheiten &#8211; nicht mehr. Nur noch ins Bett gefallen.<\/p>\n<p>Trotz meiner Unp\u00e4sslichkeit ein sch\u00f6ner Ausflug!<\/p>\n","protected":false},"excerpt":{"rendered":"<p>Gletterens \/ Schweiz &#8211; 29.03. &#8211; 02.04.2013 Daten der Fahrt: Kilometer: 1.808 Liter Benzin: 165,43 Durchschnittsverbrauch: 9,15 Preis \u20ac \/ Schnitt: 1,630 Preis \u20ac \/ Gesamt: 270,17 Mittwoch und Donnerstag war ich noch in M\u00fcnster auf einem Seminar und Karfreitagmorgen &hellip;<\/p>\n<p class=\"read-more\"> <a class=\"more-link\" href=\"https:\/\/www.andreas-edler.de\/blog\/urlaub\/schweiz-2013-03\/\"> <span class=\"screen-reader-text\">Schweiz 2013.03<\/span> Weiterlesen &raquo;<\/a><\/p>\n","protected":false},"author":1,"featured_media":0,"parent":8135,"menu_order":24,"comment_status":"open","ping_status":"open","template":"","meta":{"ngg_post_thumbnail":0,"activitypub_content_warning":"","activitypub_content_visibility":"","activitypub_max_image_attachments":2,"activitypub_interaction_policy_quote":"anyone","activitypub_status":"federated","footnotes":""},"class_list":["post-17936","page","type-page","status-publish","hentry"],"_links":{"self":[{"href":"https:\/\/www.andreas-edler.de\/blog\/wp-json\/wp\/v2\/pages\/17936","targetHints":{"allow":["GET"]}}],"collection":[{"href":"https:\/\/www.andreas-edler.de\/blog\/wp-json\/wp\/v2\/pages"}],"about":[{"href":"https:\/\/www.andreas-edler.de\/blog\/wp-json\/wp\/v2\/types\/page"}],"author":[{"embeddable":true,"href":"https:\/\/www.andreas-edler.de\/blog\/wp-json\/wp\/v2\/users\/1"}],"replies":[{"embeddable":true,"href":"https:\/\/www.andreas-edler.de\/blog\/wp-json\/wp\/v2\/comments?post=17936"}],"version-history":[{"count":0,"href":"https:\/\/www.andreas-edler.de\/blog\/wp-json\/wp\/v2\/pages\/17936\/revisions"}],"up":[{"embeddable":true,"href":"https:\/\/www.andreas-edler.de\/blog\/wp-json\/wp\/v2\/pages\/8135"}],"wp:attachment":[{"href":"https:\/\/www.andreas-edler.de\/blog\/wp-json\/wp\/v2\/media?parent=17936"}],"curies":[{"name":"wp","href":"https:\/\/api.w.org\/{rel}","templated":true}]}}