{"id":17475,"date":"2013-01-06T14:55:30","date_gmt":"2013-01-06T13:55:30","guid":{"rendered":"http:\/\/www.andreas-edler.de\/blog\/?page_id=17475"},"modified":"2025-07-12T19:03:49","modified_gmt":"2025-07-12T17:03:49","slug":"schweiz-2005-08","status":"publish","type":"page","link":"https:\/\/www.andreas-edler.de\/blog\/urlaub\/schweiz-2005-08\/","title":{"rendered":"Schweiz 2005.08"},"content":{"rendered":"<h3>Besuch in der Schweiz bei Martina &#038; Michael in Faulensee am Thuner See (08\/2005)<\/h3>\n<h4>10.08.2005<\/h4>\n<div class=\"info\">\n<h4>Entfernung &amp; Verbrauch<br \/>\n    Volvo V40 2.0t &#8211; z\u00fcgig gefahren<\/h4>\n<ul>\n<li>Strecke: 1.949 km<\/li>\n<li>Verbrauch: 195,34 Liter<\/li>\n<li>Schnitt: 10,02 l \/ 100 km<\/li>\n<\/ul>\n<\/div>\n<p>Mittwochmorgen um 4.05 Uhr sa\u00dfen wir im Auto und waren unterwegs in Richtung S\u00fcden. Gepackt hatten wir den Volvo am Vorabend. Und auch wenn es ein Kombi ist, mu\u00df man doch gucken, wo welche Tasche hinkommt. Und der Kinderbuggy mu\u00df auch noch mit, und dies und das &#8230; ;-) Aber ich konnte noch ganz bequem durch die Heckscheibe gucken. Die Bahn war sch\u00f6n frei und nach 2 1\/2 Stunden sahen wir zur Linken Frankfurt liegen.<\/p>\n<div class=\"bild\"><a href=\"http:\/\/www.andreas-edler.de\/grafik\/urlaub\/schweiz200508\/20050810_1.jpg\"><img loading=\"lazy\" decoding=\"async\" src=\"http:\/\/www.andreas-edler.de\/grafik\/urlaub\/schweiz200508\/20050810_1_k.jpg\" width=\"250\" height=\"187\" border=\"0\" alt=\"\"><\/a><\/div>\n<p>In dem Tempo ging es weiter voran. Ruckzuck waren wir bei Basel, passierten Bern und so gegen Mittag fuhren wir bei Martina auf den Hof. Die hatte an diesem Tag Urlaub und wir konnten unsere Sachen in die Wohnung bringen. Das Wetter meinte es &quot;halbwegs&quot; gut. Bew\u00f6lkt aber nicht richtig kalt. Kurz hinter der Grenze hatte ich die lange Jeans gegen eine kurze Hose und T-Shirt getauscht.<\/p>\n<div class=\"bild\"><a href=\"http:\/\/www.andreas-edler.de\/grafik\/urlaub\/schweiz200508\/20050811_1.jpg\"><img loading=\"lazy\" decoding=\"async\" src=\"http:\/\/www.andreas-edler.de\/grafik\/urlaub\/schweiz200508\/20050811_1_k.jpg\" width=\"250\" height=\"185\" border=\"0\" alt=\"\"><\/a><\/div>\n<h4>11.08.2005<\/h4>\n<p>Au\u00dfer ausruhen lief am Mittwoch nicht viel. Bi\u00dfchen rumgegammelt, Zeitung gelesen und aus dem Fenster geguckt. Donnerstag haben wir uns nach dem Fr\u00fchst\u00fcck ins Auto gesetzt und sind auf blauen Dunst in Richtung Brienz gefahren. Alex bl\u00e4tterte w\u00e4hrend der Fahrt in einem Reisef\u00fchrer und die Beschreibung der Gie\u00dfbacher Wasserf\u00e4lle h\u00f6rte sich ganz nett an. Also rauf auf den Berg. Zumindest ging&#8217;s erst mal bergauf und die Wegweiser redeten nicht nur von den F\u00e4llen, sondern auch von der Axalp.<\/p>\n<div class=\"bild\"><a href=\"http:\/\/www.andreas-edler.de\/grafik\/urlaub\/schweiz200508\/20050811_2.jpg\"><img loading=\"lazy\" decoding=\"async\" src=\"http:\/\/www.andreas-edler.de\/grafik\/urlaub\/schweiz200508\/20050811_2_k.jpg\" width=\"250\" height=\"187\" border=\"0\" alt=\"\"><\/a><\/div>\n<p>Das <a href=\"http:\/\/www.brienzersee.ch\/Giessbach\/default.asp\" target=\"_new\" rel=\"noopener noreferrer\">Hotel Giessbach mit den Wasserf\u00e4llen<\/a> liegt super sch\u00f6n. Im Wald sind reichlich Wanderwege, die gut besucht waren. Von Turnschuhtr\u00e4gern wie uns ;-), Wanderern in voller Montur und reichlich Radlern. Mit Mountain-, Trekking und Baumarktr\u00e4dern waren alle m\u00f6glichen Altersgruppen unterwegs. In der Schweiz wird offensichtlich gerne und viel Rad gefahren. Tim fand die Sache auch sehr spannend. Wasser ist eh das Gr\u00f6\u00dfte &#8230; und dann auch noch so rauschend!<\/p>\n<div class=\"bild\"><a href=\"http:\/\/www.andreas-edler.de\/grafik\/urlaub\/schweiz200508\/20050811_3.jpg\"><img loading=\"lazy\" decoding=\"async\" src=\"http:\/\/www.andreas-edler.de\/grafik\/urlaub\/schweiz200508\/20050811_3_k.jpg\" width=\"250\" height=\"187\" border=\"0\" alt=\"\"><\/a><\/div>\n<p>Aber so richtig lange laufen will er irgendwie nicht. Und ihn st\u00e4ndig durch die Gegend tragen wollen wir nicht. Also zur\u00fcck zum Auto und weiter. Da wir eh nichts geplant hatten, bog ich kurzerhand bergaufw\u00e4rts ein und dann ging&#8217;s auf einer schmalen Stra\u00dfe auf den Berg. Gegenverkehr war nicht wirklich gut, da musste man dann in kleinen Ausweichbuchten anhalten. Und nach unten gucken durfte ich auch nicht mit meiner H\u00f6henangst. Das ging teilweise schon ziemlich am Rand lang. Ich kann den Busfahrer nicht verstehen, der uns da entgegen kam ;-)<\/p>\n<div class=\"bild\"><a href=\"http:\/\/www.andreas-edler.de\/grafik\/urlaub\/schweiz200508\/20050811_4.jpg\"><img loading=\"lazy\" decoding=\"async\" src=\"http:\/\/www.andreas-edler.de\/grafik\/urlaub\/schweiz200508\/20050811_4_k.jpg\" width=\"250\" height=\"187\" border=\"0\" alt=\"\"><\/a><\/div>\n<p>Als wir oben waren war die Sicht nicht so berauschend. Ziemlich diesig und die Wolken kamen immer niedriger. Allerdings war dort oben auf der <a href=\"http:\/\/www.axalp.ch\/\" target=\"_new\" rel=\"noopener noreferrer\">Axalp<\/a> ein nettes kleines Feriendorf und etliche Schilder priesen auch noch weitere Baugrundst\u00fccke an. Wenn ich das Geld h\u00e4tte &#8230; ist schon sch\u00f6n so auf &#8217;nem Berg. Wir hatten gar nicht gemerkt, dass schon Mittag war. Da passte es ganz gut, dass wir direkt vor dem <a href=\"http:\/\/www.bellevue-axalp.ch\/\" target=\"_new\" rel=\"noopener noreferrer\">Hotel\/Restaurant Bellevue<\/a> parkten. R\u00f6sti mit Speck und Spiegelei f\u00fcr 14 SFR war gar nicht teuer! Eine gro\u00dfe Portion und sehr lecker. Wie schon gesagt, schlechte Sicht &#8230; also habe ich ein wenig mit dem Makro rumgespielt ;-)<\/p>\n<div class=\"bild\"><a href=\"http:\/\/www.andreas-edler.de\/grafik\/urlaub\/schweiz200508\/20050811_5.jpg\"><img loading=\"lazy\" decoding=\"async\" src=\"http:\/\/www.andreas-edler.de\/grafik\/urlaub\/schweiz200508\/20050811_5_k.jpg\" width=\"250\" height=\"187\" border=\"0\" alt=\"\"><\/a><\/div>\n<p>Auf der R\u00fcckfahrt haben wir noch ein paar Minuten am Brienzer See gerastet und Enten gef\u00fcttert. Am Thuner und Brienzer See f\u00e4hrt man die ganze Zeit direkt am Wasser und hat meist einen pr\u00e4chtigen Blick auf das gegen\u00fcberliegende Ufer und die umliegenden Berge. Au\u00dferdem gibt es oft kleine Parkpl\u00e4tze, so da\u00df man quasi \u00fcberall anhalten und ans Wasser gehen kann. Sehr sch\u00f6n das!<\/p>\n<h4>12.08.2005<\/h4>\n<div class=\"bild\"><a href=\"http:\/\/www.andreas-edler.de\/grafik\/urlaub\/schweiz200508\/20050812_1.jpg\"><img loading=\"lazy\" decoding=\"async\" src=\"http:\/\/www.andreas-edler.de\/grafik\/urlaub\/schweiz200508\/20050812_1_k.jpg\" width=\"250\" height=\"187\" border=\"0\" alt=\"\"><\/a><\/div>\n<p>Freitag stand wieder eine Fahrt Richtung Brienz auf dem Plan. Die Richtung kannten wir ja schon nur das Ziel, <a href=\"http:\/\/www.ballenberg.ch\/\" target=\"_new\" rel=\"noopener noreferrer\">das Freilichtmuseum &quot;Ballenberg&quot;<\/a>, kannten wir noch nicht. War aber schnell gefunden. In dem Museum sind alte K\u00e4sereien, M\u00fchlen, Bauernh\u00e4user, S\u00e4gewerke usw. &quot;ausgestellt&quot;. Die teilweise 200 Jahre alten Bauten wurden am Originalplatz ab- und in Ballenberg wieder aufgebaut. So wie im Freilichtmuseum in Detmold &#8211; nur gr\u00f6\u00dfer und sch\u00f6ner *g*<\/p>\n<div class=\"bild\"><a href=\"http:\/\/www.andreas-edler.de\/grafik\/urlaub\/schweiz200508\/20050812_2.jpg\"><img loading=\"lazy\" decoding=\"async\" src=\"http:\/\/www.andreas-edler.de\/grafik\/urlaub\/schweiz200508\/20050812_2_k.jpg\" width=\"250\" height=\"187\" border=\"0\" alt=\"\"><\/a><\/div>\n<p>F\u00fcr Tim gab&#8217;s reichlich zu gucken. Streichelzoo mit Ziegen, \u00fcberall Hasen, H\u00fchner, K\u00fche und Schweine. Kennt er zwar alles auch so im Original, das \u00e4nderte aber nichts an seiner Begeisterung! Au\u00dferdem gab&#8217;s noch Karusellfahren und \u00fcberhaupt viele Treppen und Leitern zum Klettern. War ein anstrengender und aufregender Tag f\u00fcr den Kleinen. Und dann auch noch abends immer etwas l\u00e4nger aufbleiben als normal &#8211; ich denke Tim f\u00fchlte sich sauwohl!<\/p>\n<div class=\"bild\"><a href=\"http:\/\/www.andreas-edler.de\/grafik\/urlaub\/schweiz200508\/20050812_3.jpg\"><img loading=\"lazy\" decoding=\"async\" src=\"http:\/\/www.andreas-edler.de\/grafik\/urlaub\/schweiz200508\/20050812_3_k.jpg\" width=\"250\" height=\"187\" border=\"0\" alt=\"\"><\/a><\/div>\n<p>Abends dann noch ein wenig ausruhen und durch die Gegend gucken und die Landschaft geniessen. Habe ich schon gesagt, dass ich einen Urlaub in den Bergen jederzeit einem Strandurlaub vorziehen w\u00fcrde? Vorausgesetzt es ist ein See in der N\u00e4he.<\/p>\n<h4>13.08.2005<\/h4>\n<div class=\"bild\"><a href=\"http:\/\/www.andreas-edler.de\/grafik\/urlaub\/schweiz200508\/20050813_1.jpg\"><img loading=\"lazy\" decoding=\"async\" src=\"http:\/\/www.andreas-edler.de\/grafik\/urlaub\/schweiz200508\/20050813_1_k.jpg\" width=\"250\" height=\"187\" border=\"0\" alt=\"\"><\/a><\/div>\n<p>Aufgrund einiger Umst\u00e4nde brachen wir unsere Zelte in der Schweiz bereits am Samstag morgen ab. Bei wolkenverhangenem Himmel, aber angenehmen Temperaturen, packten wir unsere sieben Sachen in den Wagen und brachen auf in Richtung Norden. Da wir aber irgendwie auch noch keine Lust auf Oeynhausen hatten, riefen wir von Basel aus bei Freunden in Aachen an und fragten, ob sie am Abend schon was vor h\u00e4tten. Hatten sie nicht und wir beschieden ihnen, dass wir dann in 8 Stunden da seien ;-) Wir w\u00e4hlten die vermeintlich reizvollere Strecke \u00fcber Mulhouse, Nancy, Metz und Luxembourg nach Aachen. Aber irgendwie sehen die Tankstellen \u00fcberall gleich aus :-)<\/p>\n<div class=\"bild\"><a href=\"http:\/\/www.andreas-edler.de\/grafik\/urlaub\/schweiz200508\/20050813_2.jpg\"><img loading=\"lazy\" decoding=\"async\" src=\"http:\/\/www.andreas-edler.de\/grafik\/urlaub\/schweiz200508\/20050813_2_k.jpg\" width=\"250\" height=\"187\" border=\"0\" alt=\"\"><\/a><\/div>\n<p>Hinter Mulhouse so ca. 180 Km vor Nancy stand pl\u00f6tzlich ein Polizist auf der Stra\u00dfe und winkte nach rechts. Ne, zu schnell war ich nicht, die Hauptstra\u00dfe war gesperrt! Keine Umleitung ausgeschildert und unsere Karte fasste Frankreich auf einer DIN A4 Seite zusammen. Herzlichen Gl\u00fcckwunsch. Ich wei\u00df nun wo &quot;Col de Schlucht&quot;, &quot;Colmar&quot; und noch eine ganze Menge anderer Orte mit gammeligen Jalousien liegen. Ehrlich gesagt hat mir das Fahren in der Walachei Spa\u00df gemacht. Aber wir wollten ja auch nicht erst um Mitternacht in Aachen sein.<\/p>\n<div class=\"bild\"><a href=\"http:\/\/www.andreas-edler.de\/grafik\/urlaub\/schweiz200508\/20050813_3.jpg\"><img loading=\"lazy\" decoding=\"async\" src=\"http:\/\/www.andreas-edler.de\/grafik\/urlaub\/schweiz200508\/20050813_3_k.jpg\" width=\"250\" height=\"187\" border=\"0\" alt=\"\"><\/a><\/div>\n<p>Zwischen Nancy und Metz war Stau, nach Luxembourg war eine Umleitung auf franz\u00f6sisch ausgeschildert &#8211; klar &#8211; haben wir nicht gefunden und mussten dann durch Belgien krepeln. Dort gibt&#8217;s nur Kreisverkehr und Baustellen. 10 Km in 60 Minuten. Klasse. 31\u00b0 Au\u00dfentemperatur und es geht nicht voran. &quot;Vermeintlich reizvoller&quot; von 2 Abs\u00e4tzen weiter oben ist sehr schmeichelnd umschrieben. Nach 10 Stunden Fahrt kamen wir endlich in Aachen an wo wir freudig empfangen wurden. Erstmal hinsetzen und ein K\u00f6lsch trinken!<\/p>\n<h4>14.08.2005<\/h4>\n<div class=\"bild\"><a href=\"http:\/\/www.andreas-edler.de\/grafik\/urlaub\/schweiz200508\/20050814_1.jpg\"><img loading=\"lazy\" decoding=\"async\" src=\"http:\/\/www.andreas-edler.de\/grafik\/urlaub\/schweiz200508\/20050814_1_k.jpg\" width=\"250\" height=\"187\" border=\"0\" alt=\"\"><\/a><\/div>\n<p>Nachdem am Vorabend \u00fcberraschenderweise bestes Wetter war und wir noch bis 12 Uhr nachts im Garten gesessen haben und erz\u00e4hlten, pr\u00e4sentierte sich der Sonntag wie man es vom Regenloch Aachen gewohnt ist: na\u00df. Es go\u00df in Str\u00f6men. Aber den Kindern machte das nichts, die haben drinnen gespielt, wir haben lecker gefr\u00fchst\u00fcckt und irgendwann guckte die Sonne zwar nicht raus, aber die Wolken blieben dicht. Schnell ab auf den Spielplatz und ein bi\u00dfchen toben.<\/p>\n<p>Aber so nett es in Aachen auch war, wir wollten doch noch nach Hause. Um kurz vor 18 Uhr machten wir uns auf den Weg Richtung Heimat. Die Autobahn war nicht ganz frei und ein paar Baustellen gab&#8217;s auch, aber man kam gut durch ;-) Ganz bi\u00dfchen \u00fcber 2 Stunden habe ich gebraucht, bis ich vor der Haust\u00fcr geparkt habe. Spritsparend war das sicher nicht, aber spa\u00dff\u00f6rdernd *veg* Nein, davon gibt&#8217;s keine Fotos, bei dem Tempo habe ich die H\u00e4nde lieber am Lenkrad! ;-)<\/p>\n<p>Vielen Dank f\u00fcr die Unterk\u00fcnfte und das sehr spontane Quartier und die Verpflegung!<\/p>\n","protected":false},"excerpt":{"rendered":"<p>Besuch in der Schweiz bei Martina &#038; Michael in Faulensee am Thuner See (08\/2005) 10.08.2005 Entfernung &amp; Verbrauch Volvo V40 2.0t &#8211; z\u00fcgig gefahren Strecke: 1.949 km Verbrauch: 195,34 Liter Schnitt: 10,02 l \/ 100 km Mittwochmorgen um 4.05 Uhr &hellip;<\/p>\n<p class=\"read-more\"> <a class=\"more-link\" href=\"https:\/\/www.andreas-edler.de\/blog\/urlaub\/schweiz-2005-08\/\"> <span class=\"screen-reader-text\">Schweiz 2005.08<\/span> Weiterlesen &raquo;<\/a><\/p>\n","protected":false},"author":1,"featured_media":0,"parent":8135,"menu_order":35,"comment_status":"open","ping_status":"open","template":"","meta":{"ngg_post_thumbnail":0,"activitypub_content_warning":"","activitypub_content_visibility":"","activitypub_max_image_attachments":2,"activitypub_interaction_policy_quote":"anyone","activitypub_status":"federated","footnotes":""},"class_list":["post-17475","page","type-page","status-publish","hentry"],"_links":{"self":[{"href":"https:\/\/www.andreas-edler.de\/blog\/wp-json\/wp\/v2\/pages\/17475","targetHints":{"allow":["GET"]}}],"collection":[{"href":"https:\/\/www.andreas-edler.de\/blog\/wp-json\/wp\/v2\/pages"}],"about":[{"href":"https:\/\/www.andreas-edler.de\/blog\/wp-json\/wp\/v2\/types\/page"}],"author":[{"embeddable":true,"href":"https:\/\/www.andreas-edler.de\/blog\/wp-json\/wp\/v2\/users\/1"}],"replies":[{"embeddable":true,"href":"https:\/\/www.andreas-edler.de\/blog\/wp-json\/wp\/v2\/comments?post=17475"}],"version-history":[{"count":0,"href":"https:\/\/www.andreas-edler.de\/blog\/wp-json\/wp\/v2\/pages\/17475\/revisions"}],"up":[{"embeddable":true,"href":"https:\/\/www.andreas-edler.de\/blog\/wp-json\/wp\/v2\/pages\/8135"}],"wp:attachment":[{"href":"https:\/\/www.andreas-edler.de\/blog\/wp-json\/wp\/v2\/media?parent=17475"}],"curies":[{"name":"wp","href":"https:\/\/api.w.org\/{rel}","templated":true}]}}