{"id":17472,"date":"2013-01-06T14:47:16","date_gmt":"2013-01-06T13:47:16","guid":{"rendered":"http:\/\/www.andreas-edler.de\/blog\/?page_id=17472"},"modified":"2025-07-12T19:03:49","modified_gmt":"2025-07-12T17:03:49","slug":"schweiz-2005-01","status":"publish","type":"page","link":"https:\/\/www.andreas-edler.de\/blog\/urlaub\/schweiz-2005-01\/","title":{"rendered":"Schweiz 2005.01 &#8211; Faulensee am Thuner See"},"content":{"rendered":"<h4 align=\"center\">[<a href=\"#20050105\">05.01.05&nbsp;&#8211;&nbsp;Abfahrt&nbsp;und&nbsp;Ankunft<\/a>] [<a href=\"#20050106\">06.01.2005&nbsp;&#8211;&nbsp;Weinbergspaziergang<\/a>] [<a href=\"#20050107\">07.01.2005&nbsp;&#8211;&nbsp;Allmist\u00fcbli<\/a>] [<a href=\"#20050108\">08.01.2005&nbsp;&#8211;&nbsp;Interlaken<\/a>] [<a href=\"#20050109\">09.01.2005&nbsp;&#8211;&nbsp;Thun<\/a>]<br \/>[<a href=\"#20050110\">10.01.2005&nbsp;&#8211;&nbsp;Rumgammeln<\/a>] [<a href=\"#20050111\">11.01.2005&nbsp;&#8211;&nbsp;Abreise&nbsp;\/&nbsp;Pfungstadt&nbsp;\/&nbsp;Heimfahrt<\/a>]<\/h4>\n<hr>\n<h4><a name=\"20050105\">05.01.2005 &#8211; 4.15 Uhr<\/a><\/h4>\n<p>Aufstehen! Welch unchristliche Zeit, aber der <a href=\"http:\/\/www.falk.de\" target=\"_new\" rel=\"noopener noreferrer\">Falk Routenplaner<\/a> hatte 6 Stunden und 40 Minuten Fahrtzeit ausgerechnet bis Faulensee\/Schweiz &#8211; und wir wollten ja nicht erst am sp\u00e4ten Nachmittag dort ankommen. Der Wagen war schon gepackt und so mussten wir uns nur noch anziehen, noch ein wenig Krims-Krams einpacken und Tim m\u00f6glichst schnell in seinen Kindersitz packen (und hoffen, dass er weiter schl\u00e4ft)!<\/p>\n<\/p>\n<p><div class=\"bild\"><img loading=\"lazy\" decoding=\"async\" src=\"http:\/\/www.andreas-edler.de\/grafik\/urlaub\/schweiz2005\/20050105_timschlaeft.jpg\" width=\"250\" height=\"187\" border=\"0\" alt=\"\"><\/div>\n<p>Um 10 vor 5 fuhren wir dann vom Hof. Gl\u00fccklicherweise hat Tim geschlafen. Bis Frankfurt fuhren wir nur 2 1\/2 Stunden, kurz vor Basel waren wir nach knapp 6 Stunden (incl. einer Stunde Pause!) &#8230; Leider kam dann die Grenze zur Schweiz. 30 Minuten Wartezeit und ein ewiges Hin- und Her auf den 3 &quot;Stand&quot;spuren, weil alle versuchten, die Spur zu erwischen, die gerade am schnellsten war &#8211; nat\u00fcrlich waren dadurch alle langsam. Gut, dass wir schon bei Basel eine Vignete gekauft hatten. Wir kamen dann tats\u00e4chlich schneller \u00fcber die Grenze an sich. Wurden einfach durchgewunken &#8211; da h\u00e4tten wir den Kinderausweis f\u00fcr Tim gar nicht besorgen m\u00fcssen ;-)<\/p>\n<p><div class=\"bild\"><img loading=\"lazy\" decoding=\"async\" src=\"http:\/\/www.andreas-edler.de\/grafik\/urlaub\/schweiz2005\/20050105_faulensee_schnee.jpg\" width=\"250\" height=\"187\" border=\"0\" alt=\"\"><\/div>\n<p>In der Schweiz gelten andere Geschwindigkeiten, als in D-Land. 120 auf Autobahnen, au\u00dferorts 80 und innerorts 50. Gerne bauen die Schweizer allerdings auch wahllos Gebotsschilder mit noch niedrigeren Geschwindigkeiten auf, so dass wir auf der Bahn oftmals auch nur 80 hatten &#8211; ohne einen erkennbaren Grund. Da die Strafen drastisch h\u00f6her sind als bei uns, scheinen sich alle Schweizer an die Beschr\u00e4nkungen zu halten. Allerdings nach einem geheimen und f\u00fcr Aussenstehende nicht zu erkennenden Muster. Nach Begrenzungsschildern wird abrupt die Geschwindigkeit verringert, gern in Verbindung mit der Warnblinkanlage. So wird dann statt 100 pl\u00f6tzlich nur 60 gefahren, bei 120 vielleicht 80 oder auch 90 &#8211; in Verbindung mit Warnblinkern f\u00e4hrt der Schweizer nochmal 20 Km\/h langsamer. Baustellen oder Unf\u00e4lle sahen wir jedoch keine. Es mu\u00df ein altes Ritual sein &#8211; keine Ahnung! Jedenfalls brauchten wir f\u00fcr die 200 Km in der Schweiz so lange wie f\u00fcr die 600 Km in Deutschland.<\/p>\n<p><div class=\"bild\"><img loading=\"lazy\" decoding=\"async\" src=\"http:\/\/www.andreas-edler.de\/grafik\/urlaub\/schweiz2005\/20050105_faulensee_ankunft.jpg\" width=\"250\" height=\"187\" border=\"0\" alt=\"\"><\/div>\n<p>Da es ebenfalls eine Eigenart der Schweizer zu scheint, Stra\u00dfen zwar Namen zu geben, diese aber nicht \u00f6ffentlich auf Schildern sichtbar zu machen, haben wir uns dann kurz vor Faulensee noch mal ein ganz klein bi\u00dfchen verfahren &#8211; war aber nur ein Kreuzung! Schlu\u00dfendlich haben wir das Domizil am See dann doch gefunden! Es war kalt, aber die Sonne l\u00f6ste gerade die letzten Nebel vom Vormittag auf und die Luft war klar und frisch. Martina und Michael hatten Kuchen vorbereitet und wir ruhten erstmal aus, bevor wir uns auf &#8217;ne kleine Runde durch den Ort machten. Echt sch\u00f6n &#8211; wo manche Urlaub machen, k\u00f6nnen andere das ganze Jahr wohnen!<\/p>\n<h4><a name=\"20050106\">06.01.2005<\/a><\/h4>\n<p><div class=\"bild\"><img loading=\"lazy\" decoding=\"async\" src=\"http:\/\/www.andreas-edler.de\/grafik\/urlaub\/schweiz2005\/20050105_tim_onkel_tante.jpg\" width=\"250\" height=\"187\" border=\"0\" alt=\"Michael mit Tim auf dem Schoss und Tante Tina\"><\/div>\n<p>Ich hatte morgens ein wenig Kopfschmerzen. Wahrscheinlich die kalte Luft auf meiner noch nicht ganz auskurierten Nebenh\u00f6hlenvereiterung und dann war&#8217;s im Schlafzimmer ungewohnt warm &#8230; nach &#8217;ner Tablette geht&#8217;s aber jetzt. Wir haben lecker gefr\u00fchst\u00fcckt und Tim scheint sich pr\u00e4chtig zu am\u00fcsieren. Rennt \u00fcberall rum und mu\u00df alles anfassen und &quot;aufr\u00e4umen&quot;. Bl\u00f6d, wenn man so viele CDs hat ;-)<\/p>\n<p><div class=\"bild\"><img loading=\"lazy\" decoding=\"async\" src=\"http:\/\/www.andreas-edler.de\/grafik\/urlaub\/schweiz2005\/20050106_ueber_spiez.jpg\" width=\"250\" height=\"187\" border=\"0\" alt=\"\"><\/div>\n<p>Nachdem wir am Vormittag nett entspannt und gelesen und ged\u00f6st haben, ging&#8217;s nach Tims Mittagsschlaf auf einen kleinen Spaziergang im Nachbarort Spiez. Morgens war es noch ziemlich diesig &#8211; was Michael und Martina trotzdem nicht abhielt, auf der Terasse draussen zu sitzen um zu lesen! Verr\u00fcckt &#8211; dabei sind die doch noch gar keine Schweizer :-) Wie dem auch sei, nachmittags war das Wetter deutlich besser und wir gingen durch einen kleinen Weinberg durch Schnee (und Matsch) &#8230; nat\u00fcrlich sah es von drinnen k\u00e4lter aus, als es drau\u00dfen war und wenn man Tim den Berg rauf tr\u00e4gt, kommt man doch ein bi\u00dfchen ins Schwitzen!<\/p>\n<p><div class=\"bild\"><img loading=\"lazy\" decoding=\"async\" src=\"http:\/\/www.andreas-edler.de\/grafik\/urlaub\/schweiz2005\/20050106_volvo_von_ferne.jpg\" width=\"250\" height=\"187\" border=\"0\" alt=\"\"><\/div>\n<p>Das Benzin in der Schweiz ist &#8217;ne ganze Ecke g\u00fcnstiger als bei uns und so habe ich noch schnell den Tank aufgef\u00fcllt. Zum einen konnte ich danach ausrechnen, dass der Volvo auf der Hinfahrt f\u00fcr die 802 gefahrenen Kilometer ziemlich genau 91,3 Liter Super bleifrei verbraucht hat. Das ist mit 11,4 l\/100 deutlich besser, als die 18 Liter Durchschnitt von vor 3 Wochen (*g* Aber ich bin ja auch nicht so gerast!) Zum anderen konnte ich an der Tanke endlich zwei 1 1\/2 Liter Flaschen Cola Light kaufen &#8211; hatte schon Entzug!<\/p>\n<p>Abends haben wir den Tag dann mit &quot;Tats\u00e4chlich Liebe&quot; ausklingen lassen. Ganz nette Unterhaltung f\u00fcr zwischendurch. Aber nicht der Knaller als der er uns von Freunden angek\u00fcndigt worden war.<\/p>\n<h4><a name=\"20050107\">07.01.2005<\/a><\/h4>\n<p><div class=\"bild\"><img loading=\"lazy\" decoding=\"async\" src=\"http:\/\/www.andreas-edler.de\/grafik\/urlaub\/schweiz2005\/20050107_doesen_auf_terasse.jpg\" width=\"250\" height=\"187\" border=\"0\" alt=\"\"><\/div>\n<p>Michael hat keinen Urlaub und muss normal zur Arbeit &#8211; was uns aber nicht daran hinderte, erstmal lange auszuschlafen. Naja, so lange, wie uns Tim lie\u00df &#8230; und dann haben wir halt noch ein wenig im Bett rumgegammelt w\u00e4hrend der Kleine die Bude auf den Kopf gestellt hat. Vor dem Mittagessen und dem anschlie\u00dfenden Mittagsschlaf von Tim haben wir nichts weiter getan, als zu d\u00f6sen und zu lesen. Ich auf dem Sofa und die beiden Damen auf der sonnenbeschienenen Terasse im Schnee.<\/p>\n<p><div class=\"bild\"><img loading=\"lazy\" decoding=\"async\" src=\"http:\/\/www.andreas-edler.de\/grafik\/urlaub\/schweiz2005\/20050107_almstuebli.jpg\" width=\"250\" height=\"187\" border=\"0\" alt=\"\"><\/div>\n<p>Am Nachmittag fuhren wir dann erstmal einkaufen &#8211; Cola Vorrat erneuern, &quot;Stern&quot; f\u00fcr die abendliche Ablenkung und &quot;Landj\u00e4ger&quot; zum Salat. Dann ging&#8217;s hoch zu einer kleinen Skipiste. Den gr\u00f6\u00dften Teil des Weges sind wir mit dem Auto gefahren, nur die letzten 2 Kilometer waren zu Fu\u00df zur\u00fcck zu legen. Kein Problem. Tim auf die Schultern und hoch auf den Berg. Ich war \u00fcberrascht, wie klein manche der Skifahrer dort waren. Die konnten doch h\u00f6chsten 3 Jahre alt sein! Unglaublich &#8211; ich w\u00fcrde mich ja nie so einen steilen Berg runter st\u00fcrzen ;-)<\/p>\n<p><div class=\"bild\"><img loading=\"lazy\" decoding=\"async\" src=\"http:\/\/www.andreas-edler.de\/grafik\/urlaub\/schweiz2005\/20050107_skifahrer.jpg\" width=\"250\" height=\"187\" border=\"0\" alt=\"\"><\/div>\n<p>An der H\u00fctte tranken wir noch ein Tasse Kakao, welcher als warme Milch mit einer Packung Pulver getarnt serviert wurde. Auf der Tasse stand &quot;Ovomaltine&quot; &#8211; das habe ich ja schon 15 Jahre nicht mehr geh\u00f6rt! Dazu wurde ein klitzekleiner Keks serviert. Ich sch\u00e4tze, dass dieses Minimalgedeck sauteuer war. Mangels Franken kann ich&#8217;s aber nicht sagen, Schw\u00e4gerin hat bezahlt.<\/p>\n<p><div class=\"bild\"><img loading=\"lazy\" decoding=\"async\" src=\"http:\/\/www.andreas-edler.de\/grafik\/urlaub\/schweiz2005\/20050107_tim_auf_almstuebli.jpg\" width=\"250\" height=\"187\" border=\"0\" alt=\"\"><\/div>\n<p>Beim Einkaufen habe ich auch das Kino in Spiez entdeckt. Aber &quot;Blade Trinity&quot; kannte ich schon, diesen Trapper-Film wollte ich nicht sehen und f\u00fcr chinesische Flug\u00fcbungen (&quot;House of the flying Daggers&quot;) habe ich nichts \u00fcbrig. Mal sehen, reizen tut&#8217;s mich ja schon in &#8217;nem &quot;fremden Land&quot; in&#8217;s Kino zu gehen. Aber heute wird&#8217;s wohl nichts.<\/p>\n<p>Der Abend wurde sitzender-, erz\u00e4hlender- und lesenderweise im Wohnzimmer und der K\u00fcche verbracht.<\/p>\n<h4><a name=\"20050108\">08.01.2005<\/a><\/h4>\n<p><div class=\"bild\"><img loading=\"lazy\" decoding=\"async\" src=\"http:\/\/www.andreas-edler.de\/grafik\/urlaub\/schweiz2005\/20050108_tim_weckt.jpg\" width=\"250\" height=\"187\" border=\"0\" alt=\"\"><\/div>\n<p>Bis 8 Uhr haben wir im Bett gelegen, aber dann war Tim nicht mehr mit Baukl\u00f6tzen ruhig zu stellen und verlangte mehr Aufmerksamkeit. Also aufstehen, duschen und Fr\u00fchst\u00fcck machen. Lecker aufgebackene Br\u00f6tchen mit Aufschnitt und allem was dazu geh\u00f6rt. Dar\u00fcber verging die Zeit recht fix und es war pl\u00f6tzlich halb 1 &#8211; Bettgehzeit f\u00fcr Tim und Nachmittagssonnen f\u00fcr die beiden Damen. Derweil ich am PC sa\u00df und an dieser Seite weiter bastelte. Als der Mittagsschlaf rum war, hat der Kleine Mama erstmal wach gemacht &#8230;<\/p>\n<p><div class=\"bild\"><img loading=\"lazy\" decoding=\"async\" src=\"http:\/\/www.andreas-edler.de\/grafik\/urlaub\/schweiz2005\/20050108_interlaken1.jpg\" width=\"250\" height=\"187\" border=\"0\" alt=\"\"><\/div>\n<p>Die Nachmittagssonne wollten wir f\u00fcr einen kleinen Spaziergang im Nachbarort Interlaken nutzen. Martina und Michael wohnen ja noch nicht einmal 2 Monate in der Schweiz und waren auch noch nicht an so vielen Orten &#8211; nichtmal in der Umgebung. Es war also auch Neuland f\u00fcr Martina. Nachdem wir einen Parkplatz gefunden hatten (die alle sehr klein und kostenpflichtig sind), fragten wir die erste Passantin nach einer sch\u00f6nen Einkaufsstra\u00dfe oder anderen Sehensw\u00fcrdigkeiten. Nach ein paar Sekunden versch\u00e4mten \u00dcberlegens wurde uns allerdings gesagt, dass wir da Pech h\u00e4tten. Interlaken sei &quot;eine ganz schreckliche Stadt&quot; und sie k\u00f6nne uns beim besten Willen nichts Sch\u00f6nes nennen.<\/p>\n<p><div class=\"bild\"><img loading=\"lazy\" decoding=\"async\" src=\"http:\/\/www.andreas-edler.de\/grafik\/urlaub\/schweiz2005\/20050108_interlaken2.jpg\" width=\"250\" height=\"187\" border=\"0\" alt=\"\"><\/div>\n<p>Prima! Ehrlich sind die Schweizer offensichtlich :-) Ganz so schlimm, wie die Dame sagte, war es dann doch nicht. Der Ort hat schon ein paar sch\u00f6ne Ecken. Insgesamt kann man aber wirklich von niemandem verlangen, er solle die Stadt lobpreisen. Die Fu\u00dfg\u00e4ngerzone scheint nur eine kurze Stra\u00dfe zu sein (mehr haben wir nicht entdecken k\u00f6nnen) und ansonsten schl\u00e4ngeln sich viele enge, aber nichtsdestotrotz stark befahrene, Stra\u00dfen durch den Ort. Trotz des guten Wetters kein Ort, der uns einlud, in einem Stra\u00dfencafe eine Tasse Schokolade zu trinken &#8230;<\/p>\n<p><div class=\"bild\"><img loading=\"lazy\" decoding=\"async\" src=\"http:\/\/www.andreas-edler.de\/grafik\/urlaub\/schweiz2005\/20050108_abendessen.jpg\" width=\"250\" height=\"187\" border=\"0\" alt=\"\"><\/div>\n<p>&quot;Zu Hause&quot; wurde dann das Essen vorbereitet &#8211; wobei ich mich da immer sehr zur\u00fcck halte. Alex und Martina haben das erledigt. Als Michael dann von seinem Job in Bern zur\u00fcckkam hatten wir alle schon einen Riesenhunger und st\u00fcrzten uns auf die lecker Suppe, die in wirklich originellen Schalen serviert wurde.<\/p>\n<p><div class=\"bild\"><img loading=\"lazy\" decoding=\"async\" src=\"http:\/\/www.andreas-edler.de\/grafik\/urlaub\/schweiz2005\/20050108_fernsehgucken.jpg\" width=\"250\" height=\"187\" border=\"0\" alt=\"\"><\/div>\n<p>Alsdann war Dienstagabend &#8230; was f\u00fcr Alex &quot;Emergency Room&quot; bedeutet. Sehr verwunderlich, dass Martina &#8211; immerhin seit Ewigkeiten Krankenschwester auf der Intensivstation &#8211; die Serie nicht kannte. F\u00fcr mich hei\u00dft Dienstagabend allerdings eher &quot;Nip\/Tuk&quot; &#8230; und f\u00fcr Martina &amp; Michael l\u00e4uft an dem Abend &quot;Monk&quot;. Netterweise hat der Fernsehgott all diese unn\u00fctzen Serien hintereinander ins Programm gestellt, so dass wir einen geruhsamen Abend vor der Glotze verbrachten.<\/p>\n<h4><a name=\"20050109\">09.01.2005<\/a><\/h4>\n<p>Morgens war um kurz nach 6 mal wieder die Nacht vorbei. Tim wird dann wach und mu\u00df ein bi\u00dfchen bespa\u00dft werden. Mit Gl\u00fcck kann man bis 8 im Bett weiterd\u00f6sen, aber dann ist aufstehen angesagt. Also gab&#8217;s wie in den letzten Tagen aufgebackene Br\u00f6tchen, Kaffee und Aufschnitt. Kann man sich nicht beschweren &#8211; das ist schon angenehmer als die Ei- und Fleischsalatbr\u00f6tchen mit Automatenkaffee, den es morgens im B\u00fcro immer gibt. Da kann man es schon mal 1 1\/2 Stunden am Tisch aushalten &#8230;<\/p>\n<p><div class=\"bild\"><img loading=\"lazy\" decoding=\"async\" src=\"http:\/\/www.andreas-edler.de\/grafik\/urlaub\/schweiz2005\/20050109_im_schnee_spielen.jpg\" width=\"250\" height=\"187\" border=\"0\" alt=\"\"><\/div>\n<p>Danach wollten Mama und Tante mit dem Sohn und Neffen einen Schneemann bauen, seinen ersten. Kalt genug war es und auch Schnee lag reichlich. Aber leider kein &quot;Schneemannschnee&quot;. Der wollte irgendwie nicht so richtig pappen und lie\u00df es einfach nicht zu, dass man daraus eine Kugel formte. Also blieb nichts anderes \u00fcbrig, als den Schnee als Sandkastenersatz zu nutzen. Reicht ja f\u00fcr&#8217;s Erste auch mal!<\/p>\n<p><div class=\"bild\"><img loading=\"lazy\" decoding=\"async\" src=\"http:\/\/www.andreas-edler.de\/grafik\/urlaub\/schweiz2005\/20050109_heimkino.jpg\" width=\"250\" height=\"187\" border=\"0\" alt=\"\"><\/div>\n<p>Ich hatte daf\u00fcr nichts \u00fcbrig, meine Nebenh\u00f6hlen meckerten ein wenig (obwohl das Antibiotika heute aufgebraucht war) und ich hatte Kopfschmerzen. Da hatte ich keinen Bock auf K\u00e4lte und Frost und bin lieber im Haus geblieben. In weiser Voraussicht hatte ich mir ein paar DVDs eingepackt (nein, nicht nur f\u00fcr mich, wir haben ja auch zusammen schon einen Film geguckt) und so machte ich es mir mit &quot;Lawrence of Arabia&quot; in meinem kleinen Heimkino gem\u00fctlich *g* Ich h\u00e4tte zwar auch den Fernseher nehmen k\u00f6nnen, aber mir war&#8217;s im Bett mit Kopfh\u00f6hrern irgendwie gem\u00fctlicher &#8230;<\/p>\n<p><div class=\"bild\"><img loading=\"lazy\" decoding=\"async\" src=\"http:\/\/www.andreas-edler.de\/grafik\/urlaub\/schweiz2005\/20050109_thun1.jpg\" width=\"250\" height=\"187\" border=\"0\" alt=\"\"><\/div>\n<p>Am Nachmittag &#8211; nach dem obligatorischen Sonnenbad auf der Terrasse w\u00e4hrend Tim&#8217;s Mittagsschlaf &#8211; stand wieder ein Ausflug auf dem Programm. Wir hofften (und Martina wu\u00dfte es, da sie schon dort waren), dass Thun h\u00fcbscher war als Interlaken. Das kann man auch einfach so unterschreiben. Eine nette Promenade am Flu\u00df entlang, kleine Gassen mit Resten vom Fasching (gl\u00fccklicherweise &quot;Resten&quot; &#8230; nicht auszudenken, wenn wir als Ostwestfalen in einen Faschingsumzug geraten w\u00e4ren ;-) und ruhige Pl\u00e4tze. Und Unmengen Enten, Schw\u00e4ne, Haubentaucher und M\u00f6wen f\u00fcr Tim, er war ganz begeistert.<\/p>\n<p><div class=\"bild\"><img loading=\"lazy\" decoding=\"async\" src=\"http:\/\/www.andreas-edler.de\/grafik\/urlaub\/schweiz2005\/20050109_thun2.jpg\" width=\"250\" height=\"187\" border=\"0\" alt=\"\"><\/div>\n<p>In Thun habe ich dann auch die ersten alten Vespen gesehen. Eigentlich dachte ich, hier im S\u00fcden seien davon mehr unterwegs, aber Pustekuchen. Daf\u00fcr standen in Thun einige &quot;benutzte&quot; PXen rum. Und sogar einen H\u00e4ndler mit reichlich &quot;Altmetall&quot; gab&#8217;s dort. Da standen tats\u00e4chlich auch zwei Lambrettas rum. Zwischen Spiez und Thun habe ich dann sogar noch 2 Volvoh\u00e4ndler und einen Bilsport Laden gesehen. Die haben auch Chips f\u00fcr den Volvo im Programm, soweit ich wei\u00df. Mal schauen &#8230; im August kommen wir ja wieder ;-)<\/p>\n<h4><a name=\"20050110\">10.01.2005<\/a><\/h4>\n<p>Eigentlich wollten wir heute schon auf der Heimeise sein, aber weil das Wetter so gut war, Martina &amp; Michael uns so nett bewirteten und Alex ein wenig bettelte, haben wir noch einen Tag &quot;drangeh\u00e4ngt&quot;.<\/p>\n<p><div class=\"bild\"><img loading=\"lazy\" decoding=\"async\" src=\"http:\/\/www.andreas-edler.de\/grafik\/urlaub\/schweiz2005\/20050110_dunkler.jpg\" width=\"250\" height=\"187\" border=\"0\" alt=\"\"><\/div>\n<p>Geplant war f\u00fcr den Tag nichts &#8230; au\u00dfer rumgammeln, ausruhen und die Gegend durch&#8217;s Fenster angucken. Das Wetter verschlechterte sich ein wenig, sonnen auf der Terasse war ungem\u00fctlich geworden und die Wolken kamen immer tiefer. Es fing an, grau auszusehen. So haben wir nach dem bekannt leckeren Fr\u00fchst\u00fcck ein wenig im Haus rumgespielt, gelesen und schon die Sachen gepackt, die wirklich nicht mehr ben\u00f6tigt werden<\/p>\n<p><div class=\"bild\"><img loading=\"lazy\" decoding=\"async\" src=\"http:\/\/www.andreas-edler.de\/grafik\/urlaub\/schweiz2005\/20050110_sonnenzimmer.jpg\" width=\"250\" height=\"187\" border=\"0\" alt=\"\"><\/div>\n<p>Am Nachmittag kam dann nochmal die Sonne raus, aber es war f\u00fcr den Balkon zu kalt. Darum wurden die Matten im &quot;Sonnenzimmer&quot; ausgebreitet. Dort war es dann auch sch\u00f6n muckelig war. Ein kruzer Spaziergang nach Tims Mittagsschlaf schlo\u00df sich an. Ich habe mich allerdings wieder vor den Laptop gesetzt und &quot;Die Nacht der lebenden Toten&quot; von Romero geguckt &#8230; wozu man im Urlaub alles Zeit hat *g*<\/p>\n<p><div class=\"bild\"><img loading=\"lazy\" decoding=\"async\" src=\"http:\/\/www.andreas-edler.de\/grafik\/urlaub\/schweiz2005\/20050110_spazieren.jpg\" width=\"250\" height=\"187\" border=\"0\" alt=\"\"><\/div>\n<p>Zwischendurch fuhren wir noch einmal nach Thun um Martinas Wagen von der Inspektion zu holen. Auf dem R\u00fcckweg habe ich dann das erste Mal an einer der vielen Schweizer-Selbstbedienungstanken den g\u00fcnstigen Sprit nachgef\u00fcllt. Allerdings musste ich erst den &quot;Tankwart&quot; rufen, weil ich das System nicht selbst durchschaut hatte &#8211; was mir einen sehr erstaunten schr\u00e4gen Blick des Tankwarts einbrachte ;-) Erst Karte rein, Zapfs\u00e4ule ausw\u00e4hlen, Karte raus, tanken &#8230; wegfahren. Wo gibt&#8217;s denn sowas: zahlen vor dem Tanken?<\/p>\n<p>Zum Abendessen gab es dann das erste Mal etwas, was irgendwie gar nicht so mein Fall war (habe trotzdem viel gegessen, weil ich Hunger hatte): K\u00e4sefondue! Das ist ja echt nur warmer K\u00e4se &#8211; derin diesem Fall auch noch ein wenig stark nach Wein schmeckte. Der weltgr\u00f6\u00dfte Salatesser bin ich auch nicht, so dass ich danach zwar satt vom Fett war, aber nicht wirklich zufrieden ;-) Aber den anderen hat&#8217;s geschmeckt und allen kann man&#8217;s nie Recht machen.<\/p>\n<p>Dann haben wir noch lange auf dem Sofa gesessen und uns verabschiedet &#8230;<\/p>\n<h4><a name=\"20050111\">11.01.2005 &#8211; 4.00 Uhr<\/a><\/h4>\n<p>F\u00fcr die R\u00fcckfahrt sind wir wieder mitten in der Nacht aufgestanden &#8211; ist schon angenehmer, wenn der Kleine schl\u00e4ft und nicht rumn\u00f6rgelt. Das hat nach &#8217;ner Dreiviertelstunde auch funktioniert. Ruhe im Karton. Und in der Nacht kamen wir auch trotzt 120 auf der Autobahn recht z\u00fcgig voran.<\/p>\n<p><div class=\"bild\"><img loading=\"lazy\" decoding=\"async\" src=\"http:\/\/www.andreas-edler.de\/grafik\/urlaub\/schweiz2005\/20050111_tim_schlaeft.jpg\" width=\"250\" height=\"187\" border=\"0\" alt=\"\"><\/div>\n<p>Nach 400 Kilometern waren wir irgendwo vor Darmstadt &#8211; genauer in Pfungstadt, wo Alex&#8216; Tante \u00c4nne wohnt und mit ihrem Sohn eine B\u00e4ckerei betreibt. Sie war lange nicht dort und ich noch nie &#8230; umso gr\u00f6\u00dfer war das &quot;Hallo&quot; als wir unangemeldet dort im Laden auftauchten und Tim vorstellten *g* War alles sehr nett und wir wurden mit einem opulenten Fr\u00fchst\u00fcck begr\u00fc\u00dft! Vielen, vielen Dank an dieser Stelle f\u00fcr die leckeren Br\u00f6tchen und Teilchen! Falls also jemand mal in Pfungstadt ist, sollte er f\u00fcr ein gutes Br\u00f6tchen ruhig mal in der B\u00e4ckerei Richter in der Darmst\u00e4dter Stra\u00dfe reingucken!<\/p>\n<p>Aber nach etwas mehr als einer Stunde machten wir uns wieder auf den Weg. Ich hatte ein bi\u00dfchen Kopfweh und das Wetter war echt beschissen. Nur Regen und Waschk\u00fcche. Trotzdem gibg&#8217;s z\u00fcgig voran &#8211; manchmal vielleicht sogar zu z\u00fcgig ;-) Nach 7 Stunden reiner Fahrtzeit und 10 Stunden insgesamt waren wir wieder zu Hause in unseren eigenen vier W\u00e4nden.<\/p>\n<p>Ein sehr sch\u00f6ner Urlaub! Danke f\u00fcr die Unterkunft und die Bewirtung!<\/p>\n","protected":false},"excerpt":{"rendered":"<p>[05.01.05&nbsp;&#8211;&nbsp;Abfahrt&nbsp;und&nbsp;Ankunft] [06.01.2005&nbsp;&#8211;&nbsp;Weinbergspaziergang] [07.01.2005&nbsp;&#8211;&nbsp;Allmist\u00fcbli] [08.01.2005&nbsp;&#8211;&nbsp;Interlaken] [09.01.2005&nbsp;&#8211;&nbsp;Thun][10.01.2005&nbsp;&#8211;&nbsp;Rumgammeln] [11.01.2005&nbsp;&#8211;&nbsp;Abreise&nbsp;\/&nbsp;Pfungstadt&nbsp;\/&nbsp;Heimfahrt] 05.01.2005 &#8211; 4.15 Uhr Aufstehen! Welch unchristliche Zeit, aber der Falk Routenplaner hatte 6 Stunden und 40 Minuten Fahrtzeit ausgerechnet bis Faulensee\/Schweiz &#8211; und wir wollten ja nicht erst am sp\u00e4ten Nachmittag dort ankommen. &hellip;<\/p>\n<p class=\"read-more\"> <a class=\"more-link\" href=\"https:\/\/www.andreas-edler.de\/blog\/urlaub\/schweiz-2005-01\/\"> <span class=\"screen-reader-text\">Schweiz 2005.01 &#8211; Faulensee am Thuner See<\/span> Weiterlesen &raquo;<\/a><\/p>\n","protected":false},"author":1,"featured_media":0,"parent":8135,"menu_order":36,"comment_status":"open","ping_status":"open","template":"","meta":{"ngg_post_thumbnail":0,"activitypub_content_warning":"","activitypub_content_visibility":"","activitypub_max_image_attachments":2,"activitypub_interaction_policy_quote":"anyone","activitypub_status":"federated","footnotes":""},"class_list":["post-17472","page","type-page","status-publish","hentry"],"_links":{"self":[{"href":"https:\/\/www.andreas-edler.de\/blog\/wp-json\/wp\/v2\/pages\/17472","targetHints":{"allow":["GET"]}}],"collection":[{"href":"https:\/\/www.andreas-edler.de\/blog\/wp-json\/wp\/v2\/pages"}],"about":[{"href":"https:\/\/www.andreas-edler.de\/blog\/wp-json\/wp\/v2\/types\/page"}],"author":[{"embeddable":true,"href":"https:\/\/www.andreas-edler.de\/blog\/wp-json\/wp\/v2\/users\/1"}],"replies":[{"embeddable":true,"href":"https:\/\/www.andreas-edler.de\/blog\/wp-json\/wp\/v2\/comments?post=17472"}],"version-history":[{"count":0,"href":"https:\/\/www.andreas-edler.de\/blog\/wp-json\/wp\/v2\/pages\/17472\/revisions"}],"up":[{"embeddable":true,"href":"https:\/\/www.andreas-edler.de\/blog\/wp-json\/wp\/v2\/pages\/8135"}],"wp:attachment":[{"href":"https:\/\/www.andreas-edler.de\/blog\/wp-json\/wp\/v2\/media?parent=17472"}],"curies":[{"name":"wp","href":"https:\/\/api.w.org\/{rel}","templated":true}]}}