{"id":17457,"date":"2013-01-06T13:34:09","date_gmt":"2013-01-06T12:34:09","guid":{"rendered":"http:\/\/www.andreas-edler.de\/blog\/?page_id=17457"},"modified":"2013-01-06T14:38:42","modified_gmt":"2013-01-06T13:38:42","slug":"px-125-lusso-restauration","status":"publish","type":"page","link":"https:\/\/www.andreas-edler.de\/blog\/vespa\/px-125-lusso-restauration\/","title":{"rendered":"PX 125 Lusso: Restauration"},"content":{"rendered":"<br \/>\n<h3>PX 125 Lusso &#8211; g\u00e4ngig machen<\/h3>\n<p><a href=\"http:\/\/www.andreas-edler.de\/grafik\/vespa\/px125_karosserie_teilzerlegt_auf_seite.jpg\"><img loading=\"lazy\" decoding=\"async\" align=\"left\" src=\"http:\/\/www.andreas-edler.de\/grafik\/vespa\/px125_karosserie_teilzerlegt_auf_seite_thumb.jpg\" width=\"150\" height=\"91\" border=\"0\" alt=\"\"><\/a>Ich habe tats\u00e4chlich zuerst nur eine neue Bremstrommel hinten montiert und versucht die Karre zu starten. Das klappte auch auf Anhieb. Elf Monate nicht bewegt und beim vierten Kick tuckerte der Motor los :-) Da war ich ob des guten Wetters nat\u00fcrlich hei\u00df und wollte die Vespa sofort zum T\u00dcV schleppen &#8211; dreckig wie sie war.<\/p>\n<p><a href=\"http:\/\/www.andreas-edler.de\/grafik\/vespa\/px125_karosserie_teilzerlegt_mit_fahrer.jpg\"><img loading=\"lazy\" decoding=\"async\" align=\"right\" src=\"http:\/\/www.andreas-edler.de\/grafik\/vespa\/px125_karosserie_teilzerlegt_mit_fahrer_thumb.jpg\" width=\"150\" height=\"136\" border=\"0\" alt=\"\"><\/a>Nach ein paar Testfahrten auf unserer Zufahrtsstra\u00dfe bemerkte ich, da\u00df die Tachowelle ab war. Mist, die PK-Welle, die ich hier noch rumliegen hatte, war zu kurz und Ersatz bestellen dauert auch 3 Tage. Also entschied ich mich die PX doch komplett zu zerlegen und erst zum Lackierer zu bringen. Gott-sei-dank wie ich im nachhinein sagen kann!<\/p>\n<p><a href=\"http:\/\/www.andreas-edler.de\/grafik\/vespa\/px125_motor_16jahre_dreck.jpg\"><img loading=\"lazy\" decoding=\"async\" align=\"left\" src=\"http:\/\/www.andreas-edler.de\/grafik\/vespa\/px125_motor_16jahre_dreck_thumb.jpg\" width=\"150\" height=\"103\" border=\"0\" alt=\"\"><\/a>Den Motor habe ich nicht zerlegt. Er lief ja zufriedenstellend und ich m\u00f6chte nicht damit anfangen, gleich einen gro\u00dfen Zylinder &#8211; den ich von meinem F\u00fchrerschein her sowieso nicht fahren darf &#8211; zu montieren. Was aber wirklich dringend notwendig war, war eine gr\u00fcndliche Reinigung der Dreckschleuder. Was der T\u00dcV wohl gesagt h\u00e4tte, wenn ich mit dem Gescho\u00df aufgekreuzt w\u00e4re?<\/p>\n<p><a href=\"http:\/\/www.andreas-edler.de\/grafik\/vespa\/px125_motor_kupplung_oeffnung.jpg\"><img loading=\"lazy\" decoding=\"async\" align=\"right\" src=\"http:\/\/www.andreas-edler.de\/grafik\/vespa\/px125_motor_kupplung_oeffnung_thumb.jpg\" width=\"150\" height=\"100\" border=\"0\" alt=\"\"><\/a>In der Schlamm- und \u00d6lkruste konnte man auch gut erkennen, da\u00df das Hinterrad <b>ziemlich<\/b> lose gewesen sein mu\u00dfte. Deutliche Schleifspuren zeichneten sich an Schwinge und Kupplungsdeckel ab. Letzterer war \u00fcbrigens auch nicht richtig fest angezogen, so da\u00df ein kleiner Spalt offen war. Ich wurde immer zufriedener mit meiner Entscheidung, nicht sofort zum T\u00dcV zu fahren.<\/p>\n<p><a href=\"http:\/\/www.andreas-edler.de\/grafik\/vespa\/px125_motor_sauber.jpg\"><img loading=\"lazy\" decoding=\"async\" align=\"left\" src=\"http:\/\/www.andreas-edler.de\/grafik\/vespa\/px125_motor_sauber_thumb.jpg\" width=\"150\" height=\"154\" border=\"0\" alt=\"\"><\/a>Mit K\u00e4rchers Hilfe und etlichen Litern hochverdichtetem Wasser gelang es mir die unter dem Dreck befindliche Metallschicht sichtbar zu machen. Das erste L\u00e4cheln bei dieser Aktion, auch wenn es mittlerweile schon recht sp\u00e4t und nicht mehr wirklich warm war. Die Karosserie wurde ebenfalls noch wassergestrahlt und vom gr\u00f6bsten Unrat befreit. Damit ging der erste Tag f\u00fcr mich zu Ende.<\/p>\n<p><a href=\"http:\/\/www.andreas-edler.de\/grafik\/vespa\/px125_zerlegt_lackiert3.jpg\"><img loading=\"lazy\" decoding=\"async\" align=\"right\" src=\"http:\/\/www.andreas-edler.de\/grafik\/vespa\/px125_zerlegt_lackiert3_thumb.jpg\" width=\"150\" height=\"127\" border=\"0\" alt=\"\"><\/a>Ein paar Tage lang kratzte ich danach noch an der Karosse rum, versuchte den Lack mit Schleifpapier halbwegs matt zu bekommen und dem Rost den Garaus zu machen. Zwar war das Blech nirgends durch, aber der Vorbesitzer war trotzdem nicht sehr pfleglich mit seinem fahrbaren Untersatz umgegangen. Ich merkte aber recht fix, da\u00df diese Arbeiten nichts f\u00fcr mich sind. Der \u00f6rtliche Lackierer hatte also schnell einen Auftrag mehr und nach einer Woche war ich mit seiner Arbeit sehr zufrieden!<\/p>\n<p><a href=\"http:\/\/www.andreas-edler.de\/grafik\/vespa\/px125_schraubermauer.jpg\"><img loading=\"lazy\" decoding=\"async\" align=\"left\" src=\"http:\/\/www.andreas-edler.de\/grafik\/vespa\/px125_schraubermauer_thumb.jpg\" width=\"150\" height=\"106\" border=\"0\" alt=\"\"><\/a>Leider war mein Urlaub zu Ende und die weiteren Basteleien erfolgten je nach Zeit. Meistens abends nach dem B\u00fcro oder Samstags. Da ich bl\u00f6derweise nach der Arbeit noch zur Schule gehe, blieben nicht viele Stunden zum Schrauben \u00fcbrig. Trotzdem konnte man immer mehr und mehr Fortschritte sehen. Meine bessere H\u00e4lfte war zwar nicht dazu zu bewegen, mich mal zur &quot;Werkstatt&quot; zu begleiten, aber der Fotoapparat war ein dankbarer Bewunderer ;-)<\/p>\n<p><a href=\"http:\/\/www.andreas-edler.de\/grafik\/vespa\/px125_kupplungszug_einhaengen.jpg\"><img loading=\"lazy\" decoding=\"async\" align=\"right\" src=\"http:\/\/www.andreas-edler.de\/grafik\/vespa\/px125_kupplungszug_einhaengen_thumb.jpg\" width=\"150\" height=\"104\" border=\"0\" alt=\"\"><\/a>Besondere Schwierigkeiten taten sich beim Zusammenbauen nicht auf. Fehlende oder erneuerungsbed\u00fcrftige Teile hatte ich im Vorfeld bestellt. Kleinigkeiten wie die Trittleisten waren w\u00e4hrend der Lackierzeit wieder blank gemacht worden und so kam es wie es kommen mu\u00dfte. Eines sch\u00f6nen Samstags war pl\u00f6tzlich der Motor wieder unter der Karosserie und ich bediente mich der \u00fcblichen Werkzeuge, um die Bowdenz\u00fcge wieder einzuh\u00e4ngen.<\/p>\n<p><a href=\"http:\/\/www.andreas-edler.de\/grafik\/vespa\/px125_1fahrt.jpg\"><img loading=\"lazy\" decoding=\"async\" align=\"left\" src=\"http:\/\/www.andreas-edler.de\/grafik\/vespa\/px125_1fahrt_thumb.jpg\" width=\"150\" height=\"183\" border=\"0\" alt=\"\"><\/a>Nachdem das erledigt war, wurde die Elektrik wieder angeschlossen, die Reifen aufgezogen und montiert. Runter mit der Vespa von den Holzb\u00f6cken, St\u00e4nder drunter und &#8211; hey, die steht ja von alleine. Nat\u00fcrlich juckt es zu so einem Zeitpunkt in den Fingern und die PX schnupperte das erste Mal in ihrem zweiten Fr\u00fchling frische Luft. Doch irgendwie klappte das Anspringen nicht so wie beim ersten Mal. Nach mindesten 40 Minuten immer vehementeren Kickens kam ich darauf, da\u00df eine originale PX ohne Luftfilter nicht startet.<\/p>\n<p><a href=\"http:\/\/www.andreas-edler.de\/grafik\/vespa\/px125_kaskade_fehlt_noch.jpg\"><img loading=\"lazy\" decoding=\"async\" align=\"right\" src=\"http:\/\/www.andreas-edler.de\/grafik\/vespa\/px125_kaskade_fehlt_noch_thumb.jpg\" width=\"150\" height=\"104\" border=\"0\" alt=\"\"><\/a>Zwar noch ohne vern\u00fcnftigen Leerlauf, aber durchaus willig drehten die 125ccm die Kurbelwelle. Sch\u00f6n &lt;seufz&gt; Sonntagabend gerettet. F\u00fcr Montag hatte ich mir Urlaub genommen, um den T\u00dcV und das Stra\u00dfenverkehrsamt zu besuchen. Da nervte es nat\u00fcrlich ungemein, da\u00df die Blinker nicht so wollten wie ich. Es stellte sich aber als ein simples Masseproblem wegen der neuen Lackierung heraus.<\/p>\n<p><a href=\"http:\/\/www.andreas-edler.de\/grafik\/vespa\/px125_ruecklicht_fehlt_noch.jpg\"><img loading=\"lazy\" decoding=\"async\" align=\"left\" src=\"http:\/\/www.andreas-edler.de\/grafik\/vespa\/px125_ruecklicht_fehlt_noch_thumb.jpg\" width=\"112\" height=\"228\" border=\"0\" alt=\"\"><\/a>Der kaputte Gleichrichter f\u00fcr die Hupe war recht einfach mit der Batterie aus meiner elestart zu &quot;faken&quot; und tats\u00e4chlich hat der T\u00dcV-Mensch nicht einen einzigen Kritikpunkt gehabt. Die wei\u00dfen Blinker sind mittlerweile Standard und alles andere war blitzsauber. Tja, das war&#8217;s! Meine erste PX ist fertig und l\u00e4uft sehr gut. Naja &#8230; mittlerweile kommt sie mir doch nicht mehr so fix vor ;-) Ich glaube, ich mu\u00df mich mal wieder auf die V50 setzen &#8230;<\/p>\n","protected":false},"excerpt":{"rendered":"<p>PX 125 Lusso &#8211; g\u00e4ngig machen Ich habe tats\u00e4chlich zuerst nur eine neue Bremstrommel hinten montiert und versucht die Karre zu starten. Das klappte auch auf Anhieb. Elf Monate nicht bewegt und beim vierten Kick tuckerte der Motor los :-) &hellip;<\/p>\n<p class=\"read-more\"> <a class=\"more-link\" href=\"https:\/\/www.andreas-edler.de\/blog\/vespa\/px-125-lusso-restauration\/\"> <span class=\"screen-reader-text\">PX 125 Lusso: Restauration<\/span> Weiterlesen &raquo;<\/a><\/p>\n","protected":false},"author":1,"featured_media":0,"parent":9124,"menu_order":0,"comment_status":"open","ping_status":"open","template":"","meta":{"ngg_post_thumbnail":0,"activitypub_content_warning":"","activitypub_content_visibility":"","activitypub_max_image_attachments":2,"activitypub_interaction_policy_quote":"anyone","activitypub_status":"","footnotes":""},"class_list":["post-17457","page","type-page","status-publish","hentry"],"_links":{"self":[{"href":"https:\/\/www.andreas-edler.de\/blog\/wp-json\/wp\/v2\/pages\/17457","targetHints":{"allow":["GET"]}}],"collection":[{"href":"https:\/\/www.andreas-edler.de\/blog\/wp-json\/wp\/v2\/pages"}],"about":[{"href":"https:\/\/www.andreas-edler.de\/blog\/wp-json\/wp\/v2\/types\/page"}],"author":[{"embeddable":true,"href":"https:\/\/www.andreas-edler.de\/blog\/wp-json\/wp\/v2\/users\/1"}],"replies":[{"embeddable":true,"href":"https:\/\/www.andreas-edler.de\/blog\/wp-json\/wp\/v2\/comments?post=17457"}],"version-history":[{"count":0,"href":"https:\/\/www.andreas-edler.de\/blog\/wp-json\/wp\/v2\/pages\/17457\/revisions"}],"up":[{"embeddable":true,"href":"https:\/\/www.andreas-edler.de\/blog\/wp-json\/wp\/v2\/pages\/9124"}],"wp:attachment":[{"href":"https:\/\/www.andreas-edler.de\/blog\/wp-json\/wp\/v2\/media?parent=17457"}],"curies":[{"name":"wp","href":"https:\/\/api.w.org\/{rel}","templated":true}]}}