{"id":170484,"date":"2023-09-10T17:22:28","date_gmt":"2023-09-10T15:22:28","guid":{"rendered":"https:\/\/www.andreas-edler.de\/blog\/?page_id=170484"},"modified":"2025-07-12T19:03:51","modified_gmt":"2025-07-12T17:03:51","slug":"edersee-1992","status":"publish","type":"page","link":"https:\/\/www.andreas-edler.de\/blog\/urlaub\/edersee-1992\/","title":{"rendered":"Edersee 1992"},"content":{"rendered":"<p>Zu diesem Urlaub kann ich mir wirklich kaum etwas Verwertbares aus den Fingern saugen. Einzig dass wir am Edersee gecampt haben ist sicher. Es muss irgendwann im Sp\u00e4tsommer gewesen sein. Alex hat gerade das erste Ausbildungsjahr beendet und meine Eltern haben uns den Wohnwagen auf einen Campingplatz am Stausee gezogen. <\/p>\n<figure id=\"attachment_170485\" aria-describedby=\"caption-attachment-170485\" style=\"width: 470px\" class=\"wp-caption aligncenter\"><a href=\"https:\/\/www.andreas-edler.de\/blog\/wp-content\/uploads\/2023\/09\/2011-01-30_69.jpg\"><img loading=\"lazy\" decoding=\"async\" src=\"https:\/\/www.andreas-edler.de\/blog\/wp-content\/uploads\/2023\/09\/2011-01-30_69-470x212.jpg\" alt=\"\" width=\"470\" height=\"212\" class=\"size-large wp-image-170485\" srcset=\"https:\/\/www.andreas-edler.de\/blog\/wp-content\/uploads\/2023\/09\/2011-01-30_69-470x212.jpg 470w, https:\/\/www.andreas-edler.de\/blog\/wp-content\/uploads\/2023\/09\/2011-01-30_69-250x113.jpg 250w, https:\/\/www.andreas-edler.de\/blog\/wp-content\/uploads\/2023\/09\/2011-01-30_69-768x347.jpg 768w, https:\/\/www.andreas-edler.de\/blog\/wp-content\/uploads\/2023\/09\/2011-01-30_69-100x45.jpg 100w, https:\/\/www.andreas-edler.de\/blog\/wp-content\/uploads\/2023\/09\/2011-01-30_69-150x68.jpg 150w, https:\/\/www.andreas-edler.de\/blog\/wp-content\/uploads\/2023\/09\/2011-01-30_69-200x90.jpg 200w, https:\/\/www.andreas-edler.de\/blog\/wp-content\/uploads\/2023\/09\/2011-01-30_69-300x135.jpg 300w, https:\/\/www.andreas-edler.de\/blog\/wp-content\/uploads\/2023\/09\/2011-01-30_69-450x203.jpg 450w, https:\/\/www.andreas-edler.de\/blog\/wp-content\/uploads\/2023\/09\/2011-01-30_69-600x271.jpg 600w, https:\/\/www.andreas-edler.de\/blog\/wp-content\/uploads\/2023\/09\/2011-01-30_69-900x406.jpg 900w, https:\/\/www.andreas-edler.de\/blog\/wp-content\/uploads\/2023\/09\/2011-01-30_69.jpg 1280w\" sizes=\"auto, (max-width: 470px) 100vw, 470px\" \/><\/a><figcaption id=\"caption-attachment-170485\" class=\"wp-caption-text\">Volvo 740 mit Eriba Nova<\/figcaption><\/figure>\n<p>Dort haben wir dann wie \u00fcblich sehr kurz gestanden. Ich vermute, es war nur eine einzige Woche. Jedenfalls haben uns meine Eltern danach abgel\u00f6st.<\/p>\n<figure id=\"attachment_170486\" aria-describedby=\"caption-attachment-170486\" style=\"width: 470px\" class=\"wp-caption aligncenter\"><a href=\"https:\/\/www.andreas-edler.de\/blog\/wp-content\/uploads\/2023\/09\/2011-01-30_47.jpg\"><img loading=\"lazy\" decoding=\"async\" src=\"https:\/\/www.andreas-edler.de\/blog\/wp-content\/uploads\/2023\/09\/2011-01-30_47-470x252.jpg\" alt=\"\" width=\"470\" height=\"252\" class=\"size-large wp-image-170486\" srcset=\"https:\/\/www.andreas-edler.de\/blog\/wp-content\/uploads\/2023\/09\/2011-01-30_47-470x252.jpg 470w, https:\/\/www.andreas-edler.de\/blog\/wp-content\/uploads\/2023\/09\/2011-01-30_47-250x134.jpg 250w, https:\/\/www.andreas-edler.de\/blog\/wp-content\/uploads\/2023\/09\/2011-01-30_47-768x412.jpg 768w, https:\/\/www.andreas-edler.de\/blog\/wp-content\/uploads\/2023\/09\/2011-01-30_47-100x54.jpg 100w, https:\/\/www.andreas-edler.de\/blog\/wp-content\/uploads\/2023\/09\/2011-01-30_47-150x81.jpg 150w, https:\/\/www.andreas-edler.de\/blog\/wp-content\/uploads\/2023\/09\/2011-01-30_47-200x107.jpg 200w, https:\/\/www.andreas-edler.de\/blog\/wp-content\/uploads\/2023\/09\/2011-01-30_47-300x161.jpg 300w, https:\/\/www.andreas-edler.de\/blog\/wp-content\/uploads\/2023\/09\/2011-01-30_47-450x242.jpg 450w, https:\/\/www.andreas-edler.de\/blog\/wp-content\/uploads\/2023\/09\/2011-01-30_47-600x322.jpg 600w, https:\/\/www.andreas-edler.de\/blog\/wp-content\/uploads\/2023\/09\/2011-01-30_47-900x483.jpg 900w, https:\/\/www.andreas-edler.de\/blog\/wp-content\/uploads\/2023\/09\/2011-01-30_47.jpg 1280w\" sizes=\"auto, (max-width: 470px) 100vw, 470px\" \/><\/a><figcaption id=\"caption-attachment-170486\" class=\"wp-caption-text\">Ederstausee von oben<\/figcaption><\/figure>\n<p>So sind denn diese ersten beiden Bilder auch den Dias von meinem Vater entnommen. Wir sind mit zwei Autos hin gefahren, haben aufgebaut und dann sind Mama &#038; Papa wieder zur\u00fcck und haben Sohn und Schwiegertochter ihrem Schicksal \u00fcberlassen.<\/p>\n<figure id=\"attachment_170487\" aria-describedby=\"caption-attachment-170487\" style=\"width: 470px\" class=\"wp-caption aligncenter\"><a href=\"https:\/\/www.andreas-edler.de\/blog\/wp-content\/uploads\/2023\/09\/IMG_0011.jpg\"><img loading=\"lazy\" decoding=\"async\" src=\"https:\/\/www.andreas-edler.de\/blog\/wp-content\/uploads\/2023\/09\/IMG_0011-470x231.jpg\" alt=\"\" width=\"470\" height=\"231\" class=\"size-large wp-image-170487\" srcset=\"https:\/\/www.andreas-edler.de\/blog\/wp-content\/uploads\/2023\/09\/IMG_0011-470x231.jpg 470w, https:\/\/www.andreas-edler.de\/blog\/wp-content\/uploads\/2023\/09\/IMG_0011-250x123.jpg 250w, https:\/\/www.andreas-edler.de\/blog\/wp-content\/uploads\/2023\/09\/IMG_0011-768x377.jpg 768w, https:\/\/www.andreas-edler.de\/blog\/wp-content\/uploads\/2023\/09\/IMG_0011-100x49.jpg 100w, https:\/\/www.andreas-edler.de\/blog\/wp-content\/uploads\/2023\/09\/IMG_0011-150x74.jpg 150w, https:\/\/www.andreas-edler.de\/blog\/wp-content\/uploads\/2023\/09\/IMG_0011-200x98.jpg 200w, https:\/\/www.andreas-edler.de\/blog\/wp-content\/uploads\/2023\/09\/IMG_0011-300x147.jpg 300w, https:\/\/www.andreas-edler.de\/blog\/wp-content\/uploads\/2023\/09\/IMG_0011-450x221.jpg 450w, https:\/\/www.andreas-edler.de\/blog\/wp-content\/uploads\/2023\/09\/IMG_0011-600x294.jpg 600w, https:\/\/www.andreas-edler.de\/blog\/wp-content\/uploads\/2023\/09\/IMG_0011-900x442.jpg 900w, https:\/\/www.andreas-edler.de\/blog\/wp-content\/uploads\/2023\/09\/IMG_0011.jpg 1280w\" sizes=\"auto, (max-width: 470px) 100vw, 470px\" \/><\/a><figcaption id=\"caption-attachment-170487\" class=\"wp-caption-text\">Waschhaus auf dem Campingplatz<\/figcaption><\/figure>\n<p><figure id=\"attachment_170488\" aria-describedby=\"caption-attachment-170488\" style=\"width: 192px\" class=\"wp-caption alignright\"><a href=\"https:\/\/www.andreas-edler.de\/blog\/wp-content\/uploads\/2023\/09\/IMG_0012.jpg\"><img loading=\"lazy\" decoding=\"async\" src=\"https:\/\/www.andreas-edler.de\/blog\/wp-content\/uploads\/2023\/09\/IMG_0012-192x250.jpg\" alt=\"\" width=\"192\" height=\"250\" class=\"size-medium wp-image-170488\" srcset=\"https:\/\/www.andreas-edler.de\/blog\/wp-content\/uploads\/2023\/09\/IMG_0012-192x250.jpg 192w, https:\/\/www.andreas-edler.de\/blog\/wp-content\/uploads\/2023\/09\/IMG_0012-360x470.jpg 360w, https:\/\/www.andreas-edler.de\/blog\/wp-content\/uploads\/2023\/09\/IMG_0012-768x1002.jpg 768w, https:\/\/www.andreas-edler.de\/blog\/wp-content\/uploads\/2023\/09\/IMG_0012-100x130.jpg 100w, https:\/\/www.andreas-edler.de\/blog\/wp-content\/uploads\/2023\/09\/IMG_0012-150x196.jpg 150w, https:\/\/www.andreas-edler.de\/blog\/wp-content\/uploads\/2023\/09\/IMG_0012-200x261.jpg 200w, https:\/\/www.andreas-edler.de\/blog\/wp-content\/uploads\/2023\/09\/IMG_0012-300x391.jpg 300w, https:\/\/www.andreas-edler.de\/blog\/wp-content\/uploads\/2023\/09\/IMG_0012-450x587.jpg 450w, https:\/\/www.andreas-edler.de\/blog\/wp-content\/uploads\/2023\/09\/IMG_0012-600x783.jpg 600w, https:\/\/www.andreas-edler.de\/blog\/wp-content\/uploads\/2023\/09\/IMG_0012-900x1174.jpg 900w, https:\/\/www.andreas-edler.de\/blog\/wp-content\/uploads\/2023\/09\/IMG_0012.jpg 981w\" sizes=\"auto, (max-width: 192px) 100vw, 192px\" \/><\/a><figcaption id=\"caption-attachment-170488\" class=\"wp-caption-text\">Alex kommt vom Z\u00e4hneputzen<\/figcaption><\/figure> Auf den Bildern sieht es aus, als h\u00e4tten wir sehr durchwachsenes Wetter gehabt. Oft ist der Himmel bedeckt und der Asphalt scheint nass zu sein. Andererseits habe ich auch ein (hier nicht zeigbares \ud83d\ude03) Foto, auf dem sehr deutlich zu sehen ist, dass die Sonne v\u00f6llig ausreichend f\u00fcr einen z\u00fcnftigen Sonnenbrand geschienen hat!<\/p>\n<p>Konkrete Erinnerungen an diesen Kurztrip habe ich so gut wie keine. Wir haben wahrscheinlich die ganze Zeit nur auf dem Platz gechillt, rumgelegen und gelesen. War ja auch unser erster &#8222;richtiger&#8220; gemeinsamer Urlaub. Vielleicht hatten wir auch mit uns genug zu tun.<\/p>\n<figure id=\"attachment_170491\" aria-describedby=\"caption-attachment-170491\" style=\"width: 470px\" class=\"wp-caption aligncenter\"><a href=\"https:\/\/www.andreas-edler.de\/blog\/wp-content\/uploads\/2023\/09\/IMG_0016.jpg\"><img loading=\"lazy\" decoding=\"async\" src=\"https:\/\/www.andreas-edler.de\/blog\/wp-content\/uploads\/2023\/09\/IMG_0016-470x217.jpg\" alt=\"\" width=\"470\" height=\"217\" class=\"size-large wp-image-170491\" srcset=\"https:\/\/www.andreas-edler.de\/blog\/wp-content\/uploads\/2023\/09\/IMG_0016-470x217.jpg 470w, https:\/\/www.andreas-edler.de\/blog\/wp-content\/uploads\/2023\/09\/IMG_0016-250x116.jpg 250w, https:\/\/www.andreas-edler.de\/blog\/wp-content\/uploads\/2023\/09\/IMG_0016-768x355.jpg 768w, https:\/\/www.andreas-edler.de\/blog\/wp-content\/uploads\/2023\/09\/IMG_0016-100x46.jpg 100w, https:\/\/www.andreas-edler.de\/blog\/wp-content\/uploads\/2023\/09\/IMG_0016-150x69.jpg 150w, https:\/\/www.andreas-edler.de\/blog\/wp-content\/uploads\/2023\/09\/IMG_0016-200x93.jpg 200w, https:\/\/www.andreas-edler.de\/blog\/wp-content\/uploads\/2023\/09\/IMG_0016-300x139.jpg 300w, https:\/\/www.andreas-edler.de\/blog\/wp-content\/uploads\/2023\/09\/IMG_0016-450x208.jpg 450w, https:\/\/www.andreas-edler.de\/blog\/wp-content\/uploads\/2023\/09\/IMG_0016-600x278.jpg 600w, https:\/\/www.andreas-edler.de\/blog\/wp-content\/uploads\/2023\/09\/IMG_0016-900x416.jpg 900w, https:\/\/www.andreas-edler.de\/blog\/wp-content\/uploads\/2023\/09\/IMG_0016.jpg 1280w\" sizes=\"auto, (max-width: 470px) 100vw, 470px\" \/><\/a><figcaption id=\"caption-attachment-170491\" class=\"wp-caption-text\">Igel durchst\u00f6bert unseren M\u00fcll.<\/figcaption><\/figure>\n<p><figure id=\"attachment_170492\" aria-describedby=\"caption-attachment-170492\" style=\"width: 150px\" class=\"wp-caption alignright\"><a href=\"https:\/\/www.andreas-edler.de\/blog\/wp-content\/uploads\/2023\/09\/IMG_0017.jpg\"><img loading=\"lazy\" decoding=\"async\" src=\"https:\/\/www.andreas-edler.de\/blog\/wp-content\/uploads\/2023\/09\/IMG_0017-150x150.jpg\" alt=\"\" width=\"150\" height=\"150\" class=\"size-thumbnail wp-image-170492\" \/><\/a><figcaption id=\"caption-attachment-170492\" class=\"wp-caption-text\">Igel befreit<\/figcaption><\/figure> In einer Nacht haben wir allerdings schlecht geschlafen, weil es drau\u00dfen sehr laut ramenterte und schmatzte. Da wir da noch ziemlich jung waren, sind wir nicht sofort mutig raus und r\u00e4tselten, was das wohl sein mochte. Es stellte sich dann raus, dass ein Igel unseren M\u00fcll sehr interessant fand. Seitdem haben wir beim Campen einen ordentlichen M\u00fclleimer und nicht nur einen Pappkarton oder eine T\u00fcte, der\/die unter dem Wagen steht.<\/p>\n<p>Ich kann mich auch \u00fcberhaupt nicht erinnern, welcher Platz es gewesen ist. Am Edersee gibt&#8217;s ja mehr als einen Campingplatz. Selbst nach langwierigem Absuchen der Campingpl\u00e4tze rund um den Edersee auf Google-Maps kann ich die die eigentlich nur zwei Bilder vom Platz keiner \u00d6rtlichkeit zuordnen. Schade.<\/p>\n<figure id=\"attachment_170495\" aria-describedby=\"caption-attachment-170495\" style=\"width: 470px\" class=\"wp-caption aligncenter\"><a href=\"https:\/\/www.andreas-edler.de\/blog\/wp-content\/uploads\/2023\/09\/IMG_0013.jpg\"><img loading=\"lazy\" decoding=\"async\" src=\"https:\/\/www.andreas-edler.de\/blog\/wp-content\/uploads\/2023\/09\/IMG_0013-470x412.jpg\" alt=\"\" width=\"470\" height=\"412\" class=\"size-large wp-image-170495\" srcset=\"https:\/\/www.andreas-edler.de\/blog\/wp-content\/uploads\/2023\/09\/IMG_0013-470x412.jpg 470w, https:\/\/www.andreas-edler.de\/blog\/wp-content\/uploads\/2023\/09\/IMG_0013-250x219.jpg 250w, https:\/\/www.andreas-edler.de\/blog\/wp-content\/uploads\/2023\/09\/IMG_0013-768x674.jpg 768w, https:\/\/www.andreas-edler.de\/blog\/wp-content\/uploads\/2023\/09\/IMG_0013-100x88.jpg 100w, https:\/\/www.andreas-edler.de\/blog\/wp-content\/uploads\/2023\/09\/IMG_0013-150x132.jpg 150w, https:\/\/www.andreas-edler.de\/blog\/wp-content\/uploads\/2023\/09\/IMG_0013-200x175.jpg 200w, https:\/\/www.andreas-edler.de\/blog\/wp-content\/uploads\/2023\/09\/IMG_0013-300x263.jpg 300w, https:\/\/www.andreas-edler.de\/blog\/wp-content\/uploads\/2023\/09\/IMG_0013-450x395.jpg 450w, https:\/\/www.andreas-edler.de\/blog\/wp-content\/uploads\/2023\/09\/IMG_0013-600x526.jpg 600w, https:\/\/www.andreas-edler.de\/blog\/wp-content\/uploads\/2023\/09\/IMG_0013-900x790.jpg 900w, https:\/\/www.andreas-edler.de\/blog\/wp-content\/uploads\/2023\/09\/IMG_0013.jpg 1280w\" sizes=\"auto, (max-width: 470px) 100vw, 470px\" \/><\/a><figcaption id=\"caption-attachment-170495\" class=\"wp-caption-text\">Alex ist noch nicht wach.<\/figcaption><\/figure>\n<p>Der Urlaub an sich ist aber jedes Jahr Thema. N\u00e4mlich immer genau dann, wenn wir im Sommer die A44 runter fahren und dann irgendwann an der <a href=\"https:\/\/goo.gl\/maps\/mjCsLaNeeS4EBkVg7\" rel=\"noopener\" target=\"_blank\">Abfahrt &#8222;Edertalsperre&#8220;<\/a> vorbei fahren und dem Nachwuchs seit nun bestimmt 15 Jahren erz\u00e4hlen, dass wir hier zu unserem ersten Urlaub abgebogen sind :-)<\/p>\n<p>Und ich kann mich noch an die R\u00fcckfahrt erinnern, bei der ich Sorge hatte, dass mein <a href=\"https:\/\/www.andreas-edler.de\/blog\/2006\/09\/die-autos\/#uno\" rel=\"noopener\" target=\"_blank\">Fiat Uno<\/a> mit weit \u00fcber 180.000 Kilometern auf dem Tacho \u00fcberhaupt noch zu Hause ankommt, so hat das treue Gef\u00e4hrt gerasselt und ger\u00fcttelt!<\/p>\n","protected":false},"excerpt":{"rendered":"<p>Zu diesem Urlaub kann ich mir wirklich kaum etwas Verwertbares aus den Fingern saugen. Einzig dass wir am Edersee gecampt haben ist sicher. Es muss irgendwann im Sp\u00e4tsommer gewesen sein. Alex hat gerade das erste Ausbildungsjahr beendet und meine Eltern &hellip;<\/p>\n<p class=\"read-more\"> <a class=\"more-link\" href=\"https:\/\/www.andreas-edler.de\/blog\/urlaub\/edersee-1992\/\"> <span class=\"screen-reader-text\">Edersee 1992<\/span> Weiterlesen &raquo;<\/a><\/p>\n","protected":false},"author":1,"featured_media":0,"parent":8135,"menu_order":40,"comment_status":"open","ping_status":"closed","template":"","meta":{"ngg_post_thumbnail":0,"activitypub_content_warning":"","activitypub_content_visibility":"","activitypub_max_image_attachments":2,"activitypub_interaction_policy_quote":"anyone","activitypub_status":"federated","footnotes":""},"class_list":["post-170484","page","type-page","status-publish","hentry"],"_links":{"self":[{"href":"https:\/\/www.andreas-edler.de\/blog\/wp-json\/wp\/v2\/pages\/170484","targetHints":{"allow":["GET"]}}],"collection":[{"href":"https:\/\/www.andreas-edler.de\/blog\/wp-json\/wp\/v2\/pages"}],"about":[{"href":"https:\/\/www.andreas-edler.de\/blog\/wp-json\/wp\/v2\/types\/page"}],"author":[{"embeddable":true,"href":"https:\/\/www.andreas-edler.de\/blog\/wp-json\/wp\/v2\/users\/1"}],"replies":[{"embeddable":true,"href":"https:\/\/www.andreas-edler.de\/blog\/wp-json\/wp\/v2\/comments?post=170484"}],"version-history":[{"count":0,"href":"https:\/\/www.andreas-edler.de\/blog\/wp-json\/wp\/v2\/pages\/170484\/revisions"}],"up":[{"embeddable":true,"href":"https:\/\/www.andreas-edler.de\/blog\/wp-json\/wp\/v2\/pages\/8135"}],"wp:attachment":[{"href":"https:\/\/www.andreas-edler.de\/blog\/wp-json\/wp\/v2\/media?parent=170484"}],"curies":[{"name":"wp","href":"https:\/\/api.w.org\/{rel}","templated":true}]}}