{"id":16978,"date":"2012-12-13T15:07:15","date_gmt":"2012-12-13T14:07:15","guid":{"rendered":"http:\/\/www.andreas-edler.de\/blog\/?page_id=16978"},"modified":"2013-11-09T16:48:31","modified_gmt":"2013-11-09T15:48:31","slug":"weserradweg","status":"publish","type":"page","link":"https:\/\/www.andreas-edler.de\/blog\/rad-bad-oeynhausen\/weserradweg\/","title":{"rendered":"Weserradweg"},"content":{"rendered":"<div class=\"info\">\n      <a name=\"Links\">weitere Infos:<\/a><\/p>\n<ul>\n<li>27.05.2008: <a href=\"http:\/\/www.andreas-edler.de\/blog\/2008\/05\/radler-nicht-erwnscht\/\">Weserradweg &#8211; neue Sperrpfosten im Weg<\/a><\/li>\n<li>27.05.2008: <a href=\"http:\/\/www.andreas-edler.de\/blog\/2008\/05\/der-enge-weserradweg\/\">Weserradweg &#8211; wirklich viel zu eng<\/a><\/li>\n<li>27.05.2008: <a href=\"http:\/\/www.andreas-edler.de\/blog\/2008\/09\/weserradwegverbreiterung-in-dehme\/\">Weserradweg &#8211; das wird breit!<\/a><\/li>\n<\/ul><\/div>\n<h4>07.05.2008: ein paar fehlende Schilder und \u00fcberfl\u00fcssige Poller<\/h4>\n<p>In Bad Oeynhausen hat man sich im letzten Jahr des\u00f6fteren auf die Schultern geklopft, weil die Beschilderung der Radwege jetzt so super ist. Mal sehen &#8230;<\/p>\n<p align=\"center\"><img loading=\"lazy\" decoding=\"async\" src=\"http:\/\/www.andreas-edler.de\/grafik\/blog\/radwege_bo\/20080507_weserradweg_bruecken.jpg\" width=\"470\" height=\"163\" border=\"0\" alt=\"\"><\/p>\n<p>Irgendwie darf man den Weserradweg, sobald man unter der Eisenbahnbr\u00fccke durch ist und nach Rehme weiter m\u00f6chte, nicht befahren. Warum ist nicht ersichtlich. Man kann in der Ferne auch ein schickes blaues Zeichen erkennen. Aber bis dahin bitte schieben!<\/p>\n<p align=\"center\"><img loading=\"lazy\" decoding=\"async\" src=\"http:\/\/www.andreas-edler.de\/grafik\/blog\/radwege_bo\/20080507_weserradweg_abzweig.jpg\" width=\"470\" height=\"168\" border=\"0\" alt=\"\"><\/p>\n<p>Weiter geht&#8217;s &#8230; nur wo entlang? Der gesunde Menschenverstand sagt rechts lang. Aber achdem ich den Weserradweg nun schon einmal ganz befahren bin, kann ich sagen, dass eine derartige Navigation auch schon mal ein paar Kilometer Umweg bedeutet. Warum ist hier kein Wegweiser?<\/p>\n<p align=\"center\"><img loading=\"lazy\" decoding=\"async\" src=\"http:\/\/www.andreas-edler.de\/grafik\/blog\/radwege_bo\/20080507_weserradweg_cafe.jpg\" width=\"470\" height=\"267\" border=\"0\" alt=\"\"><\/p>\n<p>Auch am Caf\u00e9 findet sich kein Hinweisschild f\u00fcr den Weserradweg. Oder aber es ist super versteckt. Das will ich nicht ausschlie\u00dfen. Hier kann man sich \u00fcbrigens mal ansehen, wie eine Engstelle wirklich aussieht. Da ist <a href=\"http:\/\/www.andreas-edler.de\/2008\/05\/radwegeausbau.php\">das St\u00fcck, welches die CDU in Dehme sanieren will<\/a> Gold dagegen. Hier hat es schon ab und an geknallt!<\/p>\n<p align=\"center\"><img loading=\"lazy\" decoding=\"async\" src=\"http:\/\/www.andreas-edler.de\/grafik\/blog\/radwege_bo\/20080507_weserradweg_poller.jpg\" width=\"470\" height=\"141\" border=\"0\" alt=\"\"><\/p>\n<p>Sch\u00f6n auch die Poller, die mitten im Weg stehen. Zwei einzelne R\u00e4der sind zu schaffen. Mit Gegenverkehr wird es eng. Mit Anh\u00e4nger sehr kritisch und wenn noch weit ausladende Inlineskater dazu kommen, ist der Unfall vorprogrammiert.<\/p>\n<p align=\"center\"><img loading=\"lazy\" decoding=\"async\" src=\"http:\/\/www.andreas-edler.de\/grafik\/blog\/radwege_bo\/20080507_weserradweg_poller_2.jpg\" width=\"470\" height=\"133\" border=\"0\" alt=\"\"><\/p>\n<p>Das wiederholt sich noch des\u00f6fteren. Und die fehlende Beleuchtung bzw. mangelhafte Reflexionsf\u00e4higkeit machen Fahrten bei Dunkelheit oder D\u00e4mmerlich zu einem sehr fragw\u00fcrdigen Vergn\u00fcgen. Wer zahlt eigentlich die demolierten Kniescheiben?<\/p>\n<p>Und mindestens den Beleuchtungsmangel <a href=\"http:\/\/www.andreas-edler.de\/2006\/08\/der-radweg-am-ende-der-woche.php\">kennt die Stadt<\/a> &#8211; sie hat sogar Besserung versprochen. Sowohl hier im Blog als auch pers\u00f6nlich. Passiert ist nat\u00fcrlich nichts.<\/p>\n<p align=\"center\"><img loading=\"lazy\" decoding=\"async\" src=\"http:\/\/www.andreas-edler.de\/grafik\/blog\/radwege_bo\/20080507_weserradweg_poller_3.jpg\" width=\"470\" height=\"189\" border=\"0\" alt=\"\"><\/p>\n<p>Was passiert wenn hier noch ein Gruppe entgegenkommt &#8230; naja, kann man sich denken. Und am Wochenende ist hier schon was los. Da sind solche Poller doch eher hinderlich.<\/p>\n<p style=\"text-align: right;\">07.05.2008<\/p>\n","protected":false},"excerpt":{"rendered":"<p>weitere Infos: 27.05.2008: Weserradweg &#8211; neue Sperrpfosten im Weg 27.05.2008: Weserradweg &#8211; wirklich viel zu eng 27.05.2008: Weserradweg &#8211; das wird breit! 07.05.2008: ein paar fehlende Schilder und \u00fcberfl\u00fcssige Poller In Bad Oeynhausen hat man sich im letzten Jahr des\u00f6fteren &hellip;<\/p>\n<p class=\"read-more\"> <a class=\"more-link\" href=\"https:\/\/www.andreas-edler.de\/blog\/rad-bad-oeynhausen\/weserradweg\/\"> <span class=\"screen-reader-text\">Weserradweg<\/span> Weiterlesen &raquo;<\/a><\/p>\n","protected":false},"author":1,"featured_media":0,"parent":7177,"menu_order":19,"comment_status":"open","ping_status":"open","template":"","meta":{"ngg_post_thumbnail":0,"activitypub_content_warning":"","activitypub_content_visibility":"","activitypub_max_image_attachments":2,"activitypub_interaction_policy_quote":"anyone","activitypub_status":"","footnotes":""},"class_list":["post-16978","page","type-page","status-publish","hentry"],"_links":{"self":[{"href":"https:\/\/www.andreas-edler.de\/blog\/wp-json\/wp\/v2\/pages\/16978","targetHints":{"allow":["GET"]}}],"collection":[{"href":"https:\/\/www.andreas-edler.de\/blog\/wp-json\/wp\/v2\/pages"}],"about":[{"href":"https:\/\/www.andreas-edler.de\/blog\/wp-json\/wp\/v2\/types\/page"}],"author":[{"embeddable":true,"href":"https:\/\/www.andreas-edler.de\/blog\/wp-json\/wp\/v2\/users\/1"}],"replies":[{"embeddable":true,"href":"https:\/\/www.andreas-edler.de\/blog\/wp-json\/wp\/v2\/comments?post=16978"}],"version-history":[{"count":0,"href":"https:\/\/www.andreas-edler.de\/blog\/wp-json\/wp\/v2\/pages\/16978\/revisions"}],"up":[{"embeddable":true,"href":"https:\/\/www.andreas-edler.de\/blog\/wp-json\/wp\/v2\/pages\/7177"}],"wp:attachment":[{"href":"https:\/\/www.andreas-edler.de\/blog\/wp-json\/wp\/v2\/media?parent=16978"}],"curies":[{"name":"wp","href":"https:\/\/api.w.org\/{rel}","templated":true}]}}