{"id":169276,"date":"2022-10-28T18:47:15","date_gmt":"2022-10-28T16:47:15","guid":{"rendered":"https:\/\/www.andreas-edler.de\/blog\/?page_id=169276"},"modified":"2023-02-26T20:42:43","modified_gmt":"2023-02-26T19:42:43","slug":"laserdisc","status":"publish","type":"page","link":"https:\/\/www.andreas-edler.de\/blog\/dies-das\/heimkino\/laserdisc\/","title":{"rendered":"Laserdisc"},"content":{"rendered":"<table>\n<tr>\n<td>\tAbyss &#8211; Special Edition\t<\/td>\n<td>\tpal\t<\/td>\n<td>\tdeutsch\t<\/td>\n<td>\t\t<\/td>\n<td>\t\t<\/td>\n<\/tr>\n<tr>\n<td>\tAmerican Werewolf\t<\/td>\n<td>\tpal\t<\/td>\n<td>\tdeutsch\t<\/td>\n<td>\t\t<\/td>\n<td>\t\t<\/td>\n<\/tr>\n<tr>\n<td>\tApocalypse Now\t<\/td>\n<td>\tpal\t<\/td>\n<td>\tdeutsch\t<\/td>\n<td>\t\t<\/td>\n<td>\t\t<\/td>\n<\/tr>\n<tr>\n<td>\tApollo 13\t<\/td>\n<td>\tpal\t<\/td>\n<td>\tdeutsch\t<\/td>\n<td>\t\t<\/td>\n<td>\t\t<\/td>\n<\/tr>\n<tr>\n<td>\tAus der Mitte entspringt ein Flu\u00df\t<\/td>\n<td>\tpal\t<\/td>\n<td>\tdeutsch\t<\/td>\n<td>\t\t<\/td>\n<td>\t\t<\/td>\n<\/tr>\n<tr>\n<td>\tAu\u00dfer Kontrolle\t<\/td>\n<td>\tpal\t<\/td>\n<td>\tdeutsch\t<\/td>\n<td>\t\t<\/td>\n<td>\toriginal verschwei\u00dft\t<\/td>\n<\/tr>\n<tr>\n<td>\tBabe\t<\/td>\n<td>\tpal\t<\/td>\n<td>\tdeutsch\t<\/td>\n<td>\t\t<\/td>\n<td>\t\t<\/td>\n<\/tr>\n<tr>\n<td>\tBad Boys &#8211; Harte Jungs\t<\/td>\n<td>\tpal\t<\/td>\n<td>\tdeutsch\t<\/td>\n<td>\t18\t<\/td>\n<td>\t\t<\/td>\n<\/tr>\n<tr>\n<td>\tBarb Wire\t<\/td>\n<td>\tpal\t<\/td>\n<td>\tdeutsch\t<\/td>\n<td>\t18\t<\/td>\n<td>\t\t<\/td>\n<\/tr>\n<tr>\n<td>\tBasic Instinct\t<\/td>\n<td>\tpal\t<\/td>\n<td>\tdeutsch\t<\/td>\n<td>\t\t<\/td>\n<td>\t\t<\/td>\n<\/tr>\n<tr>\n<td>\tBatman\t<\/td>\n<td>\tpal\t<\/td>\n<td>\tdeutsch\t<\/td>\n<td>\t\t<\/td>\n<td>\t\t<\/td>\n<\/tr>\n<tr>\n<td>\tBatman Forever\t<\/td>\n<td>\tpal\t<\/td>\n<td>\tdeutsch\t<\/td>\n<td>\t\t<\/td>\n<td>\t\t<\/td>\n<\/tr>\n<tr>\n<td>\tBlondinen bevorzugt\t<\/td>\n<td>\tpal\t<\/td>\n<td>\tdeutsch\t<\/td>\n<td>\t\t<\/td>\n<td>\t\t<\/td>\n<\/tr>\n<tr>\n<td>\tBlood In Blood Out\t<\/td>\n<td>\tpal\t<\/td>\n<td>\tdeutsch\t<\/td>\n<td>\t\t<\/td>\n<td>\toriginal verschwei\u00dft\t<\/td>\n<\/tr>\n<tr>\n<td>\tBlow Out\t<\/td>\n<td>\tpal\t<\/td>\n<td>\tdeutsch\t<\/td>\n<td>\t\t<\/td>\n<td>\t\t<\/td>\n<\/tr>\n<tr>\n<td>\tBlues Brothers, The\t<\/td>\n<td>\tpal\t<\/td>\n<td>\tdeutsch\t<\/td>\n<td>\t\t<\/td>\n<td>\t\t<\/td>\n<\/tr>\n<tr>\n<td>\tBound &#8211; Gefesselt\t<\/td>\n<td>\tpal\t<\/td>\n<td>\tdeutsch\t<\/td>\n<td>\t\t<\/td>\n<td>\t\t<\/td>\n<\/tr>\n<tr>\n<td>\tBraindead\t<\/td>\n<td>\tpal\t<\/td>\n<td>\tdeutsch\t<\/td>\n<td>\t18\t<\/td>\n<td>\t\t<\/td>\n<\/tr>\n<tr>\n<td>\tBraveheart\t<\/td>\n<td>\tpal\t<\/td>\n<td>\tdeutsch\t<\/td>\n<td>\t\t<\/td>\n<td>\t\t<\/td>\n<\/tr>\n<tr>\n<td>\tBrubaker\t<\/td>\n<td>\tpal\t<\/td>\n<td>\tdeutsch\t<\/td>\n<td>\t\t<\/td>\n<td>\t\t<\/td>\n<\/tr>\n<tr>\n<td>\tBullet In The Head\t<\/td>\n<td>\tpal\t<\/td>\n<td>\tdeutsch\t<\/td>\n<td>\t18\t<\/td>\n<td>\t\t<\/td>\n<\/tr>\n<tr>\n<td>\tButch Cassidy and the Sundance Kid\t<\/td>\n<td>\tpal\t<\/td>\n<td>\tdeutsch\t<\/td>\n<td>\t\t<\/td>\n<td>\t\t<\/td>\n<\/tr>\n<tr>\n<td>\tCar Napping\t<\/td>\n<td>\tpal\t<\/td>\n<td>\tdeutsch\t<\/td>\n<td>\t\t<\/td>\n<td>\t\t<\/td>\n<\/tr>\n<tr>\n<td>\tCliffhanger\t<\/td>\n<td>\tpal\t<\/td>\n<td>\tdeutsch\t<\/td>\n<td>\t18\t<\/td>\n<td>\t\t<\/td>\n<\/tr>\n<tr>\n<td>\tClueless\t<\/td>\n<td>\tpal\t<\/td>\n<td>\tenglisch\t<\/td>\n<td>\t\t<\/td>\n<td>\t\t<\/td>\n<\/tr>\n<tr>\n<td>\tCold Blooded\t<\/td>\n<td>\tpal\t<\/td>\n<td>\tdeutsch\t<\/td>\n<td>\t18\t<\/td>\n<td>\t\t<\/td>\n<\/tr>\n<tr>\n<td>\tCon Air\t<\/td>\n<td>\tpal\t<\/td>\n<td>\tdeutsch\t<\/td>\n<td>\t18\t<\/td>\n<td>\t\t<\/td>\n<\/tr>\n<tr>\n<td>\tCopland\t<\/td>\n<td>\tpal\t<\/td>\n<td>\tdeutsch\t<\/td>\n<td>\t12\t<\/td>\n<td>\t\t<\/td>\n<\/tr>\n<tr>\n<td>\tCrimson Tide\t<\/td>\n<td>\tpal\t<\/td>\n<td>\tdeutsch\t<\/td>\n<td>\t\t<\/td>\n<td>\toriginal verschwei\u00dft\t<\/td>\n<\/tr>\n<tr>\n<td>\tDas fliegende Auge\t<\/td>\n<td>\tpal\t<\/td>\n<td>\tdeutsch\t<\/td>\n<td>\t\t<\/td>\n<td>\t\t<\/td>\n<\/tr>\n<tr>\n<td>\tDaylight\t<\/td>\n<td>\tpal\t<\/td>\n<td>\tdeutsch\t<\/td>\n<td>\t\t<\/td>\n<td>\toriginal verschwei\u00dft\t<\/td>\n<\/tr>\n<tr>\n<td>\tDer einzige Zeuge\t<\/td>\n<td>\tpal\t<\/td>\n<td>\tdeutsch\t<\/td>\n<td>\t\t<\/td>\n<td>\toriginal verschwei\u00dft\t<\/td>\n<\/tr>\n<tr>\n<td>\tDracula (Bram Stoker&#8217;s)\t<\/td>\n<td>\tpal\t<\/td>\n<td>\tdeutsch\t<\/td>\n<td>\t\t<\/td>\n<td>\t\t<\/td>\n<\/tr>\n<tr>\n<td>\tDragonheart\t<\/td>\n<td>\tpal\t<\/td>\n<td>\tdeutsch\t<\/td>\n<td>\t\t<\/td>\n<td>\t\t<\/td>\n<\/tr>\n<tr>\n<td>\tDrei Amigos\t<\/td>\n<td>\tpal\t<\/td>\n<td>\tdeutsch\t<\/td>\n<td>\t\t<\/td>\n<td>\t\t<\/td>\n<\/tr>\n<tr>\n<td>\tE.T.\t<\/td>\n<td>\tpal\t<\/td>\n<td>\tdeutsch\t<\/td>\n<td>\t\t<\/td>\n<td>\t\t<\/td>\n<\/tr>\n<tr>\n<td>\tEin Mann f\u00fcr gewisse Stunden\t<\/td>\n<td>\tpal\t<\/td>\n<td>\tdeutsch\t<\/td>\n<td>\t\t<\/td>\n<td>\t\t<\/td>\n<\/tr>\n<tr>\n<td>\tEine Frage der Ehre\t<\/td>\n<td>\tpal\t<\/td>\n<td>\tdeutsch\t<\/td>\n<td>\t\t<\/td>\n<td>\t\t<\/td>\n<\/tr>\n<tr>\n<td>\tEnemy Mine &#8211; Geliebter Feind\t<\/td>\n<td>\tpal\t<\/td>\n<td>\tdeutsch\t<\/td>\n<td>\t\t<\/td>\n<td>\t\t<\/td>\n<\/tr>\n<tr>\n<td>\tEraser\t<\/td>\n<td>\tpal\t<\/td>\n<td>\tdeutsch\t<\/td>\n<td>\t\t<\/td>\n<td>\t\t<\/td>\n<\/tr>\n<tr>\n<td>\tErbarmungslos\t<\/td>\n<td>\tpal\t<\/td>\n<td>\tdeutsch\t<\/td>\n<td>\t\t<\/td>\n<td>\t\t<\/td>\n<\/tr>\n<tr>\n<td>\tEvent Horizon\t<\/td>\n<td>\tpal\t<\/td>\n<td>\tdeutsch\t<\/td>\n<td>\t16\t<\/td>\n<td>\t\t<\/td>\n<\/tr>\n<tr>\n<td>\tFargo\t<\/td>\n<td>\tpal\t<\/td>\n<td>\tdeutsch\t<\/td>\n<td>\t\t<\/td>\n<td>\t\t<\/td>\n<\/tr>\n<tr>\n<td>\tFlashdance\t<\/td>\n<td>\tpal\t<\/td>\n<td>\tdeutsch\t<\/td>\n<td>\t\t<\/td>\n<td>\t\t<\/td>\n<\/tr>\n<tr>\n<td>\tFlug des Ph\u00f6nix, Der\t<\/td>\n<td>\tpal\t<\/td>\n<td>\tdeutsch\t<\/td>\n<td>\t\t<\/td>\n<td>\t\t<\/td>\n<\/tr>\n<tr>\n<td>\tForrest Gump\t<\/td>\n<td>\tpal\t<\/td>\n<td>\tdeutsch\t<\/td>\n<td>\t\t<\/td>\n<td>\t\t<\/td>\n<\/tr>\n<tr>\n<td>\tForrest Gump\t<\/td>\n<td>\tpal\t<\/td>\n<td>\tenglisch\t<\/td>\n<td>\t\t<\/td>\n<td>\tAC3 &#8211; THX\t<\/td>\n<\/tr>\n<tr>\n<td>\tGauntlet, The\t<\/td>\n<td>\tntsc\t<\/td>\n<td>\tEnglisch\t<\/td>\n<td>\t\t<\/td>\n<td>\t\t<\/td>\n<\/tr>\n<tr>\n<td>\tGattaca\t<\/td>\n<td>\tntsc\t<\/td>\n<td>\tenglisch\t<\/td>\n<td>\tPG13\t<\/td>\n<td>\t\t<\/td>\n<\/tr>\n<tr>\n<td>\tGef\u00e4hrliche Liebschaften\t<\/td>\n<td>\tpal\t<\/td>\n<td>\tdeutsch\t<\/td>\n<td>\t\t<\/td>\n<td>\toriginal verschwei\u00dft\t<\/td>\n<\/tr>\n<tr>\n<td>\tGlen Miller Story, The\t<\/td>\n<td>\tpal\t<\/td>\n<td>\tdeutsch\t<\/td>\n<td>\t\t<\/td>\n<td>\t\t<\/td>\n<\/tr>\n<tr>\n<td>\tGod&#8217;s Army\t<\/td>\n<td>\tpal\t<\/td>\n<td>\tdeutsch\t<\/td>\n<td>\t\t<\/td>\n<td>\t\t<\/td>\n<\/tr>\n<tr>\n<td>\tGremlins &#8211; kleine Monster\t<\/td>\n<td>\tpal\t<\/td>\n<td>\tdeutsch\t<\/td>\n<td>\t\t<\/td>\n<td>\t\t<\/td>\n<\/tr>\n<tr>\n<td>\tGremlins II\t<\/td>\n<td>\tpal\t<\/td>\n<td>\tdeutsch\t<\/td>\n<td>\t\t<\/td>\n<td>\t\t<\/td>\n<\/tr>\n<tr>\n<td>\tGrosse Point Blank\t<\/td>\n<td>\tpal\t<\/td>\n<td>\tenglisch\t<\/td>\n<td>\t\t<\/td>\n<td>\t\t<\/td>\n<\/tr>\n<tr>\n<td>\tHalloween\t<\/td>\n<td>\tntsc\t<\/td>\n<td>\tEnglisch\t<\/td>\n<td>\t\t<\/td>\n<td>\tCriterion Collection\t<\/td>\n<\/tr>\n<tr>\n<td>\tHarte Ziele\t<\/td>\n<td>\tpal\t<\/td>\n<td>\tdeutsch\t<\/td>\n<td>\t18\t<\/td>\n<td>\t\t<\/td>\n<\/tr>\n<tr>\n<td>\tHeat\t<\/td>\n<td>\tpal\t<\/td>\n<td>\tdeutsch\t<\/td>\n<td>\t16\t<\/td>\n<td>\t\t<\/td>\n<\/tr>\n<tr>\n<td>\tIch glaub&#8216; mich knutscht ein Elch\t<\/td>\n<td>\tpal\t<\/td>\n<td>\tdeutsch\t<\/td>\n<td>\t\t<\/td>\n<td>\t\t<\/td>\n<\/tr>\n<tr>\n<td>\tIm Rausch der Tiefe &#8211; Long Version\t<\/td>\n<td>\tpal\t<\/td>\n<td>\tdeutsch\t<\/td>\n<td>\t\t<\/td>\n<td>\t\t<\/td>\n<\/tr>\n<tr>\n<td>\tIndiana Jones &#8211; J\u00e4ger des verlorenen Schatzes\t<\/td>\n<td>\tpal\t<\/td>\n<td>\tdeutsch\t<\/td>\n<td>\t\t<\/td>\n<td>\tIndiana Jones Box\t<\/td>\n<\/tr>\n<tr>\n<td>\tIndiana Jones und der Tempel des Todes\t<\/td>\n<td>\tpal\t<\/td>\n<td>\tdeutsch\t<\/td>\n<td>\t\t<\/td>\n<td>\tIndiana Jones Box\t<\/td>\n<\/tr>\n<tr>\n<td>\tIndiana Jones und der letzte Kreuzzug\t<\/td>\n<td>\tpal\t<\/td>\n<td>\tdeutsch\t<\/td>\n<td>\t\t<\/td>\n<td>\tIndiana Jones Box (verschwei\u00dft)\t<\/td>\n<\/tr>\n<tr>\n<td>\tInterview mit einem Vampir\t<\/td>\n<td>\tpal\t<\/td>\n<td>\tdeutsch\t<\/td>\n<td>\t\t<\/td>\n<td>\t\t<\/td>\n<\/tr>\n<tr>\n<td>\tIn einem Land vor unserer Zeit\t<\/td>\n<td>\tpal\t<\/td>\n<td>\tdeutsch\t<\/td>\n<td>\t\t<\/td>\n<td>\t\t<\/td>\n<\/tr>\n<tr>\n<td>\tIn the line of fire &#8211; Die zweite Chance\t<\/td>\n<td>\tpal\t<\/td>\n<td>\tdeutsch\t<\/td>\n<td>\t\t<\/td>\n<td>\t\t<\/td>\n<\/tr>\n<tr>\n<td>\tIndependance Day\t<\/td>\n<td>\tpal\t<\/td>\n<td>\tdeutsch\t<\/td>\n<td>\t\t<\/td>\n<td>\tincl. Making Of, THX\t<\/td>\n<\/tr>\n<tr>\n<td>\tJurassic Park\t<\/td>\n<td>\tpal\t<\/td>\n<td>\tdeutsch\t<\/td>\n<td>\t\t<\/td>\n<td>\t\t<\/td>\n<\/tr>\n<tr>\n<td>\tJurassic Park &#8211; Vergessene Welt\t<\/td>\n<td>\tpal\t<\/td>\n<td>\tdeutsch\t<\/td>\n<td>\t\t<\/td>\n<td>\toriginal verschwei\u00dft\t<\/td>\n<\/tr>\n<tr>\n<td>\tKalifornia\t<\/td>\n<td>\tpal\t<\/td>\n<td>\tdeutsch\t<\/td>\n<td>\t18\t<\/td>\n<td>\t\t<\/td>\n<\/tr>\n<tr>\n<td>\tKilling Zoe\t<\/td>\n<td>\tpal\t<\/td>\n<td>\tdeutsch\t<\/td>\n<td>\t18\t<\/td>\n<td>\t\t<\/td>\n<\/tr>\n<tr>\n<td>\tKlapperschlange, Die\t<\/td>\n<td>\tpal\t<\/td>\n<td>\tdeutsch\t<\/td>\n<td>\t16\t<\/td>\n<td>\t\t<\/td>\n<\/tr>\n<tr>\n<td>\tKnight Moves\t<\/td>\n<td>\tpal\t<\/td>\n<td>\tdeutsch\t<\/td>\n<td>\t\t<\/td>\n<td>\t\t<\/td>\n<\/tr>\n<tr>\n<td>\tKopfgeld\t<\/td>\n<td>\tpal\t<\/td>\n<td>\tdeutsch\t<\/td>\n<td>\t\t<\/td>\n<td>\toriginal verschwei\u00dft\t<\/td>\n<\/tr>\n<tr>\n<td>\tKopf\u00fcber in die Nacht\t<\/td>\n<td>\tpal\t<\/td>\n<td>\tdeutsch\t<\/td>\n<td>\t\t<\/td>\n<td>\t\t<\/td>\n<\/tr>\n<tr>\n<td>\tKrull\t<\/td>\n<td>\tpal\t<\/td>\n<td>\tdeutsch\t<\/td>\n<td>\t\t<\/td>\n<td>\t\t<\/td>\n<\/tr>\n<tr>\n<td>\tLast Action Hero\t<\/td>\n<td>\tpal\t<\/td>\n<td>\tdeutsch\t<\/td>\n<td>\t\t<\/td>\n<td>\t\t<\/td>\n<\/tr>\n<tr>\n<td>\tLast Boy Scout\t<\/td>\n<td>\tpal\t<\/td>\n<td>\tdeutsch\t<\/td>\n<td>\t18\t<\/td>\n<td>\t\t<\/td>\n<\/tr>\n<tr>\n<td>\tLast Man Standing\t<\/td>\n<td>\tpal\t<\/td>\n<td>\tdeutsch\t<\/td>\n<td>\t16\t<\/td>\n<td>\t\t<\/td>\n<\/tr>\n<tr>\n<td>\tLawrence Of Arabia\t<\/td>\n<td>\tpal\t<\/td>\n<td>\tenglisch\t<\/td>\n<td>\t\t<\/td>\n<td>\t\t<\/td>\n<\/tr>\n<tr>\n<td>\tLethal Weapon II &#8211; Brennpunkt L.A.\t<\/td>\n<td>\tpal\t<\/td>\n<td>\tdeutsch\t<\/td>\n<td>\t\t<\/td>\n<td>\t\t<\/td>\n<\/tr>\n<tr>\n<td>\tMad Max\t<\/td>\n<td>\tpal\t<\/td>\n<td>\tdeutsch\t<\/td>\n<td>\t18\t<\/td>\n<td>\toriginal verschwei\u00dft\t<\/td>\n<\/tr>\n<tr>\n<td>\tMad Max &#8211; Der Vollstrecker\t<\/td>\n<td>\tpal\t<\/td>\n<td>\tdeutsch\t<\/td>\n<td>\t18\t<\/td>\n<td>\toriginal verschwei\u00dft\t<\/td>\n<\/tr>\n<tr>\n<td>\tMad Max &#8211; Jenseits der Donnerkuppel\t<\/td>\n<td>\tpal\t<\/td>\n<td>\tdeutsch\t<\/td>\n<td>\t16\t<\/td>\n<td>\toriginal verschwei\u00dft\t<\/td>\n<\/tr>\n<tr>\n<td>\tMadonna &#8211; The Immaculate Collection\t<\/td>\n<td>\tpal\t<\/td>\n<td>\tdeutsch\t<\/td>\n<td>\t\t<\/td>\n<td>\t\t<\/td>\n<\/tr>\n<tr>\n<td>\tMary Shelley&#8217;s Frankenstein\t<\/td>\n<td>\tpal\t<\/td>\n<td>\tdeutsch\t<\/td>\n<td>\t\t<\/td>\n<td>\t\t<\/td>\n<\/tr>\n<tr>\n<td>\tMetro\t<\/td>\n<td>\tpal\t<\/td>\n<td>\tdeutsch\t<\/td>\n<td>\t\t<\/td>\n<td>\toriginal verschwei\u00dft\t<\/td>\n<\/tr>\n<tr>\n<td>\tMichael Jackson &#8211; Ghosts\t<\/td>\n<td>\tpal\t<\/td>\n<td>\tdeutsch\t<\/td>\n<td>\t\t<\/td>\n<td>\t\t<\/td>\n<\/tr>\n<tr>\n<td>\tMichael Jackson &#8211; History On Film II\t<\/td>\n<td>\tpal\t<\/td>\n<td>\tdeutsch\t<\/td>\n<td>\t\t<\/td>\n<td>\t\t<\/td>\n<\/tr>\n<tr>\n<td>\tMichael Jackson &#8211; Making Thriller\t<\/td>\n<td>\tpal\t<\/td>\n<td>\tdeutsch\t<\/td>\n<td>\t\t<\/td>\n<td>\t\t<\/td>\n<\/tr>\n<tr>\n<td>\tMichael Jackson &#8211; Moonwalker Final Edition\t<\/td>\n<td>\tpal\t<\/td>\n<td>\tdeutsch\t<\/td>\n<td>\t\t<\/td>\n<td>\t\t<\/td>\n<\/tr>\n<tr>\n<td>\tMikrokosmos\t<\/td>\n<td>\tpal\t<\/td>\n<td>\tdeutsch\t<\/td>\n<td>\tohne\t<\/td>\n<td>\t\t<\/td>\n<\/tr>\n<tr>\n<td>\tMission Impossible\t<\/td>\n<td>\tpal\t<\/td>\n<td>\tdeutsch\t<\/td>\n<td>\t\t<\/td>\n<td>\toriginal verschwei\u00dft\t<\/td>\n<\/tr>\n<tr>\n<td>\tNix zu verlieren\t<\/td>\n<td>\tpal\t<\/td>\n<td>\tdeutsch\t<\/td>\n<td>\t\t<\/td>\n<td>\toriginal verschwei\u00dft\t<\/td>\n<\/tr>\n<tr>\n<td>\tOperation Broken Arrow\t<\/td>\n<td>\tpal\t<\/td>\n<td>\tdeutsch\t<\/td>\n<td>\t\t<\/td>\n<td>\t\t<\/td>\n<\/tr>\n<tr>\n<td>\tPerfect World\t<\/td>\n<td>\tpal\t<\/td>\n<td>\tdeutsch\t<\/td>\n<td>\t\t<\/td>\n<td>\t\t<\/td>\n<\/tr>\n<tr>\n<td>\tPiratenbraut, Die\t<\/td>\n<td>\tpal\t<\/td>\n<td>\tdeutsch\t<\/td>\n<td>\t\t<\/td>\n<td>\t\t<\/td>\n<\/tr>\n<tr>\n<td>\tPretty Woman\t<\/td>\n<td>\tpal\t<\/td>\n<td>\tdeutsch\t<\/td>\n<td>\t\t<\/td>\n<td>\toriginal verschwei\u00dft\t<\/td>\n<\/tr>\n<tr>\n<td>\tPsycho\t<\/td>\n<td>\tpal\t<\/td>\n<td>\tdeutsch\/englisch\t<\/td>\n<td>\t16\t<\/td>\n<td>\t\t<\/td>\n<\/tr>\n<tr>\n<td>\tRainman\t<\/td>\n<td>\tpal\t<\/td>\n<td>\tdeutsch\t<\/td>\n<td>\t\t<\/td>\n<td>\t\t<\/td>\n<\/tr>\n<tr>\n<td>\tRelikt, Das\t<\/td>\n<td>\tpal\t<\/td>\n<td>\tdeutsch\t<\/td>\n<td>\t\t<\/td>\n<td>\t\t<\/td>\n<\/tr>\n<tr>\n<td>\tReservoir Dogs\t<\/td>\n<td>\tpal\t<\/td>\n<td>\tdeutsch\t<\/td>\n<td>\t18\t<\/td>\n<td>\t\t<\/td>\n<\/tr>\n<tr>\n<td>\tRocky V\t<\/td>\n<td>\tpal\t<\/td>\n<td>\tdeutsch\t<\/td>\n<td>\t\t<\/td>\n<td>\t\t<\/td>\n<\/tr>\n<tr>\n<td>\tRunning Man\t<\/td>\n<td>\tpal\t<\/td>\n<td>\tdeutsch\t<\/td>\n<td>\t18\t<\/td>\n<td>\t\t<\/td>\n<\/tr>\n<tr>\n<td>\tSet It Off\t<\/td>\n<td>\tpal\t<\/td>\n<td>\tdeutsch\t<\/td>\n<td>\t\t<\/td>\n<td>\toriginal verschwei\u00dft\t<\/td>\n<\/tr>\n<tr>\n<td>\tSneakers, die Lautlosen\t<\/td>\n<td>\tpal\t<\/td>\n<td>\tdeutsch\t<\/td>\n<td>\t\t<\/td>\n<td>\t\t<\/td>\n<\/tr>\n<tr>\n<td>\tSodbrennen\t<\/td>\n<td>\tpal\t<\/td>\n<td>\tdeutsch\t<\/td>\n<td>\t\t<\/td>\n<td>\t\t<\/td>\n<\/tr>\n<tr>\n<td>\tSpace Jam\t<\/td>\n<td>\tpal\t<\/td>\n<td>\tdeutsch\t<\/td>\n<td>\t\t<\/td>\n<td>\t\t<\/td>\n<\/tr>\n<tr>\n<td>\tSpawn\t<\/td>\n<td>\tpal\t<\/td>\n<td>\tdeutsch\t<\/td>\n<td>\t16\t<\/td>\n<td>\t\t<\/td>\n<\/tr>\n<tr>\n<td>\tSpeed\t<\/td>\n<td>\tpal\t<\/td>\n<td>\tdeutsch\t<\/td>\n<td>\t\t<\/td>\n<td>\t\t<\/td>\n<\/tr>\n<tr>\n<td>\tSpeed 2\t<\/td>\n<td>\tpal\t<\/td>\n<td>\tdeutsch\t<\/td>\n<td>\t\t<\/td>\n<td>\toriginal verschwei\u00dft\t<\/td>\n<\/tr>\n<tr>\n<td>\tStar Trek &#8211; Die Pilotfolgen Box\t<\/td>\n<td>\tpal\t<\/td>\n<td>\tdeutsch\t<\/td>\n<td>\t\t<\/td>\n<td>\t\t<\/td>\n<\/tr>\n<tr>\n<td>\tStar Wars &#8211; Special Edition Gold Box\t<\/td>\n<td>\tpal\t<\/td>\n<td>\tdeutsch\t<\/td>\n<td>\t\t<\/td>\n<td>\t\t<\/td>\n<\/tr>\n<tr>\n<td>\tStar Wars &#8211; Widescreen Collector&#8217;s Definitive Edition\t<\/td>\n<td>\tntsc\t<\/td>\n<td>\tenglisch\t<\/td>\n<td>\t\t<\/td>\n<td>\t\t<\/td>\n<\/tr>\n<tr>\n<td>\tStar Wars 4 &#8211; Eine neue Hoffnung\t<\/td>\n<td>\tpal\t<\/td>\n<td>\tdeutsch\t<\/td>\n<td>\t\t<\/td>\n<td>\toriginal &#8211; nicht THX\t<\/td>\n<\/tr>\n<tr>\n<td>\tStar Wars 5 &#8211; Das Imperium schl\u00e4gt zur\u00fcck\t<\/td>\n<td>\tpal\t<\/td>\n<td>\tdeutsch\t<\/td>\n<td>\t\t<\/td>\n<td>\toriginal &#8211; nicht THX\t<\/td>\n<\/tr>\n<tr>\n<td>\tStar Wars 6 &#8211; Die R\u00fcckkehr der Jedi Ritter\t<\/td>\n<td>\tpal\t<\/td>\n<td>\tdeutsch\t<\/td>\n<td>\t\t<\/td>\n<td>\toriginal &#8211; nicht THX\t<\/td>\n<\/tr>\n<tr>\n<td>\tStarship Troopers\t<\/td>\n<td>\tpal\t<\/td>\n<td>\tdeutsch\t<\/td>\n<td>\t18\t<\/td>\n<td>\t\t<\/td>\n<\/tr>\n<tr>\n<td>\tStrange Days\t<\/td>\n<td>\tpal\t<\/td>\n<td>\tdeutsch\t<\/td>\n<td>\t\t<\/td>\n<td>\t\t<\/td>\n<\/tr>\n<tr>\n<td>\tTerminator\t<\/td>\n<td>\tpal\t<\/td>\n<td>\tdeutsch\t<\/td>\n<td>\t18\t<\/td>\n<td>\t\t<\/td>\n<\/tr>\n<tr>\n<td>\tTerminator II\t<\/td>\n<td>\tpal\t<\/td>\n<td>\tdeutsch\t<\/td>\n<td>\t\t<\/td>\n<td>\tincl. Making Of\t<\/td>\n<\/tr>\n<tr>\n<td>\tTeufelskreis Alpha\t<\/td>\n<td>\tpal\t<\/td>\n<td>\tdeutsch\t<\/td>\n<td>\t\t<\/td>\n<td>\t\t<\/td>\n<\/tr>\n<tr>\n<td>\tThe Doors\t<\/td>\n<td>\tpal\t<\/td>\n<td>\tdeutsch\t<\/td>\n<td>\t\t<\/td>\n<td>\t\t<\/td>\n<\/tr>\n<tr>\n<td>\tThe Rock\t<\/td>\n<td>\tpal\t<\/td>\n<td>\tdeutsch\t<\/td>\n<td>\t18\t<\/td>\n<td>\t\t<\/td>\n<\/tr>\n<tr>\n<td>\tThing, The\t<\/td>\n<td>\tpal\t<\/td>\n<td>\tenglisch\t<\/td>\n<td>\t18\t<\/td>\n<td>\t\t<\/td>\n<\/tr>\n<tr>\n<td>\tTitanic\t<\/td>\n<td>\tpal\t<\/td>\n<td>\tdeutsch\t<\/td>\n<td>\t\t<\/td>\n<td>\t\t<\/td>\n<\/tr>\n<tr>\n<td>\tTora! Tora! Tora!\t<\/td>\n<td>\tpal\t<\/td>\n<td>\tdeutsch\t<\/td>\n<td>\t\t<\/td>\n<td>\t\t<\/td>\n<\/tr>\n<tr>\n<td>\tTotal Recall\t<\/td>\n<td>\tpal\t<\/td>\n<td>\tdeutsch\t<\/td>\n<td>\t18\t<\/td>\n<td>\t\t<\/td>\n<\/tr>\n<tr>\n<td>\tToy sTory\t<\/td>\n<td>\tpal\t<\/td>\n<td>\tdeutsch\t<\/td>\n<td>\t\t<\/td>\n<td>\t\t<\/td>\n<\/tr>\n<tr>\n<td>\tTrue Lies\t<\/td>\n<td>\tpal\t<\/td>\n<td>\tdeutsch\t<\/td>\n<td>\t\t<\/td>\n<td>\t\t<\/td>\n<\/tr>\n<tr>\n<td>\tTurbulence\t<\/td>\n<td>\tpal\t<\/td>\n<td>\tdeutsch\t<\/td>\n<td>\t\t<\/td>\n<td>\t\t<\/td>\n<\/tr>\n<tr>\n<td>\tTwister\t<\/td>\n<td>\tpal\t<\/td>\n<td>\tdeutsch\t<\/td>\n<td>\t\t<\/td>\n<td>\t\t<\/td>\n<\/tr>\n<tr>\n<td>\tUniversal Soldier\t<\/td>\n<td>\tpal\t<\/td>\n<td>\tdeutsch\t<\/td>\n<td>\t18\t<\/td>\n<td>\t\t<\/td>\n<\/tr>\n<tr>\n<td>\tUntouchables, The\t<\/td>\n<td>\tpal\t<\/td>\n<td>\tenglisch\t<\/td>\n<td>\t\t<\/td>\n<td>\t\t<\/td>\n<\/tr>\n<tr>\n<td>\tViel L\u00e4rm um Nicht\t<\/td>\n<td>\tpal\t<\/td>\n<td>\tdeutsch\t<\/td>\n<td>\t\t<\/td>\n<td>\t\t<\/td>\n<\/tr>\n<tr>\n<td>\tVolcano\t<\/td>\n<td>\tpal\t<\/td>\n<td>\tdeutsch\t<\/td>\n<td>\t\t<\/td>\n<td>\toriginal verschwei\u00dft\t<\/td>\n<\/tr>\n<tr>\n<td>\tWatership Down\t<\/td>\n<td>\tpal\t<\/td>\n<td>\tdeutsch\t<\/td>\n<td>\t\t<\/td>\n<td>\t\t<\/td>\n<\/tr>\n<tr>\n<td>\tWaterworld\t<\/td>\n<td>\tpal\t<\/td>\n<td>\tdeutsch\t<\/td>\n<td>\t\t<\/td>\n<td>\t\t<\/td>\n<\/tr>\n<\/table>\n","protected":false},"excerpt":{"rendered":"<p>Abyss &#8211; Special Edition pal deutsch American Werewolf pal deutsch Apocalypse Now pal deutsch Apollo 13 pal deutsch Aus der Mitte entspringt ein Flu\u00df pal deutsch Au\u00dfer Kontrolle pal deutsch original verschwei\u00dft Babe pal deutsch Bad Boys &#8211; Harte Jungs &hellip;<\/p>\n<p class=\"read-more\"> <a class=\"more-link\" href=\"https:\/\/www.andreas-edler.de\/blog\/dies-das\/heimkino\/laserdisc\/\"> <span class=\"screen-reader-text\">Laserdisc<\/span> Weiterlesen &raquo;<\/a><\/p>\n","protected":false},"author":1,"featured_media":0,"parent":11068,"menu_order":0,"comment_status":"closed","ping_status":"closed","template":"","meta":{"ngg_post_thumbnail":0,"activitypub_content_warning":"","activitypub_content_visibility":"","activitypub_max_image_attachments":2,"activitypub_interaction_policy_quote":"anyone","activitypub_status":"","footnotes":""},"class_list":["post-169276","page","type-page","status-publish","hentry"],"_links":{"self":[{"href":"https:\/\/www.andreas-edler.de\/blog\/wp-json\/wp\/v2\/pages\/169276","targetHints":{"allow":["GET"]}}],"collection":[{"href":"https:\/\/www.andreas-edler.de\/blog\/wp-json\/wp\/v2\/pages"}],"about":[{"href":"https:\/\/www.andreas-edler.de\/blog\/wp-json\/wp\/v2\/types\/page"}],"author":[{"embeddable":true,"href":"https:\/\/www.andreas-edler.de\/blog\/wp-json\/wp\/v2\/users\/1"}],"replies":[{"embeddable":true,"href":"https:\/\/www.andreas-edler.de\/blog\/wp-json\/wp\/v2\/comments?post=169276"}],"version-history":[{"count":0,"href":"https:\/\/www.andreas-edler.de\/blog\/wp-json\/wp\/v2\/pages\/169276\/revisions"}],"up":[{"embeddable":true,"href":"https:\/\/www.andreas-edler.de\/blog\/wp-json\/wp\/v2\/pages\/11068"}],"wp:attachment":[{"href":"https:\/\/www.andreas-edler.de\/blog\/wp-json\/wp\/v2\/media?parent=169276"}],"curies":[{"name":"wp","href":"https:\/\/api.w.org\/{rel}","templated":true}]}}