{"id":165922,"date":"2019-11-06T20:31:28","date_gmt":"2019-11-06T19:31:28","guid":{"rendered":"https:\/\/www.andreas-edler.de\/blog\/?page_id=165922"},"modified":"2025-07-12T19:03:51","modified_gmt":"2025-07-12T17:03:51","slug":"kroatien-1980-tar-lanterna","status":"publish","type":"page","link":"https:\/\/www.andreas-edler.de\/blog\/urlaub\/kroatien-1980-tar-lanterna\/","title":{"rendered":"Kroatien 1980 &#8211; Tar \/ Lanterna"},"content":{"rendered":"<h4 style=\"text-align: center;\">Sommerurlaub<\/h4>\n<p>Urlaubsziel: Tar in Jugoslawien<\/p>\n<p><cite>Urlaubszeit vom 02. Juli bis zum 25. Juli. Die Wetterlage ist sehr schlecht, es regnet seit Tagen.<br \/>\n<br \/>\nGeplant hatten wir einen Urlaub im Bayrischen Wald, sind aber unschl\u00fcssig, zu welchem Ziel wir fahren wollen. [Sind] am 3. Juli morgens abgefahren.<\/cite> <figure id=\"attachment_165933\" aria-describedby=\"caption-attachment-165933\" style=\"width: 470px\" class=\"wp-caption aligncenter\"><a href=\"https:\/\/www.andreas-edler.de\/blog\/wp-content\/uploads\/2019\/11\/DSCF3307.jpg\"><img loading=\"lazy\" decoding=\"async\" src=\"https:\/\/www.andreas-edler.de\/blog\/wp-content\/uploads\/2019\/11\/DSCF3307-470x306.jpg\" alt=\"\" width=\"470\" height=\"306\" class=\"size-large wp-image-165933\" srcset=\"https:\/\/www.andreas-edler.de\/blog\/wp-content\/uploads\/2019\/11\/DSCF3307-470x306.jpg 470w, https:\/\/www.andreas-edler.de\/blog\/wp-content\/uploads\/2019\/11\/DSCF3307-250x163.jpg 250w, https:\/\/www.andreas-edler.de\/blog\/wp-content\/uploads\/2019\/11\/DSCF3307-768x500.jpg 768w, https:\/\/www.andreas-edler.de\/blog\/wp-content\/uploads\/2019\/11\/DSCF3307-100x65.jpg 100w, https:\/\/www.andreas-edler.de\/blog\/wp-content\/uploads\/2019\/11\/DSCF3307-150x98.jpg 150w, https:\/\/www.andreas-edler.de\/blog\/wp-content\/uploads\/2019\/11\/DSCF3307-200x130.jpg 200w, https:\/\/www.andreas-edler.de\/blog\/wp-content\/uploads\/2019\/11\/DSCF3307-300x195.jpg 300w, https:\/\/www.andreas-edler.de\/blog\/wp-content\/uploads\/2019\/11\/DSCF3307-450x293.jpg 450w, https:\/\/www.andreas-edler.de\/blog\/wp-content\/uploads\/2019\/11\/DSCF3307-600x390.jpg 600w, https:\/\/www.andreas-edler.de\/blog\/wp-content\/uploads\/2019\/11\/DSCF3307-900x586.jpg 900w, https:\/\/www.andreas-edler.de\/blog\/wp-content\/uploads\/2019\/11\/DSCF3307.jpg 1280w\" sizes=\"auto, (max-width: 470px) 100vw, 470px\" \/><\/a><figcaption id=\"caption-attachment-165933\" class=\"wp-caption-text\">Rast auf der Fahrt nach Kroatien<\/figcaption><\/figure> Zum ersten Urlaub im damaligen Jugoslawien hat mein Papa nicht mehr aufgeschrieben. Au\u00dfer den unvermeidlichen Statistikdaten zur Fahrt. Jede einzelne Abfahrt ist penibel eingetragen. Ich wei\u00df noch, dass Mama immer einen Zettel auf dem Scho\u00df hatte und Papa angesagt hat, was aufgeschrieben werden musste. Da die Unterlagen alle in seiner Schrift verfasst sind, gehe ich davon aus, dass er das dann alles abgeschrieben hat. Von irgendwem muss ich die Urlaubsschreiberei wohl haben &#8230;<br \/>\n<figure id=\"attachment_165934\" aria-describedby=\"caption-attachment-165934\" style=\"width: 470px\" class=\"wp-caption aligncenter\"><a href=\"https:\/\/www.andreas-edler.de\/blog\/wp-content\/uploads\/2019\/11\/DSCF0220.jpg\"><img loading=\"lazy\" decoding=\"async\" src=\"https:\/\/www.andreas-edler.de\/blog\/wp-content\/uploads\/2019\/11\/DSCF0220-470x311.jpg\" alt=\"\" width=\"470\" height=\"311\" class=\"size-large wp-image-165934\" srcset=\"https:\/\/www.andreas-edler.de\/blog\/wp-content\/uploads\/2019\/11\/DSCF0220-470x311.jpg 470w, https:\/\/www.andreas-edler.de\/blog\/wp-content\/uploads\/2019\/11\/DSCF0220-250x165.jpg 250w, https:\/\/www.andreas-edler.de\/blog\/wp-content\/uploads\/2019\/11\/DSCF0220-768x508.jpg 768w, https:\/\/www.andreas-edler.de\/blog\/wp-content\/uploads\/2019\/11\/DSCF0220-100x66.jpg 100w, https:\/\/www.andreas-edler.de\/blog\/wp-content\/uploads\/2019\/11\/DSCF0220-150x99.jpg 150w, https:\/\/www.andreas-edler.de\/blog\/wp-content\/uploads\/2019\/11\/DSCF0220-200x132.jpg 200w, https:\/\/www.andreas-edler.de\/blog\/wp-content\/uploads\/2019\/11\/DSCF0220-300x199.jpg 300w, https:\/\/www.andreas-edler.de\/blog\/wp-content\/uploads\/2019\/11\/DSCF0220-450x298.jpg 450w, https:\/\/www.andreas-edler.de\/blog\/wp-content\/uploads\/2019\/11\/DSCF0220-600x397.jpg 600w, https:\/\/www.andreas-edler.de\/blog\/wp-content\/uploads\/2019\/11\/DSCF0220-900x596.jpg 900w, https:\/\/www.andreas-edler.de\/blog\/wp-content\/uploads\/2019\/11\/DSCF0220.jpg 1280w\" sizes=\"auto, (max-width: 470px) 100vw, 470px\" \/><\/a><figcaption id=\"caption-attachment-165934\" class=\"wp-caption-text\">Lanterna sah damals noch deutlich anders aus!<\/figcaption><\/figure> Man merkt anhand der Fahrtzeiten allerdings, dass damals noch nicht 100 Km\/h gefahren werden durfte. Reine Fahrtzeit war damals gut vier Stunden l\u00e4nger als wir im Schnitt brauchen.<br \/>\n<figure id=\"attachment_165935\" aria-describedby=\"caption-attachment-165935\" style=\"width: 470px\" class=\"wp-caption aligncenter\"><a href=\"https:\/\/www.andreas-edler.de\/blog\/wp-content\/uploads\/2019\/11\/DSCF3301.jpg\"><img loading=\"lazy\" decoding=\"async\" src=\"https:\/\/www.andreas-edler.de\/blog\/wp-content\/uploads\/2019\/11\/DSCF3301-470x307.jpg\" alt=\"\" width=\"470\" height=\"307\" class=\"size-large wp-image-165935\" srcset=\"https:\/\/www.andreas-edler.de\/blog\/wp-content\/uploads\/2019\/11\/DSCF3301-470x307.jpg 470w, https:\/\/www.andreas-edler.de\/blog\/wp-content\/uploads\/2019\/11\/DSCF3301-250x164.jpg 250w, https:\/\/www.andreas-edler.de\/blog\/wp-content\/uploads\/2019\/11\/DSCF3301-768x502.jpg 768w, https:\/\/www.andreas-edler.de\/blog\/wp-content\/uploads\/2019\/11\/DSCF3301-100x65.jpg 100w, https:\/\/www.andreas-edler.de\/blog\/wp-content\/uploads\/2019\/11\/DSCF3301-150x98.jpg 150w, https:\/\/www.andreas-edler.de\/blog\/wp-content\/uploads\/2019\/11\/DSCF3301-200x131.jpg 200w, https:\/\/www.andreas-edler.de\/blog\/wp-content\/uploads\/2019\/11\/DSCF3301-300x196.jpg 300w, https:\/\/www.andreas-edler.de\/blog\/wp-content\/uploads\/2019\/11\/DSCF3301-450x294.jpg 450w, https:\/\/www.andreas-edler.de\/blog\/wp-content\/uploads\/2019\/11\/DSCF3301-600x392.jpg 600w, https:\/\/www.andreas-edler.de\/blog\/wp-content\/uploads\/2019\/11\/DSCF3301-900x589.jpg 900w, https:\/\/www.andreas-edler.de\/blog\/wp-content\/uploads\/2019\/11\/DSCF3301.jpg 1957w\" sizes=\"auto, (max-width: 470px) 100vw, 470px\" \/><\/a><figcaption id=\"caption-attachment-165935\" class=\"wp-caption-text\">Unsere Parzelle f\u00fcr den Sommer.<\/figcaption><\/figure><\/p>\n<table style=\"border: none;\">\n<tbody>\n<tr>\n<td style=\"border: none;\"><figure id=\"attachment_165925\" aria-describedby=\"caption-attachment-165925\" style=\"width: 150px\" class=\"wp-caption aligncenter\"><a href=\"https:\/\/www.andreas-edler.de\/blog\/wp-content\/uploads\/2019\/11\/2019-11-06-18.48.35.jpg\"><img loading=\"lazy\" decoding=\"async\" src=\"https:\/\/www.andreas-edler.de\/blog\/wp-content\/uploads\/2019\/11\/2019-11-06-18.48.35-150x150.jpg\" alt=\"\" width=\"150\" height=\"150\" class=\"size-thumbnail wp-image-165925\" \/><\/a><figcaption id=\"caption-attachment-165925\" class=\"wp-caption-text\">Papas Aufzeichnung &#8211; Lanterna 1980 &#8211; Seite 1<\/figcaption><\/figure><\/td>\n<td style=\"border: none;\"><figure id=\"attachment_165926\" aria-describedby=\"caption-attachment-165926\" style=\"width: 150px\" class=\"wp-caption aligncenter\"><a href=\"https:\/\/www.andreas-edler.de\/blog\/wp-content\/uploads\/2019\/11\/2019-11-06-18.48.54.jpg\"><img loading=\"lazy\" decoding=\"async\" src=\"https:\/\/www.andreas-edler.de\/blog\/wp-content\/uploads\/2019\/11\/2019-11-06-18.48.54-150x150.jpg\" alt=\"\" width=\"150\" height=\"150\" class=\"size-thumbnail wp-image-165926\" \/><\/a><figcaption id=\"caption-attachment-165926\" class=\"wp-caption-text\">Papas Aufzeichnung &#8211; Lanterna 1980 &#8211; Seite 2<\/figcaption><\/figure><\/td>\n<td style=\"border: none;\"><figure id=\"attachment_165927\" aria-describedby=\"caption-attachment-165927\" style=\"width: 150px\" class=\"wp-caption aligncenter\"><a href=\"https:\/\/www.andreas-edler.de\/blog\/wp-content\/uploads\/2019\/11\/2019-11-06-18.49.10.jpg\"><img loading=\"lazy\" decoding=\"async\" src=\"https:\/\/www.andreas-edler.de\/blog\/wp-content\/uploads\/2019\/11\/2019-11-06-18.49.10-150x150.jpg\" alt=\"\" width=\"150\" height=\"150\" class=\"size-thumbnail wp-image-165927\" \/><\/a><figcaption id=\"caption-attachment-165927\" class=\"wp-caption-text\">Papas Aufzeichnung &#8211; Lanterna 1980 &#8211; Seite 3<\/figcaption><\/figure><\/td>\n<\/tr>\n<tr>\n<td style=\"border: none;\"><figure id=\"attachment_165929\" aria-describedby=\"caption-attachment-165929\" style=\"width: 150px\" class=\"wp-caption aligncenter\"><a href=\"https:\/\/www.andreas-edler.de\/blog\/wp-content\/uploads\/2019\/11\/2019-11-06-18.49.26.jpg\"><img loading=\"lazy\" decoding=\"async\" src=\"https:\/\/www.andreas-edler.de\/blog\/wp-content\/uploads\/2019\/11\/2019-11-06-18.49.26-150x150.jpg\" alt=\"\" width=\"150\" height=\"150\" class=\"size-thumbnail wp-image-165929\" \/><\/a><figcaption id=\"caption-attachment-165929\" class=\"wp-caption-text\">Papas Aufzeichnung &#8211; Lanterna 1980 &#8211; Seite 4<\/figcaption><\/figure><\/td>\n<td style=\"border: none;\"><figure id=\"attachment_165930\" aria-describedby=\"caption-attachment-165930\" style=\"width: 150px\" class=\"wp-caption aligncenter\"><a href=\"https:\/\/www.andreas-edler.de\/blog\/wp-content\/uploads\/2019\/11\/2019-11-06-18.49.56.jpg\"><img loading=\"lazy\" decoding=\"async\" src=\"https:\/\/www.andreas-edler.de\/blog\/wp-content\/uploads\/2019\/11\/2019-11-06-18.49.56-150x150.jpg\" alt=\"\" width=\"150\" height=\"150\" class=\"size-thumbnail wp-image-165930\" \/><\/a><figcaption id=\"caption-attachment-165930\" class=\"wp-caption-text\">Papas Aufzeichnung &#8211; Lanterna 1980 &#8211; Seite 5<\/figcaption><\/figure><\/td>\n<td style=\"border: none;\"><\/td>\n<\/tr>\n<\/tbody>\n<\/table>\n","protected":false},"excerpt":{"rendered":"<p>Sommerurlaub Urlaubsziel: Tar in Jugoslawien Urlaubszeit vom 02. Juli bis zum 25. Juli. Die Wetterlage ist sehr schlecht, es regnet seit Tagen. Geplant hatten wir einen Urlaub im Bayrischen Wald, sind aber unschl\u00fcssig, zu welchem Ziel wir fahren wollen. [Sind] &hellip;<\/p>\n<p class=\"read-more\"> <a class=\"more-link\" href=\"https:\/\/www.andreas-edler.de\/blog\/urlaub\/kroatien-1980-tar-lanterna\/\"> <span class=\"screen-reader-text\">Kroatien 1980 &#8211; Tar \/ Lanterna<\/span> Weiterlesen &raquo;<\/a><\/p>\n","protected":false},"author":1,"featured_media":0,"parent":8135,"menu_order":42,"comment_status":"closed","ping_status":"closed","template":"","meta":{"ngg_post_thumbnail":0,"activitypub_content_warning":"","activitypub_content_visibility":"","activitypub_max_image_attachments":2,"activitypub_interaction_policy_quote":"anyone","activitypub_status":"federated","footnotes":""},"class_list":["post-165922","page","type-page","status-publish","hentry"],"_links":{"self":[{"href":"https:\/\/www.andreas-edler.de\/blog\/wp-json\/wp\/v2\/pages\/165922","targetHints":{"allow":["GET"]}}],"collection":[{"href":"https:\/\/www.andreas-edler.de\/blog\/wp-json\/wp\/v2\/pages"}],"about":[{"href":"https:\/\/www.andreas-edler.de\/blog\/wp-json\/wp\/v2\/types\/page"}],"author":[{"embeddable":true,"href":"https:\/\/www.andreas-edler.de\/blog\/wp-json\/wp\/v2\/users\/1"}],"replies":[{"embeddable":true,"href":"https:\/\/www.andreas-edler.de\/blog\/wp-json\/wp\/v2\/comments?post=165922"}],"version-history":[{"count":0,"href":"https:\/\/www.andreas-edler.de\/blog\/wp-json\/wp\/v2\/pages\/165922\/revisions"}],"up":[{"embeddable":true,"href":"https:\/\/www.andreas-edler.de\/blog\/wp-json\/wp\/v2\/pages\/8135"}],"wp:attachment":[{"href":"https:\/\/www.andreas-edler.de\/blog\/wp-json\/wp\/v2\/media?parent=165922"}],"curies":[{"name":"wp","href":"https:\/\/api.w.org\/{rel}","templated":true}]}}