{"id":164085,"date":"2015-06-07T23:49:04","date_gmt":"2015-06-07T21:49:04","guid":{"rendered":"http:\/\/www.andreas-edler.de\/blog\/?page_id=164085"},"modified":"2023-10-27T10:52:01","modified_gmt":"2023-10-27T08:52:01","slug":"lahntalradweg-feudingen-bis-limburg-2015","status":"publish","type":"page","link":"https:\/\/www.andreas-edler.de\/blog\/radtouren\/lahntalradweg-feudingen-bis-limburg-2015\/","title":{"rendered":"Lahntalradweg &#8211; Feudingen bis Limburg &#8211; 2015"},"content":{"rendered":"<div class=\"info\">\n<h5>04.06.2015 &#8211; Feudingen bis Marburg<\/h5>\n<ul>\n<li>148 H\u00f6henmeter<\/li>\n<li>55,9 Km Tagesetappe<\/li>\n<li>47,0 Km\/h max.<\/li>\n<li>16,9 Km\/h Schnitt<\/li>\n<li>3:18:29 in Bewegung<\/li>\n<\/ul>\n<h5>05.06.2015 &#8211; Marburg bis Wetzlar<\/h5>\n<ul>\n<li>250 H\u00f6henmeter<\/li>\n<li>57,5 Km Tagesetappe<\/li>\n<li>41,2 Km\/h max.<\/li>\n<li>15,3 Km\/h Schnitt<\/li>\n<li>3:34:05 in Bewegung<\/li>\n<\/ul>\n<h5>06.06.2015 &#8211; Wetzlar bis Limburg<\/h5>\n<ul>\n<li>315 H\u00f6henmeter<\/li>\n<li>68,8 Km Tagesetappe<\/li>\n<li>45,3 Km\/h max.<\/li>\n<li>15,6 Km\/h Schnitt<\/li>\n<li>4:24:11 in Bewegung<\/li>\n<\/ul>\n<\/div>\n<p>Ich habe zu der (Tor)Tour <a href=\"https:\/\/www.andreas-edler.de\/blog\/2015\/06\/fahrraderlebnisse-der-letzten-zwei-wochen\/\">an anderer Stelle schon etwas geschrieben<\/a>. Wobei es dort eigentlich mehr so um <a href=\"https:\/\/www.andreas-edler.de\/blog\/2015\/06\/fahrraderlebnisse-der-letzten-zwei-wochen\/\">die technischen Macken meines Fahrrades<\/a> ging. Ansonsten ist der Lahntalradweg aber sch\u00f6n zu befahren und liegt auch ganz heimelig. Ich meine, Lars und ich waren uns einig, dass der Weg zwischen den St\u00e4dten jeweils ein bisschen langweilig war, Wiese, Stra\u00dfe, Wiese, aber Spa\u00df gemacht hat es in jedem Fall.<\/p>\n<p>Vor allen Dingen die kleinen St\u00e4dtchen, welche jedesmal zu einem ausgiebigen Halt einluden, sind die Reise wert. Sei es Bad Lassphe, Marburg, Wetzlar oder Limburg.<br \/>\n<figure id=\"attachment_164087\" aria-describedby=\"caption-attachment-164087\" style=\"width: 250px\" class=\"wp-caption alignnone\"><a href=\"http:\/\/www.andreas-edler.de\/blog\/wp-content\/uploads\/2018\/08\/lahntalradweg_lars_wiese.jpg\"><img loading=\"lazy\" decoding=\"async\" src=\"http:\/\/www.andreas-edler.de\/blog\/wp-content\/uploads\/2018\/08\/lahntalradweg_lars_wiese-250x139.jpg\" alt=\"\" width=\"250\" height=\"139\" class=\"size-medium wp-image-164087\" srcset=\"https:\/\/www.andreas-edler.de\/blog\/wp-content\/uploads\/2018\/08\/lahntalradweg_lars_wiese-250x139.jpg 250w, https:\/\/www.andreas-edler.de\/blog\/wp-content\/uploads\/2018\/08\/lahntalradweg_lars_wiese-768x428.jpg 768w, https:\/\/www.andreas-edler.de\/blog\/wp-content\/uploads\/2018\/08\/lahntalradweg_lars_wiese-470x262.jpg 470w, https:\/\/www.andreas-edler.de\/blog\/wp-content\/uploads\/2018\/08\/lahntalradweg_lars_wiese-100x56.jpg 100w, https:\/\/www.andreas-edler.de\/blog\/wp-content\/uploads\/2018\/08\/lahntalradweg_lars_wiese-150x84.jpg 150w, https:\/\/www.andreas-edler.de\/blog\/wp-content\/uploads\/2018\/08\/lahntalradweg_lars_wiese-200x111.jpg 200w, https:\/\/www.andreas-edler.de\/blog\/wp-content\/uploads\/2018\/08\/lahntalradweg_lars_wiese-300x167.jpg 300w, https:\/\/www.andreas-edler.de\/blog\/wp-content\/uploads\/2018\/08\/lahntalradweg_lars_wiese-450x251.jpg 450w, https:\/\/www.andreas-edler.de\/blog\/wp-content\/uploads\/2018\/08\/lahntalradweg_lars_wiese-600x334.jpg 600w, https:\/\/www.andreas-edler.de\/blog\/wp-content\/uploads\/2018\/08\/lahntalradweg_lars_wiese-900x501.jpg 900w, https:\/\/www.andreas-edler.de\/blog\/wp-content\/uploads\/2018\/08\/lahntalradweg_lars_wiese.jpg 1280w\" sizes=\"auto, (max-width: 250px) 100vw, 250px\" \/><\/a><figcaption id=\"caption-attachment-164087\" class=\"wp-caption-text\">Nicht alle Wege waren super befestigt &#8230; aber wenn man abk\u00fcrzen will :-)<\/figcaption><\/figure> Und auch wenn ich w\u00e4hrend der Fahrt aufgrund der Pannen mit dem Rad doch manchmal echt mega genervt war, so ist es doch ein paar Jahre sp\u00e4ter nur noch lustig und eine nette Anekdote und die sch\u00f6nen Dinge \u00fcberwiegen.<br \/>\n<figure id=\"attachment_164090\" aria-describedby=\"caption-attachment-164090\" style=\"width: 470px\" class=\"wp-caption aligncenter\"><a href=\"http:\/\/www.andreas-edler.de\/blog\/wp-content\/uploads\/2018\/08\/lahntalradweg_bruecke.jpg\"><img loading=\"lazy\" decoding=\"async\" src=\"http:\/\/www.andreas-edler.de\/blog\/wp-content\/uploads\/2018\/08\/lahntalradweg_bruecke-470x186.jpg\" alt=\"\" width=\"470\" height=\"186\" class=\"size-large wp-image-164090\" srcset=\"https:\/\/www.andreas-edler.de\/blog\/wp-content\/uploads\/2018\/08\/lahntalradweg_bruecke-470x186.jpg 470w, https:\/\/www.andreas-edler.de\/blog\/wp-content\/uploads\/2018\/08\/lahntalradweg_bruecke-250x99.jpg 250w, https:\/\/www.andreas-edler.de\/blog\/wp-content\/uploads\/2018\/08\/lahntalradweg_bruecke-768x304.jpg 768w, https:\/\/www.andreas-edler.de\/blog\/wp-content\/uploads\/2018\/08\/lahntalradweg_bruecke-100x40.jpg 100w, https:\/\/www.andreas-edler.de\/blog\/wp-content\/uploads\/2018\/08\/lahntalradweg_bruecke-150x59.jpg 150w, https:\/\/www.andreas-edler.de\/blog\/wp-content\/uploads\/2018\/08\/lahntalradweg_bruecke-200x79.jpg 200w, https:\/\/www.andreas-edler.de\/blog\/wp-content\/uploads\/2018\/08\/lahntalradweg_bruecke-300x119.jpg 300w, https:\/\/www.andreas-edler.de\/blog\/wp-content\/uploads\/2018\/08\/lahntalradweg_bruecke-450x178.jpg 450w, https:\/\/www.andreas-edler.de\/blog\/wp-content\/uploads\/2018\/08\/lahntalradweg_bruecke-600x238.jpg 600w, https:\/\/www.andreas-edler.de\/blog\/wp-content\/uploads\/2018\/08\/lahntalradweg_bruecke-900x356.jpg 900w, https:\/\/www.andreas-edler.de\/blog\/wp-content\/uploads\/2018\/08\/lahntalradweg_bruecke.jpg 1280w\" sizes=\"auto, (max-width: 470px) 100vw, 470px\" \/><\/a><figcaption id=\"caption-attachment-164090\" class=\"wp-caption-text\">Lauer Abend<\/figcaption><\/figure><br \/>\nEinige weitere Impressionen finden sich in einem <a href=\"https:\/\/photos.app.goo.gl\/Rqc6WXh6vLdJXGWKA\">Google Foto-Album<\/a>.<\/p>\n","protected":false},"excerpt":{"rendered":"<p>04.06.2015 &#8211; Feudingen bis Marburg 148 H\u00f6henmeter 55,9 Km Tagesetappe 47,0 Km\/h max. 16,9 Km\/h Schnitt 3:18:29 in Bewegung 05.06.2015 &#8211; Marburg bis Wetzlar 250 H\u00f6henmeter 57,5 Km Tagesetappe 41,2 Km\/h max. 15,3 Km\/h Schnitt 3:34:05 in Bewegung 06.06.2015 &#8211; &hellip;<\/p>\n<p class=\"read-more\"> <a class=\"more-link\" href=\"https:\/\/www.andreas-edler.de\/blog\/radtouren\/lahntalradweg-feudingen-bis-limburg-2015\/\"> <span class=\"screen-reader-text\">Lahntalradweg &#8211; Feudingen bis Limburg &#8211; 2015<\/span> Weiterlesen &raquo;<\/a><\/p>\n","protected":false},"author":1,"featured_media":0,"parent":7485,"menu_order":3,"comment_status":"open","ping_status":"closed","template":"","meta":{"ngg_post_thumbnail":0,"activitypub_content_warning":"","activitypub_content_visibility":"","activitypub_max_image_attachments":2,"activitypub_interaction_policy_quote":"anyone","activitypub_status":"","footnotes":""},"class_list":["post-164085","page","type-page","status-publish","hentry"],"_links":{"self":[{"href":"https:\/\/www.andreas-edler.de\/blog\/wp-json\/wp\/v2\/pages\/164085","targetHints":{"allow":["GET"]}}],"collection":[{"href":"https:\/\/www.andreas-edler.de\/blog\/wp-json\/wp\/v2\/pages"}],"about":[{"href":"https:\/\/www.andreas-edler.de\/blog\/wp-json\/wp\/v2\/types\/page"}],"author":[{"embeddable":true,"href":"https:\/\/www.andreas-edler.de\/blog\/wp-json\/wp\/v2\/users\/1"}],"replies":[{"embeddable":true,"href":"https:\/\/www.andreas-edler.de\/blog\/wp-json\/wp\/v2\/comments?post=164085"}],"version-history":[{"count":0,"href":"https:\/\/www.andreas-edler.de\/blog\/wp-json\/wp\/v2\/pages\/164085\/revisions"}],"up":[{"embeddable":true,"href":"https:\/\/www.andreas-edler.de\/blog\/wp-json\/wp\/v2\/pages\/7485"}],"wp:attachment":[{"href":"https:\/\/www.andreas-edler.de\/blog\/wp-json\/wp\/v2\/media?parent=164085"}],"curies":[{"name":"wp","href":"https:\/\/api.w.org\/{rel}","templated":true}]}}