{"id":11776,"date":"2012-04-10T18:08:33","date_gmt":"2012-04-10T16:08:33","guid":{"rendered":"http:\/\/www.andreas-edler.de\/blog\/?page_id=11776"},"modified":"2025-07-12T19:03:46","modified_gmt":"2025-07-12T17:03:46","slug":"schweiz-2012","status":"publish","type":"page","link":"https:\/\/www.andreas-edler.de\/blog\/urlaub\/schweiz-2012\/","title":{"rendered":"Schweiz 2012.04"},"content":{"rendered":"<h3>Faulensee\/Schweiz &#8211; April 2012<\/h3>\n<p> Auch in 2012 haben wir die liebe Verwandschaft in der Schweiz in Faulensee am Thuner See besucht! Vielen Dank f\u00fcr Kost &#038; Logis! Wir kommen gerne wieder :-) <\/p>\n<p style=\"text-align:center;font-size: smaller;\"><img decoding=\"async\" src=\"http:\/\/www.andreas-edler.de\/grafik\/blog_2012\/20120413_spiez_2012_startseite.jpg\" width=\"470\" border=\"0\" alt=\"\" title=\"\"><\/p>\n<h3>08.04.2012<\/h3>\n<p>Ganz fr\u00fch morgens sind wir aufgestanden. Gut, <b>ganz<\/b> fr\u00fch war es nicht, aber zumindest halb 6 am Morgen. Schnell alle Klamotten ins Auto geworfen, nochmal ins Haus ob alles in Ordnung ist und los. Und nochmal angehalten und zur\u00fcck ins Haus, um das Portemonnaie zu holen und dann waren wir um 7 Uhr mit dem Yeti auch schon auf der sch\u00f6n leeren Autobahn und rollten Richtung S\u00fcden. <\/p>\n<p style=\"text-align:center;\"><img decoding=\"async\" src=\"http:\/\/www.andreas-edler.de\/grafik\/blog_2012\/20120408_autobahn.jpg\" width=\"470\" border=\"0\" alt=\"\"><\/p>\n<p> Ich wollte den Yeti spritsparend fahren und wunderte mich, warum ich den verdammten Verbrauch laut Anzeige nicht unter 10 Liter bekam. Irgendwann ging mir aber auf, dass es in den Kasseler Bergen durchaus schwierig ist, die Gipfel zu erklimmen und trotzdem kein Bezin durch die Einspritzd\u00fcsen zu pumpen. Irgendwie muss unser Gewicht ja den Berg hinauf. Bis zum ersten Tankstopp hatte ich dann einen Verbrauch von 10,8 Liter herausgefahren. Und die Sonne lachte! <\/p>\n<p style=\"text-align:center;\"><img decoding=\"async\" src=\"http:\/\/www.andreas-edler.de\/grafik\/blog_2012\/20120408_raststaette.jpg\" width=\"470\" border=\"0\" alt=\"\"><\/p>\n<p> Bis kurz vor die Schweizer Grenze sind wir super durchgekommen und haben in der Ecke um L\u00f6rrach angehalten, um einen Blick auf den Rhein zu werfen. War zwar nur ein kleiner Nebenkanal, aber trotzdem sch\u00f6n. <\/p>\n<p style=\"text-align:center;\"><img decoding=\"async\" src=\"http:\/\/www.andreas-edler.de\/grafik\/blog_2012\/20120408_raststaette_fischbach.jpg\" width=\"470\" border=\"0\" alt=\"\"><\/p>\n<p> Kurz darauf passierten wir die Zollanlagen und rollten dann auf den geschwindigkeitsbegrenzten, eidgen\u00f6ssischen Fahrbahnen Richtung Thuner See. Die Schweiz unterst\u00fctzt mit den Tempolimits meine Bem\u00fchungen Benzin zu sparen und die Verbrauchsanzeige pr\u00e4sentierte zeitweise sogar eine 4 vor dem Komma.<\/p>\n<p>Als wir nach ziemlich genau 7 Fahrtstunden am Ziel angelangten, hatte sich die Sonne hinter dichten Wolken versteckt und die sch\u00f6nen Berge waren hinter Wolken und Dunst verhangen. <\/p>\n<p style=\"text-align:center;\"><img decoding=\"async\" src=\"http:\/\/www.andreas-edler.de\/grafik\/blog_2012\/20120408_faulensee.jpg\" width=\"470\" border=\"0\" alt=\"\"><\/p>\n<p> Egal, angekommen! Nach der herzlichen Begr\u00fc\u00dfung haben wir das G\u00e4stezimmer bezogen, uns ein bisschen frisch gemacht und ausgeruht. Als dann die Dame des Hauses auch nach Hause kam, hatte die Sonne die Wolken wieder vertrieben und ein kleiner Spaziergang durch den Ort war angesagt. Ich find&#8217;s hier ja wundersch\u00f6n und bin ein bisschen neidisch, dass andere dort wohnen, wo wir Urlaub machen. See, Berge, Sonne &#8230; alles da! <\/p>\n<p style=\"text-align:center;\"><img decoding=\"async\" src=\"http:\/\/www.andreas-edler.de\/grafik\/blog_2012\/20120408_hafen_spiez.jpg\" width=\"470\" border=\"0\" alt=\"\"><\/p>\n<p> Den Abend haben wir bei einem Gl\u00e4schen Laphroaig ausklingen lassen.<\/p>\n<h3>09.04.2012<\/h3>\n<p>Als wir an diesem Morgen aufstanden, war die Hausherrin bereits zur Arbeit. Auch am Ostermontag wollen die Patienten im Krankenhaus versorgt sein. Wir haben also nur mit dem Gastgeber zusammen gefr\u00fchst\u00fcckt und sind dann nach ein bisschen D\u00f6sen Richtung Bern aufgebrochen. Dort wollten wir den Zoo besuchen. Allerdings musste ich vorher noch die neue Kamera bei weniger Dunst ausprobieren. <\/p>\n<p style=\"text-align:center;\"><img decoding=\"async\" src=\"http:\/\/www.andreas-edler.de\/grafik\/blog_2012\/20120409_niederhorn_1x.jpg\" width=\"470\" border=\"0\" alt=\"\"><\/p>\n<p> Vom Balkon aus hat man einen sch\u00f6nen Blick auf das Niederhorn. Das kannte ich schon und so hat es die alte Kamera auch fotografiert. Was ich aber noch nicht wusste ist, <\/p>\n<p style=\"text-align:center;\"><img decoding=\"async\" src=\"http:\/\/www.andreas-edler.de\/grafik\/blog_2012\/20120409_niederhorn_30x.jpg\" width=\"470\" border=\"0\" alt=\"\"><\/p>\n<p> dass da oben auch eine Drachenfliegerrampe ist :-o Die Bilder sind vom gleichen Standpunkt aus aufgenommen, der Ausschnitt ist exakt gleich gro\u00df und im gleichen Verh\u00e4ltnis verkleinert worden. Das macht mir wirklich Spa\u00df! Und <a href=\"http:\/\/www.andreas-edler.de\/blog\/2012\/04\/fujifilm-hs30-exr\/\">der Akku ist seit dem Kauf auch noch nicht neu aufgeladen<\/a> worden.<\/p>\n<p>In Bern geht es mir wie in jeder anderen gr\u00f6\u00dferen Stadt: ich mag dort kein Auto fahren. Ich kann&#8217;s nicht leiden. Gro\u00dfst\u00e4dte sind nicht meine Welt. Wir haben trotzdem den Zoo gefunden und sogar einen Parkplatz recht nah am Eingang bekommen. Der Zoo selbst ist recht unspektakul\u00e4r &#8211; finde ich. Ist deutlich kleiner als der in Osnabr\u00fcck, allerdings sind die einzelnen Gehege teilweise deutlich liebevoller angelegt. <\/p>\n<p style=\"text-align:center;\"><img decoding=\"async\" src=\"http:\/\/www.andreas-edler.de\/grafik\/blog_2012\/20120409_flamingos.jpg\" width=\"470\" border=\"0\" alt=\"\"><\/p>\n<p> Und am Eingang sind immer die Flamingos! Es gibt einen ziemlich gro\u00dfen Bereich, den man ohne Eintritt zu zahlen begehen kann. Nur die Aquarien und die &#8222;richtig wilden Tiere&#8220; kriegt man nur gegen Franken zu sehen. Haben wir nat\u00fcrlich gemacht. <\/p>\n<p style=\"text-align:center;\"><img decoding=\"async\" src=\"http:\/\/www.andreas-edler.de\/grafik\/blog_2012\/20120409_aeffchen.jpg\" width=\"470\" border=\"0\" alt=\"\"><\/p>\n<p> Leoparden, Wisente, Affen und viele, viele Fische. Ich mag Aquarien. Und ich mag die neue Kamera, die nun endlich auch ohne Verrenkungen halbwegs ertr\u00e4gliche Bilder von Fischen im schummerigen Licht macht. <\/p>\n<p style=\"text-align:center;\"><img decoding=\"async\" src=\"http:\/\/www.andreas-edler.de\/grafik\/blog_2012\/20120409_fisch.jpg\" width=\"470\" border=\"0\" alt=\"\"><\/p>\n<p> Wenn ich mir mal die Anleitung durchlese und ein bisschen \u00fcbe, wird das wom\u00f6glich noch sch\u00f6ner. Die Zeit ging recht fix vorbei und wir haben unsere Gastgeberin nach der Arbeit vor dem Krankenhaus abgeholt, um einen Abstecher in den franz\u00f6sischsprachigen Teil der Schweiz zu machen. Nach Gletterens, wo das neue Domizil entstehen soll. Den Bauplatz mit den Umrissen des Hauses kann man schon besichtigen. <\/p>\n<p style=\"text-align:center;\"><img decoding=\"async\" src=\"http:\/\/www.andreas-edler.de\/grafik\/blog_2012\/20120409_holzgestell.jpg\" width=\"470\" border=\"0\" alt=\"\"><\/p>\n<p> In der Schweiz muss man die Au\u00dfenma\u00dfe des Hauses vor dem Bau ein paar Wochen markieren und stehen lassen, damit die Nachbarn entscheiden k\u00f6nnen, ob ihnen das so passt. In dem Fall ist es bereits gegessen. Danach sind wir noch an den nur 15 Minuten entfernten Strand gelaufen und haben den See bewundert. <\/p>\n<p style=\"text-align:center;\"><img decoding=\"async\" src=\"http:\/\/www.andreas-edler.de\/grafik\/blog_2012\/20120409_strand.jpg\" width=\"470\" border=\"0\" alt=\"\"><\/p>\n<p> Wobei ich die Aussicht am Thuner-See ganz ehrlich ein bisschen schicker finde ;-) Nach der Hausschau ging&#8217;s \u00fcber Bern wieder zur\u00fcck nach Faulensee, wo eine <a href=\"http:\/\/nochmehrsenf.blogspot.com\/2012\/04\/und-wieder-die-leckere-gyrossuppe.html\">leckere Gyrossuppe<\/a> zubereitet wurde. Weit vor Mitternacht sind wir ins Bett gefallen und haben tief und fest geschlafen.<\/p>\n<h3>10.04.2012<\/h3>\n<p>Bei strahlendem Sonnenschein sind wir in unserem Kurzurlaubverwandschaftsbesuchsdomizil aufgewacht und haben uns bei einem ausgiebigen Fr\u00fchst\u00fcck gest\u00e4rkt. Heute mussten beide Gastgeber zur Arbeit und wir hatten einen kleinen Ausflug geplant. <\/p>\n<p style=\"text-align:center;\"><img decoding=\"async\" src=\"http:\/\/www.andreas-edler.de\/grafik\/blog_2012\/20120410_lichterglanz.jpg\" width=\"470\" border=\"0\" alt=\"\"><\/p>\n<p> Allen gut gemeinten Vorschl\u00e4gen zum Trotz, welche Stadt man besichtigen k\u00f6nnte oder welchen Ort besuchen, hatten wir ein Ziel auserkoren, welches wir bereits zweimal vorher besucht hatten: die Axalp. Mal ehrlich, warum f\u00e4hrt man denn in die Berge, wenn nicht um genau diese anzusehen? Ich finde das herrlich &#8211; noch besser, wenn ein See in der N\u00e4he ist. Die Schilder ganz unten bei Brienz haben wir geflissentlich \u00fcbersehen. Diese bedeuteten uns, dass man nur mit Winterbereifung &#8211; bis ganz oben gar mit Schneeketten &#8211; auf den Berg <s>darf<\/s> <s>kann<\/s> soll. Mumpitz, wir haben doch Allrad und es ist 17\u00b0C warm. Au\u00dferdem, Schnee? Wo? <\/p>\n<p style=\"text-align:center;\"><img decoding=\"async\" src=\"http:\/\/www.andreas-edler.de\/grafik\/blog_2012\/20120410_parkplatz_axalp.jpg\" width=\"470\" border=\"0\" alt=\"\"><\/p>\n<p> Den Schnee haben wir dann schon nach der H\u00e4lfte der Auffahrt gefunden, rechts und links neben dem schmalen Weg. Aber nicht auf der Fahrbahn und wir sind denn auch v\u00f6llig problemlos oben angekommen. Die Skisaison ist ein oder zwei Tage vorher beendet worden, es waren keine anderen G\u00e4ste vor Ort und die L\u00e4den hatten alle zu. Ruhe! So soll es sein. Haben dann schnell die leichten Schuhe gegen die festen Wanderschuhe getauscht, die Windjacken umgeh\u00e4ngt und los. <\/p>\n<p style=\"text-align:center;\"><img decoding=\"async\" src=\"http:\/\/www.andreas-edler.de\/grafik\/blog_2012\/20120410_im_schnee.jpg\" width=\"470\" border=\"0\" alt=\"\"><\/p>\n<p> Viel sch\u00f6nere Landschaften kann ich mir wirklich nicht vorstellen. Das Laufen auf der leicht angetauten Skipiste ist ein bisschen anstrengend, aber sobald Schatten auf den Weg fiel, war alles wieder fest und man konnte prima laufen. Wir haben allerdings nur einen kleinen Spaziergang von ca. 1 Stunde gemacht. Danach war der Weg nicht mehr von den Pistenraupen gepl\u00e4ttet und wir h\u00e4tten tats\u00e4chlich die steile Skipiste hinauf gemusst. Ich wollte das &#8211; wurde aber vom Rest der Familie \u00fcberstimmt. <\/p>\n<p style=\"text-align:center;\"><img decoding=\"async\" src=\"http:\/\/www.andreas-edler.de\/grafik\/blog_2012\/20120410_bergpanorama.jpg\" width=\"470\" border=\"0\" alt=\"\"><\/p>\n<p> So haben wir dann eben &#8222;nur&#8220; die knallige Sonne und die Aussicht genossen und haben uns langsam auf den R\u00fcckweg zum Auto gemacht. Wir h\u00e4tten nun doch noch ein Eis oder sowas gegessen, wenn denn ein Restaurant ge\u00f6ffnet h\u00e4tte &#8230; aber irgendwas ist ja immer. Im Auto gab es Mars und Cola, das musste reichen. Die Abfahrt war genauso spa\u00dfig, wie das herauf fahren. Ich durfte sicherheitshalber nur direkt vor mir auf die Fahrbahn schauen und auf gar keinen Fall rechts oder links gucken. Dort ging&#8217;s n\u00e4mlich zumeist senkrecht nach unten und zwischen Au\u00dfenspiegel und &#8222;Abgrund&#8220; war es oft kein halber Meter.<\/p>\n<p>Unten angekommen haben wir den Weg Richtung Brienz eingeschlagen und bei der ersten sich bietenden Gelegenheit am See angehalten. Man kann wirklich jede beliebige Stelle nehmen, weil es \u00fcberall gleich gut aussieht :-) <\/p>\n<p style=\"text-align:center;\"><img decoding=\"async\" src=\"http:\/\/www.andreas-edler.de\/grafik\/blog_2012\/20120410_brienzer_see.jpg\" width=\"470\" border=\"0\" alt=\"\"><\/p>\n<p> Den R\u00fcckweg haben wir entlang der jeweils n\u00f6rdlichen Seeseiten (Brienzer- und Thuner-See) gew\u00e4hlt, um noch etwas von der Landschaft zu sehen und weil man auf der S\u00fcdseite auch stellenweise durch lange Tunnel vom Gucken abgehalten wird. <\/p>\n<p style=\"text-align:center;\"><img decoding=\"async\" src=\"http:\/\/www.andreas-edler.de\/grafik\/blog_2012\/20120410_pause.jpg\" width=\"470\" border=\"0\" alt=\"\"><\/p>\n<p> Hatten echt richtig Gl\u00fcck mit dem Wetter! Als wir wieder in Faulensee ankamen, war der Himmel bereits bew\u00f6lkt und es war sp\u00fcrbar k\u00e4lter geworden. Es gab die aufgew\u00e4rmten Reste der Vortage zum Abendbrot und ich habe mich um kurz nach 20 Uhr ins Bett gelegt, weil ich h\u00e4mmernde Kopfschmerzen bekommen hatte, die sich auch von den Tabletten nicht beeindrucken lie\u00dfen. Die anderen haben noch einige Zeit gespielt und geredet &#8230; h\u00e4tte ich wom\u00f6glich auch lieber gemacht, als mich im Bett hin und her zu w\u00e4lzen.<\/p>\n<h3>11.04.2012<\/h3>\n<p>Um kurz nach sieben habe ich die Augen aufgeschlagen und zuerst auf die Sch\u00e4deldecke gef\u00fchlt. Puckerte noch :-( Allerdings l\u00e4ngst nicht so stark wie am Vorabend. Vielleicht wird das ja was. Aber der R\u00fccken f\u00fchlte sich an, als h\u00e4tte ich alleine die Pyramiden von Gizeh gebaut. Ich brauche wohl mein eigenes Bett, in das sich mein R\u00fccken schon eine Form hineingelegen hat. Kerl, was bin ich alt. Nach ein bisschen rumlaufen im Zimmer und recken und strecken, ging es aber. Und nach der Dusche waren dann auch die Kopfschmerzen ganz weg. Bin dann mit dem Yeti zum B\u00e4cker gefahren &#8211; im Gegensatz zum Vortag regnete es n\u00e4mlich Bindf\u00e4den &#8211; und habe uns mit frischen Backwaren versorgt. F\u00fcr ein paar T\u00fcten Br\u00f6tchen, eine Packung Salami und einen Pott fair gehandelten Honig aus Guatemala habe ich 32 Schweizer Franken bezahlt. WTF? Und die Eidgenossen sehen nicht alle wie Hungerhaken aus, da muss es Leute geben, die sich tats\u00e4chlich regelm\u00e4\u00dfig Nahrungsmittel leisten k\u00f6nnen. Geschmeckt hat das alles jedoch sehr gut, vor allen Dingen der Honig war klasse! <\/p>\n<p style=\"text-align:center;\"><img decoding=\"async\" src=\"http:\/\/www.andreas-edler.de\/grafik\/blog_2012\/20120411_fruehstueck.jpg\" width=\"470\" border=\"0\" alt=\"\"><\/p>\n<p> Nach dem Fr\u00fchst\u00fcck war das Wetter immer noch nicht besser, aber wir hatten f\u00fcr heute eh nur rum gammeln geplant. Alex wollte raus und mit ihrer Schwester Geocachen ausprobieren. Sogar in Faulensee sind reichlich Caches versteckt, die gefunden werden wollen. Leider war das Wetter eher nach innerh\u00e4usigen Besch\u00e4ftigungen. <\/p>\n<p style=\"text-align:center;\"><img decoding=\"async\" src=\"http:\/\/www.andreas-edler.de\/grafik\/blog_2012\/20120411_regen.jpg\" width=\"470\" border=\"0\" alt=\"\"><\/p>\n<p> Und so haben wir dem Nachwuchs ein neues Spiel nahe gebracht. Klappte f\u00fcr die kleine Variante schon erstaunlich gut. Zumindest hat er die Grundlagen sehr schnell begriffen! <\/p>\n<p style=\"text-align:center;\"><img decoding=\"async\" src=\"http:\/\/www.andreas-edler.de\/grafik\/blog_2012\/20120411_billiard.jpg\" width=\"470\" border=\"0\" alt=\"\"><\/p>\n<p> Kurz nach Mittag sind wir dann aber doch raus, nachdem die Sonne ein ganz klein wenig raus kam und es ein bisschen freundlicher wurde. Der erste Cache, den wir versuchten, entpuppte sich als ein Mystery-Cache und wir hatten keine Lust auf R\u00e4tselraten. Gl\u00fccklicherweise war in der N\u00e4he auch ein Traditional, den wir alsbald suchten. <\/p>\n<p style=\"text-align:center;\"><img decoding=\"async\" src=\"http:\/\/www.andreas-edler.de\/grafik\/blog_2012\/20120411_im_wald.jpg\" width=\"470\" border=\"0\" alt=\"\"><\/p>\n<p> Die App auf Alex&#8216; Handy funktionierte auch offline ganz ausgezeichnet und wir hatten keinerlei Probleme, dem Versteck n\u00e4her zu kommen. Zu unserem Gl\u00fcck war der allererste Cache den wir je gehoben haben, auch noch recht einfach zu finden und zus\u00e4tzlich noch gr\u00f6\u00dfer als eine Filmdose. Die Frau war begeistert! <\/p>\n<p style=\"text-align:center;\"><img decoding=\"async\" src=\"http:\/\/www.andreas-edler.de\/grafik\/blog_2012\/20120411_cache.jpg\" width=\"470\" border=\"0\" alt=\"\"><\/p>\n<p> Haben uns ins Logbuch eingetragen und sind dann wieder Richtung Wohnung gegangen. Der kleine H\u00fcgel ist von oben betrachtet gar nicht so klein und der Abstieg war steil und wetterbedingt glitschig. <\/p>\n<p style=\"text-align:center;\"><img decoding=\"async\" src=\"http:\/\/www.andreas-edler.de\/grafik\/blog_2012\/20120411_huegelabwaerts.jpg\" width=\"470\" border=\"0\" alt=\"\"><\/p>\n<p> Tim und ich haben uns auf&#8217;s Sofa verzogen, Film geguckt bzw. am Rechner etliche Mails geschrieben, w\u00e4hrend Alex und die Gastgeberin noch einen kurzen (naja, fast 2 1\/2 Stunden) Spaziergang angeh\u00e4ngt haben. Und abends hat die Sonne dann ganz kurz noch mal alles gegeben! Was ein sch\u00f6ner Ausblick vom Balkon :-) <\/p>\n<p style=\"text-align:center;\"><img decoding=\"async\" src=\"http:\/\/www.andreas-edler.de\/grafik\/blog_2012\/20120411_sonne_auf_berg.jpg\" width=\"470\" border=\"0\" alt=\"\"><\/p>\n<p> Nach dem leckeren Abendessen bestehend aus <a href=\"http:\/\/www.alex-edler.de\/blog\/2012\/03\/linsensuppe-mit-huehnchen-und-curry\/\">Curry-Linseneintopf und Wei\u00dfbrot<\/a> wurde noch bis sp\u00e4t in die Nacht &#8222;Uno&#8220; gespielt, bevor wir uns zum Ausruhen vor der Heimfahrt ins Bett legten!<\/p>\n<h3>12.04.2012<\/h3>\n<p>Der letzte Morgen im wundersch\u00f6nen Faulensee begr\u00fc\u00dfte uns sonnig und freundlich. Br\u00f6tchen wurden vom nahe gelegenen Volg-Markt geholt und der Kaffee machte frisch f\u00fcr die Fahrt. Wenn so eine weite Strecke vor mir liegt, bekomme ich immer rennende F\u00fc\u00dfe und kann es gar nicht haben, wenn ich dann noch lange rum sitze und erz\u00e4hle. <\/p>\n<p style=\"text-align:center;font-size: smaller;\"><img decoding=\"async\" src=\"http:\/\/www.andreas-edler.de\/grafik\/blog_2012\/20120412_ausblick.jpg\" width=\"470\" border=\"0\" alt=\"\" title=\"\"><\/p>\n<p>  Passend dazu verdunkelte sich der Himmel zusehends und um halb 11 sa\u00dfen wir dann im Yeti und bogen auf die Autobahn Richtung Thun ein. In diesem Augenblick tr\u00f6pfelte es leicht auf die Windschutzscheibe. Das blieb dann auch den ganzen Tag lang so. Sind aber trotzdem prima durch gekommen! <\/p>\n<p style=\"text-align:center;font-size: smaller;\"><img decoding=\"async\" src=\"http:\/\/www.andreas-edler.de\/grafik\/blog_2012\/20120412_autobahn.jpg\" width=\"470\" border=\"0\" alt=\"\" title=\"\"><\/p>\n<p>  In Pfungstadt haben wir einen kleinen Zwischenstop bei einer kleinen, aber feinen B\u00e4ckerei eingelegt und Alex&#8216; Tante besucht. Wir wurden sehr herzlich begr\u00fc\u00dft und st\u00e4rkten uns mit leckerer Schokoladencreme- und Nuss-Nougat-Torte. Wobei nat\u00fcrlich der Kaffee nicht fehlen durfte! Vielen, vielen Dank noch einmal! <\/p>\n<p style=\"text-align:center;font-size: smaller;\"><img decoding=\"async\" src=\"http:\/\/www.andreas-edler.de\/grafik\/blog_2012\/20120412_mcd.jpg\" width=\"470\" border=\"0\" alt=\"\" title=\"\"><\/p>\n<p> 1 1\/2 Stunden sp\u00e4ter sa\u00dfen wir aber schon wieder im Auto und rollten Richtung Heimat. Der kleine Junge hatte bereits angefangen zu quengeln und ich wollte auch die eigenen vier W\u00e4nde wieder sehen. Zu Abend gegessen haben wir bei einer gro\u00dfen amerikanischen Restaurantkette und von da war es dann nur noch ein Katzensprung, bis wir wieder in Eidinghausen auf den Hof rollten. Wieder mal ein sehr sch\u00f6ner Kurzurlaub. Die Gegend da unten ist wirklich wie aus dem Bilderbuch! Und es hat alles geklappt, was ich mir vorgestellt habe: Axalp hoch fahren, im Schnee spazieren gehen und Flugzeuge fotografieren. Waren kleine Ziele, aber alle erreicht ;-)<\/p>\n<p>Bis zum n\u00e4chsten Mal!<\/p>\n","protected":false},"excerpt":{"rendered":"<p>Faulensee\/Schweiz &#8211; April 2012 Auch in 2012 haben wir die liebe Verwandschaft in der Schweiz in Faulensee am Thuner See besucht! Vielen Dank f\u00fcr Kost &#038; Logis! Wir kommen gerne wieder :-) 08.04.2012 Ganz fr\u00fch morgens sind wir aufgestanden. Gut, &hellip;<\/p>\n<p class=\"read-more\"> <a class=\"more-link\" href=\"https:\/\/www.andreas-edler.de\/blog\/urlaub\/schweiz-2012\/\"> <span class=\"screen-reader-text\">Schweiz 2012.04<\/span> Weiterlesen &raquo;<\/a><\/p>\n","protected":false},"author":1,"featured_media":0,"parent":8135,"menu_order":27,"comment_status":"open","ping_status":"open","template":"","meta":{"ngg_post_thumbnail":0,"activitypub_content_warning":"","activitypub_content_visibility":"","activitypub_max_image_attachments":2,"activitypub_interaction_policy_quote":"anyone","activitypub_status":"federated","footnotes":""},"class_list":["post-11776","page","type-page","status-publish","hentry"],"_links":{"self":[{"href":"https:\/\/www.andreas-edler.de\/blog\/wp-json\/wp\/v2\/pages\/11776","targetHints":{"allow":["GET"]}}],"collection":[{"href":"https:\/\/www.andreas-edler.de\/blog\/wp-json\/wp\/v2\/pages"}],"about":[{"href":"https:\/\/www.andreas-edler.de\/blog\/wp-json\/wp\/v2\/types\/page"}],"author":[{"embeddable":true,"href":"https:\/\/www.andreas-edler.de\/blog\/wp-json\/wp\/v2\/users\/1"}],"replies":[{"embeddable":true,"href":"https:\/\/www.andreas-edler.de\/blog\/wp-json\/wp\/v2\/comments?post=11776"}],"version-history":[{"count":0,"href":"https:\/\/www.andreas-edler.de\/blog\/wp-json\/wp\/v2\/pages\/11776\/revisions"}],"up":[{"embeddable":true,"href":"https:\/\/www.andreas-edler.de\/blog\/wp-json\/wp\/v2\/pages\/8135"}],"wp:attachment":[{"href":"https:\/\/www.andreas-edler.de\/blog\/wp-json\/wp\/v2\/media?parent=11776"}],"curies":[{"name":"wp","href":"https:\/\/api.w.org\/{rel}","templated":true}]}}