{"id":105383,"date":"2014-06-25T21:41:24","date_gmt":"2014-06-25T19:41:24","guid":{"rendered":"http:\/\/www.andreas-edler.de\/blog\/?page_id=105383"},"modified":"2023-10-27T10:52:01","modified_gmt":"2023-10-27T08:52:01","slug":"mainradweg-karlstadt-bis-lichtenfels","status":"publish","type":"page","link":"https:\/\/www.andreas-edler.de\/blog\/radtouren\/mainradweg-karlstadt-bis-lichtenfels\/","title":{"rendered":"Mainradweg &#8211; Karlstadt bis Lichtenfels &#8211; 2014"},"content":{"rendered":"<div class=\"info\">\n      <a name=\"Links\"><\/a><\/p>\n<h5>Daten der Tour:<\/h5>\n<ul>\n<li><a href=\"#19\">19.06.2014<\/a><br \/><a href=\"http:\/\/connect.garmin.com\/activity\/526757304\">Karlstadt (12:03) bis Kitzingen (19:02)<\/a>:<br \/>68,8 Km gefahren<br \/>31,2 Km\/h max.<br \/>16,6 Km\/h Schnitt<br \/>4:08:49 in Bewegung<br \/>185 H\u00f6henmeter<\/li>\n<li><a href=\"#20\">20.06.2014<\/a><br \/><a href=\"http:\/\/connect.garmin.com\/activity\/526757307\">Kitzingen (10:01) bis Ha\u00dffurt (19:12)<\/a>:<br \/>85,1 Km gefahren<br \/>44,6 Km\/h max.<br \/>16,2 Km\/h Schnitt<br \/>5:14:32 in Bewegung<br \/>289 H\u00f6henmeter<\/li>\n<li><a href=\"#21\">21.06.2014<\/a><br \/><a href=\"http:\/\/connect.garmin.com\/activity\/526757309\">Ha\u00dffurt (8:59) bis Bad Staffelstein (16:55)<\/a>:<br \/>76,9 Km gefahren<br \/>38,2 Km\/h max.<br \/>17,7 Km\/h Schnitt<br \/>4:20:18 in Bewegung<br \/>202 H\u00f6henmeter<\/li>\n<li><a href=\"#22\">22.06.2014<\/a><br \/><a href=\"http:\/\/connect.garmin.com\/activity\/526757310\">Bad Staffelstein bis Lichtenfels:<\/a><br \/>8,56 Km gefahren<br \/>27,4 Km\/h max.<br \/>16,8 Km\/h Schnitt<br \/>0:30:39 in Bewegung<br \/>32 H\u00f6henmeter<\/li>\n<\/ul>\n<\/div>\n<h4><a name=\"19\"><\/a>19.06.2014<\/h4>\n<p>Im letzten Jahr sind wir den Mainradweg angegangen. In zwei Jahren wollten wir den Flu\u00df abfahren und haben uns als <a href=\"http:\/\/www.andreas-edler.de\/blog\/radtouren\/mainradweg-aschaffenburg-bis-karlstadt\/\" title=\"Mainradweg \u2013 Aschaffenburg bis Karlstadt\">Startpunkt Aschaffenburg<\/a> ausgesucht, um dann flu\u00dfaufw\u00e4rts zu radeln. Leider hat das in 2013 nur begrenzten Erfolg gehabt, denn der Radweg war teilweise komplett \u00fcberflutet. Mussten dann leider nach der zweiten \u00dcbernachtung in Karlstadt abbrechen.<\/p>\n<p>In diesem Jahr versprach der Weterbericht gutes Radwetter und Lars hatte bereits im Fr\u00fchjahr die \u00dcbernachtungen und die Hinfahrt per Bahn gebucht. Am 19.06. um 8 Uhr ging unser Zug nach Karlstadt, damit wir am letztj\u00e4hrigen Endpunkt wieder in die Tour einsteigen konnten. Zweimal umsteigen sp\u00e4ter, kamen wir auch in Bayern an, radelten an unserer alten Pension vorbei und zum Flu\u00df runter. <a href=\"http:\/\/nochmehrsenf.blogspot.de\/2014\/06\/startpunkt-erreicht.html\">Kurz Br\u00f6tchen essen<\/a> und los geht&#8217;s! Unser erstes Ziel war W\u00fcrzburg, dort wollten wir ein wenig die Stadt ansehen. \u00dcber Himmelstadt, Zellingen, Erlabrunn und Margetsh\u00f6chheim <a href=\"http:\/\/nochmehrsenf.blogspot.de\/2014\/06\/halfte-vom-ersten-tag.html\">gelangten wir bei Bombenwetter auch dort an<\/a>. Sollte ja eigentlich im letzten Jahr alles schon erledigt sein, aber da war an der Stelle wohl alles \u00fcberflutet.<\/p>\n<p>Haben in W\u00fcrzburg den Main gequert und ein paar Fotos gemacht, bevor es wieder auf die Piste ging. \u00dcber Eibelstadt, Sommerhausen und Gro\u00dfmannsdorf gelangt man nach Ochsenfurt. Gro\u00df aufgehalten haben wir uns hier nicht, denn die Zeit dr\u00e4ngte. Wir wollten zum Hotel. Nur den halben Tag Zeit, aber eine ganze Etappe eingeplant ;-) Also wieder \u00fcber den Main und dann \u00fcber Marktbreit und Marktsteft <a href=\"http:\/\/nochmehrsenf.blogspot.de\/2014\/06\/tagesziel-erreicht.html\">nach Kitzingen<\/a>! Dort haben wir uns im Hotel &#8222;Kitzinger Hof&#8220; einquartiert. Die Unterkunft kann ich nur w\u00e4rmstens empfehlen. Sehr gro\u00dfes, ordentliches Zimmer, freundlicher Wirt und das beste Fr\u00fchst\u00fcck der ganzen Tour in einem urigen Gew\u00f6lbekeller. Klasse!<\/p>\n<p>Zu Abend gegessen haben wir im Bayrischen Hof, wo man uns mit Blick auf die Uhr ein wenig forsch zum schnellen Ausw\u00e4hlen aufforderte. Kurz vor 21 Uhr und die K\u00fcche schlie\u00dft in 5 Minuten. Ganz ehrlich? So war das Essen auch. Die Sp\u00e4tzle ein wenig kalt, auf der Champignonso\u00dfe zu den Medaillons schon etwas Haut. Aber der Kellner war nach der Bestellung super freundlich und es gab noch einen trinkbaren Single-Malt. Den Abend abgeschlossen haben wir im Zimmer auf dem Bett und dem Versuch, noch ein wenig Fu\u00dfball-WM zu schauen. Uns sind aber die Augen zugefallen.<\/p>\n<p style=\"text-align:center;font-size: smaller;\"><embed type=\"application\/x-shockwave-flash\" src=\"https:\/\/photos.gstatic.com\/media\/slideshow.swf\" width=\"470\" height=\"313\"  flashvars=\"host=picasaweb.google.com&#038;hl=de&#038;feat=flashalbum&#038;RGB=0xffffff&#038;feed=https%3A%2F%2Fpicasaweb.google.com%2Fdata%2Ffeed%2Fapi%2Fuser%2F110810198876209309571%2Falbumid%2F6028944676722486785%3Falt%3Drss%26kind%3Dphoto%26hl%3Dde\" pluginspage=\"http:\/\/www.macromedia.com\/go\/getflashplayer\"><\/embed><\/p>\n<h4><a name=\"20\"><\/a>20.06.2014<\/h4>\n<p>Nach dem Fr\u00fchst\u00fcck wurden die R\u00e4der gesattelt und der um die Ecke gelegene Supermarkt aufgesucht, <a href=\"http:\/\/nochmehrsenf.blogspot.de\/2014\/06\/tanken.html\">um die Fl\u00fcssigkeitsreserven aufzuf\u00fcllen<\/a>. Trinken ist ganz wichtig, auch wenn der Himmel mit dicken Wolken kein Sommerwetter verhie\u00df. Ab Kitzingen sind wir nicht die in der Bikeline-Karte ausgewiesene Hauptroute gefahren, sondern sind auf die \u00f6stliche Mainseite gewechselt. So gelangt man ohne an Bundesstra\u00dfen fahren zu m\u00fcssen \u00fcber Mainsondheimnach Schwarzach. Hier hielten wir an der der Benedektiner-Abtei, die uns als Sehensw\u00fcrdigkeit empfohlen wurde. <a href=\"http:\/\/nochmehrsenf.blogspot.de\/2014\/06\/schwarzach.html\">Ja ist gro\u00df<\/a>, zack, weiter.<\/p>\n<p>Hinter Schwarzach kommt fast direkt Sommerach und hier biegt die Hauptroute hinter dem Ort links ab. Es geht einen kleinen Hang hinunter zum Main. Haben wir auch gemacht und kurz darauf festgestellt, dass wenn man sich einfach etwas mehr rechts orientiert h\u00e4tte, man einen super Weg durch die Weinberge der Mainschleife fahren k\u00f6nnte. <a href=\"http:\/\/nochmehrsenf.blogspot.de\/2014\/06\/total-bescheuert.html\">Also bei der n\u00e4chsten M\u00f6glichkeit den H\u00fcgel rauf<\/a>! Ich hatte vor zwei Jahren bei der Festung K\u00f6nigstein schon festgestellt, dass die Nexus 8 nicht f\u00fcr Bergfahrten gemacht ist. Habe ganz sch\u00f6n gepumpt, als wir oben waren. Belohnt wird man allerdings mit einem hervorragenden Blick aus und \u00fcber die Weinberge und den Main im Tal. So sind wir dann immer sch\u00f6n am Hang entlang durch den Wein gefahren und gelangten ungeplant zu <a href=\"http:\/\/www.weinrestaurant-schlosshallburg.de\/\">Schloss Hallburg<\/a>, wo uns ein Biergarten zur Rast einlud und wirklich ausgezeichnete W\u00fcrstchen mit Kartoffelsalat servierten. H\u00e4tten wir ohne unseren Abstecher nicht entdeckt. Lohnt sich also in jedem Fall!<\/p>\n<p>Danach haben wir ganz schnell Volkach, Fahr und Stammheim passiert, bevor der Mainradweg einige Kilometer zwischen Wipfeld und Bergrheinfeld entlang einer Stra\u00dfe verl\u00e4uft. Hier haben wir nur gekurbelt, um voran zu kommen. In Schweinfurt haben wir <a href=\"http:\/\/nochmehrsenf.blogspot.de\/2014\/06\/schweinfurt.html\">nur einen ganz kurzen Halt<\/a> gemacht. Das Wetter war zwar troken, der Wind blies uns aber den ganzen Tag schon von vorne ins Gesicht. Ein bisschen m\u00fcrbe macht das schon. Unsere Laune war trotzdem gut, aber nicht euphorisch: wir wollten zum Hotel. Reingetreten! Von Schweinfurt bis Ha\u00dffurt verl\u00e4uft der Mainradweg entlang der B26. Mainberg, G\u00e4dheim, Ottendorf und Untertheres. Da man nun nicht mehr nach Norden, sondern nach Osten fuhr, kam der Wind nicht mehr von schr\u00e4g vorne, sondern von schr\u00e4g hinten und hat uns und unsere Laune gewaltig angeschoben!<\/p>\n<p>Obertheres, W\u00fclflingen und Ha\u00dffurt. <a href=\"http:\/\/nochmehrsenf.blogspot.de\/2014\/06\/zweite-etappe-beendet.html\">Angekommen<\/a>! Schnell den Gasthof Mainaussicht gesucht und gefunden und das Zimmer bezogen. Die l\u00e4ngste Etappe in diesem Jahr ist beendet. Sehr zu unserer \u00dcberraschung verf\u00fcgte das Zimmer \u00fcber keinen Fernseher. Was unsere Abendplanung bezgl. Fu\u00dfball-WM ein wenig \u00e4nderte. Mussten wir uns ein Restaurant mit einem TV suchen. Im <a href=\"http:\/\/www.mb-hotel.de\/mainfranken-bamberg.html\">Meister-B\u00e4r-Hotel<\/a> wurden wir f\u00fcndig und hatten ein sher gutes Steak, einen gro\u00dfen Fernseher und andere G\u00e4ste, sie sich freuten als wir die Bedienung baten, den Fernseher einzuschalten. Die zweite Halbzeit haben wir allerdings nicht mehr geschaut, sondern uns lieber mit einem Whisky-Cola auf eine Bank an den Main gesetzt und ein wenig erz\u00e4hlt.<\/p>\n<p>Irgendwann fuhr die Polizei recht fix \u00fcber den Parkplatz hinter uns und kurz darauf hielt ein Streifenwagen mit aufgeblendetem Licht hinter uns. Tats\u00e4chlich stiegen ein sehr junger Mann und eine sehr junge Frau aus und wollten unsere Ausweise sehen. Allgemeine Personenkontrolle. Ich war mir gar nicht bewusst, wie ein Strolch auszusehen. Obwohl es nat\u00fcrlich anr\u00fcchig ist, einen 12j\u00e4hrigen Tomatin direkt aus der 0,05-Liter-Flasche zu trinken und kein Nosing-Glas zu benutzen. Noch w\u00e4hrend wir bedauerten, unsere Ausweise auf dem Hotelzimmer gelassen zu haben und anboten diese zu holen, hielten zwei weitere Streifenwagen mit Licht auf uns im Halbkreis um die Bank. Fanden wir recht am\u00fcsant. Als die beiden Polizisten im Gespr\u00e4ch zu dem Schlu\u00df kamen, dass wir wohl doch nicht diejenigen waren, wegen der sie unterwegs waren, bedankte ich mich recht h\u00f6flich daf\u00fcr, dass sie uns f\u00fcr die 25- bis 35-j\u00e4hrigen Gesuchten hielten.<\/p>\n<p>Als die Truppe wieder verschwunden war, wurde uns auch etwas k\u00fchl um die Schultern und wir haben den Abend beendet.<\/p>\n<h4><a name=\"21\"><\/a>21.06.2014<\/h4>\n<p>Aufgestanden, geduscht, angezogen und runter in den Fr\u00fchst\u00fccksraum. N\u00fcchtern eingerichtet und das Buffet um Welten nicht so reichhaltig wie gestern. Genauer: es gab keins ;-) Das Essen stand schon auf dem Tisch. Br\u00f6tchen, Wurst, K\u00e4se und Marmelade. Von allem mehr als ausreichend. Und Kaffee soviel wir wollten. W\u00e4hrend des Essens \u00fcberlegten wir, ob wir ab Ha\u00dffurt die Alternativroute Richtung Sand nehmen. Die w\u00fcrde n\u00e4mlich durch Wiesen f\u00fchren und nicht entlang der B26. War eine kurze Denkphase. In der Innenstadt noch schnell mit Geld versorgt, ein paar Fotos gemacht und dann los.<\/p>\n<p>Die heutige Strecke versprach laut Karte viel Stra\u00dfe. Wir passierten Knetzgau, Sand am Main, Limbach und Eltmann. Alles ganz urig, aber nichts wo wir uns lange aufgehalten h\u00e4tten. Vorankommen war heute angesagt, denn zum einen wollten wir sehr zeitig am Ziel sein, um in Ruhe zu essen und dann das Deutschland-Spiel zu gucken, zum anderen stand Bamberg noch auf dem Programm. Nach Eschenbach kam Dippach und dann Ro\u00dfstadt &#8230; als Lars pl\u00f6tzlich laut &#8222;Schei\u00dfe&#8220; schrie, eine Vollbremsung machte, wendete und sofort in die entgegengesetzte Richtung raste. Der Teddy war weg! Ein kleiner WM-Teddy, der die ganze Zeit vor der Lenkertasche sa\u00df, wahrscheinlich eingeschlafen war und darum den Halt verloren hatte. Mit viel Gl\u00fcck im Ungl\u00fcck fanden wir ihn knapp 3 Kilometer zur\u00fcck auf dem Bauch liegende mitten auf dem Radweg. Tag gerettet! <a href=\"http:\/\/nochmehrsenf.blogspot.de\/2014\/06\/dritter-tag.html\">Darauf erstmal eine Pause<\/a>!<\/p>\n<p>Nachdem wir Trunstadt und Viereth passiert hatten, kamen mit Trosdorf und Bischberg schon die Vororte Bambergs unter die R\u00e4der. Und ehe wir uns versahen, <a href=\"http:\/\/nochmehrsenf.blogspot.de\/2014\/06\/bamberg.html\">standen wir schon in Klein-Venedig<\/a>. W\u00e4hrend der letzten beiden Tage hatte Lars schon von Bamberg geschw\u00e4rmt, war schon oft da um seinen Schwager zu besuchen und machte nun den Stadtf\u00fchrer. Ist wirklich ein h\u00fcbsches St\u00e4dtchen mit verwinkelten Gassen, alten H\u00e4usern, den vielen Kirchen und der Residenz. Mitten auf einem gro\u00dfen Platz habe ich sogar zwei ehemalige Arbeitskollegen getroffen, die eine Flusskreuzfahrt machten. So ein Zufall zwischen den ganzen Japanern! Zu mittag haben wir im <a href=\"http:\/\/www.alt-ringlein.com\/\">Hotel Alt-Ringlein<\/a> gegessen &#8211; was ich hier auch empfehlen kann. Lecker, schnell und freundlich.<\/p>\n<p>Danach wieder in den Sattel kommen war erstmal schwer und die Beine wollten nicht so richtig. Aber was muss, das muss! Durch Hallstadt nach Kemmern f\u00fchrte uns die Route und ich war heilfroh, als ich einen Friedhof sah. Irgendwas dr\u00fcckte mir gewaltig im Verdauungstrakt und ich hatte die letzten Kilometer schon immer rechts und links Ausschau gehalten. Auf Friedh\u00f6fen gibt&#8217;s Kapellen und die haben fast immer Toiletten! Da haben wir uns dann ein wenig aufgehalten ;-) Klappte aber alles ganz gut und die Fahrt konnte ohne Probleme fortgesetzt werden! Breiteng\u00fc\u00dfbach und Rattelsdorf waren die n\u00e4chsten Stationen, ehe wir dann irgendwo im Zapfendorf herum das erste Mal den <a href=\"http:\/\/www.staffelberg.de\/\">Staffelberg<\/a> zu sehen bekamen. Unterleiterbach und Ebensfeld folgten bis wir die Bikeline-Karte zum letzten Mal umbl\u00e4ttern mussten. <a href=\"http:\/\/nochmehrsenf.blogspot.de\/2014\/06\/noch-5-kilometer.html\">Gleich sind wir da<\/a>! Siebzig Kilometer waren geplant, tats\u00e4chlich hatten wir <a href=\"http:\/\/nochmehrsenf.blogspot.de\/2014\/06\/angekommen.html\">fast 77 runter gerissen<\/a>.<\/p>\n<p>Einquartiert haben wir uns &#8222;<a href=\"http:\/\/www.bei-manu.de\/\">bei Manu<\/a>&#8222;, einer Pizzeria mit Gastzimmern in Schlagdistanz zum Bahnhof. Sehr ordentliches Zimmer, Fernseher :-) und freies WLAN. Klasse. UMTS hat O2 in Franken n\u00e4mlich offensichtlich nicht und mit Edge geht mir so ein Smartphone f\u00fcrchterlich auf den Sack. Apropos Bahnhof: Die Bahn hatte sich \u00fcberlegt, an genau diesem Wochenende zwischen Bamberg und Lichtenfels einzustellen und nur Schienenersatzverkehr mit eingeschr\u00e4nkter Fahrradmitnahme anzubieten. Super Idee, kann man mal machen. Besonders an Br\u00fcckentagen oder so &#8230; da ist ja wirklich niemand unterwegs. Nach ein wenig telefonieren und Recherche im Internet, war aber klar, dass wir dann am n\u00e4chsten Morgen eben noch mal die 8 Kilometer nach Lichtenfels radeln w\u00fcrden und dort um 10 Uhr einen Zug nach Hause nehmen. Fahren wir eben die andere Runde.<\/p>\n<p>Beruhigt konnte das Abendessen bestellt werden. Die Pizza war ausgezeichnet, echt jetzt. Super lecker. Auch angenehm drau\u00dfen sitzen konnten wir, trotzdem das Resturant direkt an der Hauptstra\u00dfe durch den Ort liegt. Anschlie\u00dfend noch etwas chillen auf dem Zimmer, bevor es zum &#8222;Public Viewing&#8220; im &#8222;<a href=\"http:\/\/www.formula-inn.de\/\">Formula-Inn<\/a>&#8222;. Mir war schon vor Anpfiff klar, dass das nichts f\u00fcr mich ist. War so ein LED-Gro\u00dfbildleinwandding und die Aufl\u00f6sung war sicher schlechter als von meinem C25 Handy damals. Kaum was zu erkennen. Dazu eine Besucherschar, die sicher zu einem Drittel kein Interesse am Spiel hatte und physisch auch gar nicht mehr in der Lage war, diesem zu folgen. Machten das aber durch lautstarkes Gegr\u00f6hle oder im-Bild-stehen wett. Nenene. Bis zur Mitte der ersten Halbzeit habe ich ausgehalten, dann bin ich &#8222;rein&#8220; gegangen an die Theke. Dort war es zwar auch voll, aber ruhiger und das Bild wurde von einem HD-Beamer auf die Leinwand geworfen! Viel besser.<\/p>\n<p>Zur zweiten Halbzeit hat Lars das auch eingesehen und kam nach drinnen. Leider war das Spiel ergebnism\u00e4\u00dfig ja nicht so, wie wir uns das gew\u00fcnscht haben. Haben danach trotzdem noch &#8230; \u00e4h &#8230; ordentlich gefeiert!<\/p>\n<h4><a name=\"22\"><\/a>22.06.2014<\/h4>\n<p>Um 10 ging der Zug in Lichtenfels, gepackt hatten wir gestern schon, so dass wir &#8222;nur&#8220; zeitig aufstehen und fr\u00fchst\u00fccken mussten. Ehrlich gesagt fiel uns das beiden nicht leicht. Wir sind zu alt f\u00fcr so&#8217;n Schei\u00df ;-) Trotzdem sind wir irgendwie um kurz nach 8 in den Fr\u00fchst\u00fccksraum gelangt. Mehr als ein Br\u00f6tchen ging bei mir aber nicht. Habe mir daf\u00fcr zwei hartgekochte Eier als Proviant mitgenommen. Und danach sa\u00dfen wir auch schon im Sattel um die letzte Mini-Etappe f\u00fcr dieses Jahr runter zu pedalieren. Lichtenfels ist echt nur ein Katzensprung. Karten gekauft und dann kam auch der Zug. Sieben Stunden und 5 mal Umsteigen standen auf dem Plan und wider Erwarten hat das auch halbwegs reibungslos funktioniert. In Bad Oeynhausen wurden wir schon von Alex und Nachwuchs 2.0 sowie 1.0 erwartet.<\/p>\n<p>Finis. F\u00fcr dieses Jahr &#8230; n\u00e4chstes Jahr dann vielleicht die <a href=\"http:\/\/lahn-radweg.de\/\">Lahn<\/a>?<\/p>\n","protected":false},"excerpt":{"rendered":"<p>Daten der Tour: 19.06.2014Karlstadt (12:03) bis Kitzingen (19:02):68,8 Km gefahren31,2 Km\/h max.16,6 Km\/h Schnitt4:08:49 in Bewegung185 H\u00f6henmeter 20.06.2014Kitzingen (10:01) bis Ha\u00dffurt (19:12):85,1 Km gefahren44,6 Km\/h max.16,2 Km\/h Schnitt5:14:32 in Bewegung289 H\u00f6henmeter 21.06.2014Ha\u00dffurt (8:59) bis Bad Staffelstein (16:55):76,9 Km gefahren38,2 Km\/h &hellip;<\/p>\n<p class=\"read-more\"> <a class=\"more-link\" href=\"https:\/\/www.andreas-edler.de\/blog\/radtouren\/mainradweg-karlstadt-bis-lichtenfels\/\"> <span class=\"screen-reader-text\">Mainradweg &#8211; Karlstadt bis Lichtenfels &#8211; 2014<\/span> Weiterlesen &raquo;<\/a><\/p>\n","protected":false},"author":1,"featured_media":0,"parent":7485,"menu_order":6,"comment_status":"open","ping_status":"open","template":"","meta":{"ngg_post_thumbnail":0,"activitypub_content_warning":"","activitypub_content_visibility":"","activitypub_max_image_attachments":2,"activitypub_interaction_policy_quote":"anyone","activitypub_status":"","footnotes":""},"class_list":["post-105383","page","type-page","status-publish","hentry"],"_links":{"self":[{"href":"https:\/\/www.andreas-edler.de\/blog\/wp-json\/wp\/v2\/pages\/105383","targetHints":{"allow":["GET"]}}],"collection":[{"href":"https:\/\/www.andreas-edler.de\/blog\/wp-json\/wp\/v2\/pages"}],"about":[{"href":"https:\/\/www.andreas-edler.de\/blog\/wp-json\/wp\/v2\/types\/page"}],"author":[{"embeddable":true,"href":"https:\/\/www.andreas-edler.de\/blog\/wp-json\/wp\/v2\/users\/1"}],"replies":[{"embeddable":true,"href":"https:\/\/www.andreas-edler.de\/blog\/wp-json\/wp\/v2\/comments?post=105383"}],"version-history":[{"count":0,"href":"https:\/\/www.andreas-edler.de\/blog\/wp-json\/wp\/v2\/pages\/105383\/revisions"}],"up":[{"embeddable":true,"href":"https:\/\/www.andreas-edler.de\/blog\/wp-json\/wp\/v2\/pages\/7485"}],"wp:attachment":[{"href":"https:\/\/www.andreas-edler.de\/blog\/wp-json\/wp\/v2\/media?parent=105383"}],"curies":[{"name":"wp","href":"https:\/\/api.w.org\/{rel}","templated":true}]}}